{"id":138,"date":"2025-10-20T06:27:09","date_gmt":"2025-10-20T06:27:09","guid":{"rendered":"https:\/\/photo-detector.com\/?page_id=138"},"modified":"2026-01-30T06:43:11","modified_gmt":"2026-01-30T06:43:11","slug":"nachrichten-blogs","status":"publish","type":"page","link":"https:\/\/photo-detector.com\/de\/nachrichten-blogs\/","title":{"rendered":"NEWS &amp; BLOGS"},"content":{"rendered":"<div data-elementor-type=\"wp-page\" data-elementor-id=\"138\" class=\"elementor elementor-138\" data-elementor-post-type=\"page\">\n\t\t\t\t<div class=\"elementor-element elementor-element-2e7af3d4 e-flex e-con-boxed e-con e-parent\" data-id=\"2e7af3d4\" data-element_type=\"container\" data-settings=\"{&quot;background_background&quot;:&quot;classic&quot;}\">\n\t\t\t\t\t<div class=\"e-con-inner\">\n\t\t<div class=\"elementor-element elementor-element-12c30e73 e-flex e-con-boxed e-con e-child\" data-id=\"12c30e73\" data-element_type=\"container\">\n\t\t\t\t\t<div class=\"e-con-inner\">\n\t\t\t\t<div class=\"elementor-element elementor-element-23e2db95 elementor-widget elementor-widget-heading\" data-id=\"23e2db95\" data-element_type=\"widget\" data-widget_type=\"heading.default\">\n\t\t\t\t\t<h1 class=\"elementor-heading-title elementor-size-default\">Nachrichten &amp; Blogs<\/h1>\t\t\t\t<\/div>\n\t\t\t\t<div class=\"elementor-element elementor-element-da4bad8 elementor-widget elementor-widget-text-editor\" data-id=\"da4bad8\" data-element_type=\"widget\" data-widget_type=\"text-editor.default\">\n\t\t\t\t\t\t\t\t\t<p>Ein technischer Leitfaden zur Auswahl der besten Fotodiode. Erfahren Sie mehr \u00fcber wichtige Parameter wie spektrale Empfindlichkeit, Anstiegszeit und Dunkelstrom, um Ihr Design zu optimieren.<\/p>\t\t\t\t\t\t\t\t<\/div>\n\t\t\t\t\t<\/div>\n\t\t\t\t<\/div>\n\t\t\t\t\t<\/div>\n\t\t\t\t<\/div>\n\t\t<div class=\"elementor-element elementor-element-3ba12a28 e-flex e-con-boxed e-con e-parent\" data-id=\"3ba12a28\" data-element_type=\"container\" data-settings=\"{&quot;background_background&quot;:&quot;classic&quot;}\">\n\t\t\t\t\t<div class=\"e-con-inner\">\n\t\t\t\t<div class=\"elementor-element elementor-element-7282506 elementor-grid-3 elementor-grid-tablet-2 elementor-grid-mobile-1 elementor-posts--thumbnail-top elementor-card-shadow-yes elementor-posts__hover-gradient elementor-widget elementor-widget-posts\" data-id=\"7282506\" data-element_type=\"widget\" data-settings=\"{&quot;pagination_type&quot;:&quot;numbers_and_prev_next&quot;,&quot;cards_columns&quot;:&quot;3&quot;,&quot;cards_columns_tablet&quot;:&quot;2&quot;,&quot;cards_columns_mobile&quot;:&quot;1&quot;,&quot;cards_row_gap&quot;:{&quot;unit&quot;:&quot;px&quot;,&quot;size&quot;:35,&quot;sizes&quot;:[]},&quot;cards_row_gap_tablet&quot;:{&quot;unit&quot;:&quot;px&quot;,&quot;size&quot;:&quot;&quot;,&quot;sizes&quot;:[]},&quot;cards_row_gap_mobile&quot;:{&quot;unit&quot;:&quot;px&quot;,&quot;size&quot;:&quot;&quot;,&quot;sizes&quot;:[]}}\" data-widget_type=\"posts.cards\">\n\t\t\t\t<div class=\"elementor-widget-container\">\n\t\t\t\t\t\t\t<div class=\"elementor-posts-container elementor-posts elementor-posts--skin-cards elementor-grid\" role=\"list\">\n\t\t\t\t<article class=\"elementor-post elementor-grid-item post-1856 post type-post status-publish format-standard has-post-thumbnail hentry category-si-pin-photodiodes tag-pcb-component-selection tag-smd-vs-through-hole-photodiode\" role=\"listitem\">\n\t\t\t<div class=\"elementor-post__card\">\n\t\t\t\t<a class=\"elementor-post__thumbnail__link\" href=\"https:\/\/photo-detector.com\/de\/smd-vs-durchgangsloch-fotodiode\/\" tabindex=\"-1\" target=\"_blank\"><div class=\"elementor-post__thumbnail\"><img fetchpriority=\"high\" decoding=\"async\" width=\"300\" height=\"201\" src=\"https:\/\/photo-detector.com\/wp-content\/uploads\/2026\/04\/smd-vs-through-hole-photodiode-300x201.webp\" class=\"attachment-medium size-medium wp-image-1858\" alt=\"Vergleich zwischen SMD- und Durchgangsloch-Fotodiodengeh\u00e4use auf PCB\" srcset=\"https:\/\/photo-detector.com\/wp-content\/uploads\/2026\/04\/smd-vs-through-hole-photodiode-300x201.webp 300w, https:\/\/photo-detector.com\/wp-content\/uploads\/2026\/04\/smd-vs-through-hole-photodiode-1024x687.webp 1024w, https:\/\/photo-detector.com\/wp-content\/uploads\/2026\/04\/smd-vs-through-hole-photodiode-768x515.webp 768w, https:\/\/photo-detector.com\/wp-content\/uploads\/2026\/04\/smd-vs-through-hole-photodiode-18x12.webp 18w, https:\/\/photo-detector.com\/wp-content\/uploads\/2026\/04\/smd-vs-through-hole-photodiode-600x403.webp 600w, https:\/\/photo-detector.com\/wp-content\/uploads\/2026\/04\/smd-vs-through-hole-photodiode.webp 1264w\" sizes=\"(max-width: 300px) 100vw, 300px\" \/><\/div><\/a>\n\t\t\t\t<div class=\"elementor-post__badge\">Si-PIN-Fotodioden<\/div>\n\t\t\t\t<div class=\"elementor-post__text\">\n\t\t\t\t<h3 class=\"elementor-post__title\">\n\t\t\t<a href=\"https:\/\/photo-detector.com\/de\/smd-vs-durchgangsloch-fotodiode\/\" target=\"&quot;_blank&quot;\">\n\t\t\t\tDurchgangsbohrung vs. SMD-Fotodioden: Was ist besser f\u00fcr Ihre Leiterplatte?\t\t\t<\/a>\n\t\t<\/h3>\n\t\t\t\t<div class=\"elementor-post__excerpt\">\n\t\t\t<p>Wenn Sie als Hardware-Ingenieur Ihr n\u00e4chstes PCB-Layout skizzieren, haben Sie wahrscheinlich den Moment erreicht, in dem Sie innehalten und sich fragen - soll ich<\/p>\n\t\t<\/div>\n\t\t\t\t\t<div class=\"elementor-post__read-more-wrapper\">\n\t\t\n\t\t<a class=\"elementor-post__read-more\" href=\"https:\/\/photo-detector.com\/de\/smd-vs-durchgangsloch-fotodiode\/\" aria-label=\"Read more about Through-Hole vs. SMD Photodiodes: Which is Better for Your PCB?\" tabindex=\"-1\" target=\"_blank\">\n\t\t\tMehr lesen \u00bb\t\t<\/a>\n\n\t\t\t\t\t<\/div>\n\t\t\t\t<\/div>\n\t\t\t\t<div class=\"elementor-post__meta-data\">\n\t\t\t\t\t<span class=\"elementor-post-author\">\n\t\t\tBienen-Photon\t\t<\/span>\n\t\t\t\t<span class=\"elementor-post-date\">\n\t\t\tApril 17, 2026\t\t<\/span>\n\t\t\t\t<\/div>\n\t\t\t\t\t<\/div>\n\t\t<\/article>\n\t\t\t\t<article class=\"elementor-post elementor-grid-item post-1851 post type-post status-publish format-standard has-post-thumbnail hentry category-si-pin-photodiodes tag-high-speed-lidar-photodiodes tag-nir-optimized-si-pin-photodiodes tag-reliable-lidar-signal-detection tag-si-pin-lidar-photodiodes tag-sports-tracking-array\" role=\"listitem\">\n\t\t\t<div class=\"elementor-post__card\">\n\t\t\t\t<a class=\"elementor-post__thumbnail__link\" href=\"https:\/\/photo-detector.com\/de\/lidar-photodioden-2\/\" tabindex=\"-1\" target=\"_blank\"><div class=\"elementor-post__thumbnail\"><img decoding=\"async\" width=\"300\" height=\"201\" src=\"https:\/\/photo-detector.com\/wp-content\/uploads\/2026\/04\/lidar-photodiodes-2-300x201.webp\" class=\"attachment-medium size-medium wp-image-1854\" alt=\"Si-PIN-LiDAR-Photodioden in einem Sport-Tracking-Array zur Echtzeit-\u00dcberwachung der Leistung von Sportlern\" srcset=\"https:\/\/photo-detector.com\/wp-content\/uploads\/2026\/04\/lidar-photodiodes-2-300x201.webp 300w, https:\/\/photo-detector.com\/wp-content\/uploads\/2026\/04\/lidar-photodiodes-2-1024x687.webp 1024w, https:\/\/photo-detector.com\/wp-content\/uploads\/2026\/04\/lidar-photodiodes-2-768x515.webp 768w, https:\/\/photo-detector.com\/wp-content\/uploads\/2026\/04\/lidar-photodiodes-2-1536x1030.webp 1536w, https:\/\/photo-detector.com\/wp-content\/uploads\/2026\/04\/lidar-photodiodes-2-2048x1374.webp 2048w, https:\/\/photo-detector.com\/wp-content\/uploads\/2026\/04\/lidar-photodiodes-2-18x12.webp 18w, https:\/\/photo-detector.com\/wp-content\/uploads\/2026\/04\/lidar-photodiodes-2-600x403.webp 600w\" sizes=\"(max-width: 300px) 100vw, 300px\" \/><\/div><\/a>\n\t\t\t\t<div class=\"elementor-post__badge\">Si-PIN-Fotodioden<\/div>\n\t\t\t\t<div class=\"elementor-post__text\">\n\t\t\t\t<h3 class=\"elementor-post__title\">\n\t\t\t<a href=\"https:\/\/photo-detector.com\/de\/lidar-photodioden-2\/\" target=\"&quot;_blank&quot;\">\n\t\t\t\tLiDAR-Photodioden f\u00fcr die Echtzeit-Leistungsverfolgung von Sportlern\t\t\t<\/a>\n\t\t<\/h3>\n\t\t\t\t<div class=\"elementor-post__excerpt\">\n\t\t\t<p>Sie wissen, wie frustrierend es ist, wenn Ihr Tracking-System mitten im Spiel die Daten verliert oder die Zahlen im Stadionlicht einfach nicht stimmen. Das ist der Punkt<\/p>\n\t\t<\/div>\n\t\t\t\t\t<div class=\"elementor-post__read-more-wrapper\">\n\t\t\n\t\t<a class=\"elementor-post__read-more\" href=\"https:\/\/photo-detector.com\/de\/lidar-photodioden-2\/\" aria-label=\"Read more about LiDAR Photodiodes for Real-Time Athlete Performance Tracking\" tabindex=\"-1\" target=\"_blank\">\n\t\t\tMehr lesen \u00bb\t\t<\/a>\n\n\t\t\t\t\t<\/div>\n\t\t\t\t<\/div>\n\t\t\t\t<div class=\"elementor-post__meta-data\">\n\t\t\t\t\t<span class=\"elementor-post-author\">\n\t\t\tBienen-Photon\t\t<\/span>\n\t\t\t\t<span class=\"elementor-post-date\">\n\t\t\tApril 16, 2026\t\t<\/span>\n\t\t\t\t<\/div>\n\t\t\t\t\t<\/div>\n\t\t<\/article>\n\t\t\t\t<article class=\"elementor-post elementor-grid-item post-1846 post type-post status-publish format-standard has-post-thumbnail hentry category-si-pin-photodiodes tag-optical-sensors-in-winter-sports-equipment tag-si-pin-photodiodes-for-optical-sensors tag-wind-tunnel-setup-with-optical-sensors tag-winter-sports-equipment-analytics\" role=\"listitem\">\n\t\t\t<div class=\"elementor-post__card\">\n\t\t\t\t<a class=\"elementor-post__thumbnail__link\" href=\"https:\/\/photo-detector.com\/de\/optische-sensoren-in-wintersportgeraten\/\" tabindex=\"-1\" target=\"_blank\"><div class=\"elementor-post__thumbnail\"><img decoding=\"async\" width=\"300\" height=\"201\" src=\"https:\/\/photo-detector.com\/wp-content\/uploads\/2026\/04\/optical-sensors-in-winter-sports-equipment-300x201.webp\" class=\"attachment-medium size-medium wp-image-1848\" alt=\"Si-PIN-Photodioden f\u00fcr optische Sensoren in der Analytik von Wintersportger\u00e4ten\" srcset=\"https:\/\/photo-detector.com\/wp-content\/uploads\/2026\/04\/optical-sensors-in-winter-sports-equipment-300x201.webp 300w, https:\/\/photo-detector.com\/wp-content\/uploads\/2026\/04\/optical-sensors-in-winter-sports-equipment-1024x687.webp 1024w, https:\/\/photo-detector.com\/wp-content\/uploads\/2026\/04\/optical-sensors-in-winter-sports-equipment-768x515.webp 768w, https:\/\/photo-detector.com\/wp-content\/uploads\/2026\/04\/optical-sensors-in-winter-sports-equipment-18x12.webp 18w, https:\/\/photo-detector.com\/wp-content\/uploads\/2026\/04\/optical-sensors-in-winter-sports-equipment-600x403.webp 600w, https:\/\/photo-detector.com\/wp-content\/uploads\/2026\/04\/optical-sensors-in-winter-sports-equipment.webp 1264w\" sizes=\"(max-width: 300px) 100vw, 300px\" \/><\/div><\/a>\n\t\t\t\t<div class=\"elementor-post__badge\">Si-PIN-Fotodioden<\/div>\n\t\t\t\t<div class=\"elementor-post__text\">\n\t\t\t\t<h3 class=\"elementor-post__title\">\n\t\t\t<a href=\"https:\/\/photo-detector.com\/de\/optische-sensoren-in-wintersportgeraten\/\" target=\"&quot;_blank&quot;\">\n\t\t\t\tOptische Sensoren in Wintersportger\u00e4ten: Das Geheimnis intelligenter Analytik und schnellerer Zeiten\t\t\t<\/a>\n\t\t<\/h3>\n\t\t\t\t<div class=\"elementor-post__excerpt\">\n\t\t\t<p>Wenn Sie knietief in der Entwicklung von Wintersportausr\u00fcstung stecken oder Tests f\u00fcr ein Forschungslabor durchf\u00fchren, kennen Sie bereits den Unterschied zwischen guten Daten und bahnbrechenden<\/p>\n\t\t<\/div>\n\t\t\t\t\t<div class=\"elementor-post__read-more-wrapper\">\n\t\t\n\t\t<a class=\"elementor-post__read-more\" href=\"https:\/\/photo-detector.com\/de\/optische-sensoren-in-wintersportgeraten\/\" aria-label=\"Read more about Optical Sensors in Winter Sports Equipment: The Secret Behind Smarter Analytics and Faster Times\" tabindex=\"-1\" target=\"_blank\">\n\t\t\tMehr lesen \u00bb\t\t<\/a>\n\n\t\t\t\t\t<\/div>\n\t\t\t\t<\/div>\n\t\t\t\t<div class=\"elementor-post__meta-data\">\n\t\t\t\t\t<span class=\"elementor-post-author\">\n\t\t\tBienen-Photon\t\t<\/span>\n\t\t\t\t<span class=\"elementor-post-date\">\n\t\t\tApril 15, 2026\t\t<\/span>\n\t\t\t\t<\/div>\n\t\t\t\t\t<\/div>\n\t\t<\/article>\n\t\t\t\t<article class=\"elementor-post elementor-grid-item post-1841 post type-post status-publish format-standard has-post-thumbnail hentry category-si-pin-photodiodes tag-custom-photodiode-arrays tag-high-end-broadcasting-cameras tag-si-pin-sensor-array\" role=\"listitem\">\n\t\t\t<div class=\"elementor-post__card\">\n\t\t\t\t<a class=\"elementor-post__thumbnail__link\" href=\"https:\/\/photo-detector.com\/de\/kundenspezifische-photodiodenarrays\/\" tabindex=\"-1\" target=\"_blank\"><div class=\"elementor-post__thumbnail\"><img loading=\"lazy\" decoding=\"async\" width=\"300\" height=\"201\" src=\"https:\/\/photo-detector.com\/wp-content\/uploads\/2026\/04\/custom-photodiode-arrays-300x201.webp\" class=\"attachment-medium size-medium wp-image-1843\" alt=\"Kundenspezifische Fotodioden-Arrays Si-PIN-Sensor-Array f\u00fcr High-End-\u00dcbertragungskameras\" srcset=\"https:\/\/photo-detector.com\/wp-content\/uploads\/2026\/04\/custom-photodiode-arrays-300x201.webp 300w, https:\/\/photo-detector.com\/wp-content\/uploads\/2026\/04\/custom-photodiode-arrays-1024x687.webp 1024w, https:\/\/photo-detector.com\/wp-content\/uploads\/2026\/04\/custom-photodiode-arrays-768x515.webp 768w, https:\/\/photo-detector.com\/wp-content\/uploads\/2026\/04\/custom-photodiode-arrays-18x12.webp 18w, https:\/\/photo-detector.com\/wp-content\/uploads\/2026\/04\/custom-photodiode-arrays-600x403.webp 600w, https:\/\/photo-detector.com\/wp-content\/uploads\/2026\/04\/custom-photodiode-arrays.webp 1264w\" sizes=\"(max-width: 300px) 100vw, 300px\" \/><\/div><\/a>\n\t\t\t\t<div class=\"elementor-post__badge\">Si-PIN-Fotodioden<\/div>\n\t\t\t\t<div class=\"elementor-post__text\">\n\t\t\t\t<h3 class=\"elementor-post__title\">\n\t\t\t<a href=\"https:\/\/photo-detector.com\/de\/kundenspezifische-photodiodenarrays\/\" target=\"&quot;_blank&quot;\">\n\t\t\t\tKundenspezifische Photodioden-Arrays f\u00fcr High-End-Rundfunkger\u00e4te\t\t\t<\/a>\n\t\t<\/h3>\n\t\t\t\t<div class=\"elementor-post__excerpt\">\n\t\t\t<p>Wenn Sie eine Kamerafabrik betreiben, die Ausr\u00fcstung f\u00fcr die gro\u00dfen Ligen liefert - denken Sie an das Finale der Fu\u00dfballweltmeisterschaft oder den Super Bowl am Sonntag -, kennen Sie den Druck bereits. Eine verschwommene<\/p>\n\t\t<\/div>\n\t\t\t\t\t<div class=\"elementor-post__read-more-wrapper\">\n\t\t\n\t\t<a class=\"elementor-post__read-more\" href=\"https:\/\/photo-detector.com\/de\/kundenspezifische-photodiodenarrays\/\" aria-label=\"Read more about Custom Photodiode Arrays for High-End Broadcasting Equipment\" tabindex=\"-1\" target=\"_blank\">\n\t\t\tMehr lesen \u00bb\t\t<\/a>\n\n\t\t\t\t\t<\/div>\n\t\t\t\t<\/div>\n\t\t\t\t<div class=\"elementor-post__meta-data\">\n\t\t\t\t\t<span class=\"elementor-post-author\">\n\t\t\tBienen-Photon\t\t<\/span>\n\t\t\t\t<span class=\"elementor-post-date\">\n\t\t\tApril 14, 2026\t\t<\/span>\n\t\t\t\t<\/div>\n\t\t\t\t\t<\/div>\n\t\t<\/article>\n\t\t\t\t<article class=\"elementor-post elementor-grid-item post-1835 post type-post status-publish format-standard has-post-thumbnail hentry category-ingaas-pin-photodiodes tag-fast-response-ingaas-detectors tag-laser-ranging-receivers\" role=\"listitem\">\n\t\t\t<div class=\"elementor-post__card\">\n\t\t\t\t<a class=\"elementor-post__thumbnail__link\" href=\"https:\/\/photo-detector.com\/de\/ingasdetektoren\/\" tabindex=\"-1\" target=\"_blank\"><div class=\"elementor-post__thumbnail\"><img loading=\"lazy\" decoding=\"async\" width=\"300\" height=\"201\" src=\"https:\/\/photo-detector.com\/wp-content\/uploads\/2026\/04\/ingaas-detectors-300x201.webp\" class=\"attachment-medium size-medium wp-image-1839\" alt=\"schnell ansprechende InGaAs-Detektoren auf einer Empf\u00e4ngerplatine f\u00fcr Laserentfernungsmessungen\" srcset=\"https:\/\/photo-detector.com\/wp-content\/uploads\/2026\/04\/ingaas-detectors-300x201.webp 300w, https:\/\/photo-detector.com\/wp-content\/uploads\/2026\/04\/ingaas-detectors-1024x687.webp 1024w, https:\/\/photo-detector.com\/wp-content\/uploads\/2026\/04\/ingaas-detectors-768x515.webp 768w, https:\/\/photo-detector.com\/wp-content\/uploads\/2026\/04\/ingaas-detectors-18x12.webp 18w, https:\/\/photo-detector.com\/wp-content\/uploads\/2026\/04\/ingaas-detectors-600x403.webp 600w, https:\/\/photo-detector.com\/wp-content\/uploads\/2026\/04\/ingaas-detectors.webp 1264w\" sizes=\"(max-width: 300px) 100vw, 300px\" \/><\/div><\/a>\n\t\t\t\t<div class=\"elementor-post__badge\">InGaAs-PIN-Fotodioden<\/div>\n\t\t\t\t<div class=\"elementor-post__text\">\n\t\t\t\t<h3 class=\"elementor-post__title\">\n\t\t\t<a href=\"https:\/\/photo-detector.com\/de\/ingasdetektoren\/\" target=\"&quot;_blank&quot;\">\n\t\t\t\tSchnell ansprechende InGaAs-Detektoren f\u00fcr Laser-Entfernungsempf\u00e4nger\t\t\t<\/a>\n\t\t<\/h3>\n\t\t\t\t<div class=\"elementor-post__excerpt\">\n\t\t\t<p>Wenn Sie sich mit dem Bau von Laser-Entfernungsmessern f\u00fcr Golfpl\u00e4tze oder f\u00fcr die Schwerindustrie besch\u00e4ftigen, wissen Sie bereits, dass der Empf\u00e4nger der entscheidende Teil ist. Das ist der Punkt<\/p>\n\t\t<\/div>\n\t\t\t\t\t<div class=\"elementor-post__read-more-wrapper\">\n\t\t\n\t\t<a class=\"elementor-post__read-more\" href=\"https:\/\/photo-detector.com\/de\/ingasdetektoren\/\" aria-label=\"Read more about Fast Response InGaAs Detectors for Laser Ranging Receivers\" tabindex=\"-1\" target=\"_blank\">\n\t\t\tMehr lesen \u00bb\t\t<\/a>\n\n\t\t\t\t\t<\/div>\n\t\t\t\t<\/div>\n\t\t\t\t<div class=\"elementor-post__meta-data\">\n\t\t\t\t\t<span class=\"elementor-post-author\">\n\t\t\tBienen-Photon\t\t<\/span>\n\t\t\t\t<span class=\"elementor-post-date\">\n\t\t\tApril 13, 2026\t\t<\/span>\n\t\t\t\t<\/div>\n\t\t\t\t\t<\/div>\n\t\t<\/article>\n\t\t\t\t<article class=\"elementor-post elementor-grid-item post-1832 post type-post status-publish format-standard has-post-thumbnail hentry category-light-source tag-custom-light-sources tag-infrared-3d-tracking-systems\" role=\"listitem\">\n\t\t\t<div class=\"elementor-post__card\">\n\t\t\t\t<a class=\"elementor-post__thumbnail__link\" href=\"https:\/\/photo-detector.com\/de\/benutzerdefinierte-infrarot-leds-fur-3d-tracking\/\" tabindex=\"-1\" target=\"_blank\"><div class=\"elementor-post__thumbnail\"><img loading=\"lazy\" decoding=\"async\" width=\"300\" height=\"201\" src=\"https:\/\/photo-detector.com\/wp-content\/uploads\/2026\/04\/custom-infrared-leds-for-3d-tracking-300x201.webp\" class=\"attachment-medium size-medium wp-image-1833\" alt=\"Kundenspezifische Infrarot-LEDs f\u00fcr 3D-Tracking | BeePhoton\" srcset=\"https:\/\/photo-detector.com\/wp-content\/uploads\/2026\/04\/custom-infrared-leds-for-3d-tracking-300x201.webp 300w, https:\/\/photo-detector.com\/wp-content\/uploads\/2026\/04\/custom-infrared-leds-for-3d-tracking-1024x687.webp 1024w, https:\/\/photo-detector.com\/wp-content\/uploads\/2026\/04\/custom-infrared-leds-for-3d-tracking-768x515.webp 768w, https:\/\/photo-detector.com\/wp-content\/uploads\/2026\/04\/custom-infrared-leds-for-3d-tracking-18x12.webp 18w, https:\/\/photo-detector.com\/wp-content\/uploads\/2026\/04\/custom-infrared-leds-for-3d-tracking-600x403.webp 600w, https:\/\/photo-detector.com\/wp-content\/uploads\/2026\/04\/custom-infrared-leds-for-3d-tracking.webp 1264w\" sizes=\"(max-width: 300px) 100vw, 300px\" \/><\/div><\/a>\n\t\t\t\t<div class=\"elementor-post__badge\">Lichtquelle<\/div>\n\t\t\t\t<div class=\"elementor-post__text\">\n\t\t\t\t<h3 class=\"elementor-post__title\">\n\t\t\t<a href=\"https:\/\/photo-detector.com\/de\/benutzerdefinierte-infrarot-leds-fur-3d-tracking\/\" target=\"&quot;_blank&quot;\">\n\t\t\t\tBenutzerdefinierte Infrarot-LEDs f\u00fcr 3D-Tracking: Warum sie der intelligente Schalter f\u00fcr Ihr n\u00e4chstes Projekt sind\t\t\t<\/a>\n\t\t<\/h3>\n\t\t\t\t<div class=\"elementor-post__excerpt\">\n\t\t\t<p>Wenn Sie sich mit der Entwicklung von Ger\u00e4ten f\u00fcr die somatosensorische Interaktion oder von 3D-Erfassungsger\u00e4ten besch\u00e4ftigen, kennen Sie den Schmerz bereits. Diese Laserdioden st\u00f6ren st\u00e4ndig<\/p>\n\t\t<\/div>\n\t\t\t\t\t<div class=\"elementor-post__read-more-wrapper\">\n\t\t\n\t\t<a class=\"elementor-post__read-more\" href=\"https:\/\/photo-detector.com\/de\/benutzerdefinierte-infrarot-leds-fur-3d-tracking\/\" aria-label=\"Read more about Custom Infrared LEDs for 3D Tracking: Why They\u2019re the Smart Switch for Your Next Project\" tabindex=\"-1\" target=\"_blank\">\n\t\t\tMehr lesen \u00bb\t\t<\/a>\n\n\t\t\t\t\t<\/div>\n\t\t\t\t<\/div>\n\t\t\t\t<div class=\"elementor-post__meta-data\">\n\t\t\t\t\t<span class=\"elementor-post-author\">\n\t\t\tBienen-Photon\t\t<\/span>\n\t\t\t\t<span class=\"elementor-post-date\">\n\t\t\tApril 10, 2026\t\t<\/span>\n\t\t\t\t<\/div>\n\t\t\t\t\t<\/div>\n\t\t<\/article>\n\t\t\t\t<\/div>\n\t\t\n\t\t\t\t<div class=\"e-load-more-anchor\" data-page=\"1\" data-max-page=\"25\" data-next-page=\"https:\/\/photo-detector.com\/wp-json\/wp\/v2\/pages\/138\/page\/2\/\"><\/div>\n\t\t\t\t<nav class=\"elementor-pagination\" aria-label=\"Pagination\">\n\t\t\t<span class=\"page-numbers prev\">\u00ab Vorherige<\/span>\n<span aria-current=\"page\" class=\"page-numbers current\"><span class=\"elementor-screen-only\">Page<\/span>1<\/span>\n<a class=\"page-numbers\" href=\"https:\/\/photo-detector.com\/wp-json\/wp\/v2\/pages\/138\/page\/2\/\"><span class=\"elementor-screen-only\">Page<\/span>2<\/a>\n<a class=\"page-numbers\" href=\"https:\/\/photo-detector.com\/wp-json\/wp\/v2\/pages\/138\/page\/3\/\"><span class=\"elementor-screen-only\">Page<\/span>3<\/a>\n<a class=\"page-numbers\" href=\"https:\/\/photo-detector.com\/wp-json\/wp\/v2\/pages\/138\/page\/4\/\"><span class=\"elementor-screen-only\">Page<\/span>4<\/a>\n<a class=\"page-numbers\" href=\"https:\/\/photo-detector.com\/wp-json\/wp\/v2\/pages\/138\/page\/5\/\"><span class=\"elementor-screen-only\">Page<\/span>5<\/a>\n<a class=\"page-numbers\" href=\"https:\/\/photo-detector.com\/wp-json\/wp\/v2\/pages\/138\/page\/6\/\"><span class=\"elementor-screen-only\">Page<\/span>6<\/a>\n<a class=\"page-numbers\" href=\"https:\/\/photo-detector.com\/wp-json\/wp\/v2\/pages\/138\/page\/7\/\"><span class=\"elementor-screen-only\">Page<\/span>7<\/a>\n<a class=\"page-numbers\" href=\"https:\/\/photo-detector.com\/wp-json\/wp\/v2\/pages\/138\/page\/8\/\"><span class=\"elementor-screen-only\">Page<\/span>8<\/a>\n<a class=\"page-numbers\" href=\"https:\/\/photo-detector.com\/wp-json\/wp\/v2\/pages\/138\/page\/9\/\"><span class=\"elementor-screen-only\">Page<\/span>9<\/a>\n<a class=\"page-numbers\" href=\"https:\/\/photo-detector.com\/wp-json\/wp\/v2\/pages\/138\/page\/10\/\"><span class=\"elementor-screen-only\">Page<\/span>10<\/a>\n<a class=\"page-numbers\" href=\"https:\/\/photo-detector.com\/wp-json\/wp\/v2\/pages\/138\/page\/11\/\"><span class=\"elementor-screen-only\">Page<\/span>11<\/a>\n<a class=\"page-numbers\" href=\"https:\/\/photo-detector.com\/wp-json\/wp\/v2\/pages\/138\/page\/12\/\"><span class=\"elementor-screen-only\">Page<\/span>12<\/a>\n<a class=\"page-numbers\" href=\"https:\/\/photo-detector.com\/wp-json\/wp\/v2\/pages\/138\/page\/13\/\"><span class=\"elementor-screen-only\">Page<\/span>13<\/a>\n<a class=\"page-numbers\" href=\"https:\/\/photo-detector.com\/wp-json\/wp\/v2\/pages\/138\/page\/14\/\"><span class=\"elementor-screen-only\">Page<\/span>14<\/a>\n<a class=\"page-numbers\" href=\"https:\/\/photo-detector.com\/wp-json\/wp\/v2\/pages\/138\/page\/15\/\"><span class=\"elementor-screen-only\">Page<\/span>15<\/a>\n<a class=\"page-numbers\" href=\"https:\/\/photo-detector.com\/wp-json\/wp\/v2\/pages\/138\/page\/16\/\"><span class=\"elementor-screen-only\">Page<\/span>16<\/a>\n<a class=\"page-numbers\" href=\"https:\/\/photo-detector.com\/wp-json\/wp\/v2\/pages\/138\/page\/17\/\"><span class=\"elementor-screen-only\">Page<\/span>17<\/a>\n<a class=\"page-numbers\" href=\"https:\/\/photo-detector.com\/wp-json\/wp\/v2\/pages\/138\/page\/18\/\"><span class=\"elementor-screen-only\">Page<\/span>18<\/a>\n<a class=\"page-numbers\" href=\"https:\/\/photo-detector.com\/wp-json\/wp\/v2\/pages\/138\/page\/19\/\"><span class=\"elementor-screen-only\">Page<\/span>19<\/a>\n<a class=\"page-numbers\" href=\"https:\/\/photo-detector.com\/wp-json\/wp\/v2\/pages\/138\/page\/20\/\"><span class=\"elementor-screen-only\">Page<\/span>20<\/a>\n<a class=\"page-numbers next\" href=\"https:\/\/photo-detector.com\/wp-json\/wp\/v2\/pages\/138\/page\/2\/\">N\u00e4chste \u00bb<\/a>\t\t<\/nav>\n\t\t\t\t\t\t<\/div>\n\t\t\t\t<\/div>\n\t\t\t\t\t<\/div>\n\t\t\t\t<\/div>\n\t\t\t\t<\/div>","protected":false},"excerpt":{"rendered":"<p>News &amp; Blogs A technical guide on selecting the best photodiode. Learn about key parameters like spectral response, rise time, and dark current to optimize your design.<\/p>","protected":false},"author":1,"featured_media":0,"parent":0,"menu_order":0,"comment_status":"closed","ping_status":"closed","template":"","meta":{"footnotes":""},"class_list":["post-138","page","type-page","status-publish","hentry"],"_links":{"self":[{"href":"https:\/\/photo-detector.com\/de\/wp-json\/wp\/v2\/pages\/138","targetHints":{"allow":["GET"]}}],"collection":[{"href":"https:\/\/photo-detector.com\/de\/wp-json\/wp\/v2\/pages"}],"about":[{"href":"https:\/\/photo-detector.com\/de\/wp-json\/wp\/v2\/types\/page"}],"author":[{"embeddable":true,"href":"https:\/\/photo-detector.com\/de\/wp-json\/wp\/v2\/users\/1"}],"replies":[{"embeddable":true,"href":"https:\/\/photo-detector.com\/de\/wp-json\/wp\/v2\/comments?post=138"}],"version-history":[{"count":3,"href":"https:\/\/photo-detector.com\/de\/wp-json\/wp\/v2\/pages\/138\/revisions"}],"predecessor-version":[{"id":1406,"href":"https:\/\/photo-detector.com\/de\/wp-json\/wp\/v2\/pages\/138\/revisions\/1406"}],"wp:attachment":[{"href":"https:\/\/photo-detector.com\/de\/wp-json\/wp\/v2\/media?parent=138"}],"curies":[{"name":"wp","href":"https:\/\/api.w.org\/{rel}","templated":true}]}}