{"id":1741,"date":"2026-03-31T08:45:14","date_gmt":"2026-03-31T08:45:14","guid":{"rendered":"https:\/\/photo-detector.com\/?page_id=1741"},"modified":"2026-03-31T09:03:19","modified_gmt":"2026-03-31T09:03:19","slug":"laser-world-of-photonics-china-2026-bee-photon","status":"publish","type":"page","link":"https:\/\/photo-detector.com\/de\/laser-world-of-photonics-china-2026-bee-photon\/","title":{"rendered":"Laser World of Photonics China 2026 | Bee Photon"},"content":{"rendered":"<div data-elementor-type=\"wp-page\" data-elementor-id=\"1741\" class=\"elementor elementor-1741\" data-elementor-post-type=\"page\">\n\t\t\t\t<div class=\"elementor-element elementor-element-c98d8a2 e-flex e-con-boxed e-con e-parent\" data-id=\"c98d8a2\" data-element_type=\"container\" data-settings=\"{&quot;background_background&quot;:&quot;classic&quot;}\">\n\t\t\t\t\t<div class=\"e-con-inner\">\n\t\t\t\t\t<\/div>\n\t\t\t\t<\/div>\n\t\t<div class=\"elementor-element elementor-element-f539f7c e-flex e-con-boxed e-con e-parent\" data-id=\"f539f7c\" data-element_type=\"container\">\n\t\t\t\t\t<div class=\"e-con-inner\">\n\t\t\t\t<div class=\"elementor-element elementor-element-a5f94fa elementor-widget elementor-widget-heading\" data-id=\"a5f94fa\" data-element_type=\"widget\" data-widget_type=\"heading.default\">\n\t\t\t\t\t<h2 class=\"elementor-heading-title elementor-size-default\">Laser World of Photonics China 2026 | Bee Photon Si\/InGaAs Photodiode Live Highlights!<\/h2>\t\t\t\t<\/div>\n\t\t<div class=\"elementor-element elementor-element-566d07b e-con-full e-flex e-con e-child\" data-id=\"566d07b\" data-element_type=\"container\">\n\t\t\t\t<div class=\"elementor-element elementor-element-5f91200 elementor-widget__width-initial elementor-widget elementor-widget-video\" data-id=\"5f91200\" data-element_type=\"widget\" data-settings=\"{&quot;youtube_url&quot;:&quot;https:\\\/\\\/youtube.com\\\/shorts\\\/_oPPKY4mFD4?si=sv0Kqe7SKIqAoTe9&quot;,&quot;video_type&quot;:&quot;youtube&quot;,&quot;controls&quot;:&quot;yes&quot;}\" data-widget_type=\"video.default\">\n\t\t\t\t\t\t\t<div class=\"elementor-wrapper elementor-open-inline\">\n\t\t\t<div class=\"elementor-video\"><\/div>\t\t<\/div>\n\t\t\t\t\t\t<\/div>\n\t\t<div class=\"elementor-element elementor-element-3099c4b e-con-full e-flex e-con e-child\" data-id=\"3099c4b\" data-element_type=\"container\">\n\t\t\t\t<div class=\"elementor-element elementor-element-be6371a elementor-widget elementor-widget-text-editor\" data-id=\"be6371a\" data-element_type=\"widget\" data-widget_type=\"text-editor.default\">\n\t\t\t\t\t\t\t\t\t<p><span class=\"style-scope yt-formatted-string\" dir=\"auto\">Bee Photon gl\u00e4nzt auf der Laser World of Photonics China 2026!\u00a0<\/span><\/p><p><span class=\"style-scope yt-formatted-string\" dir=\"auto\">Leistungsstarke Si- und InGaAs-Photodioden (PD) - aufregende Highlights auf der Messe, die modernste Detektionstechnologie pr\u00e4sentieren!\u00a0<\/span><\/p><p><span class=\"style-scope yt-formatted-string\" dir=\"auto\">Laser World of Photonics China | Shanghai New International Expo Center, 18. bis 20. M\u00e4rz 2026 - vollst\u00e4ndige Zusammenfassung der Veranstaltung\u00a0<\/span><\/p><p><span class=\"style-scope yt-formatted-string\" dir=\"auto\">\u2705 Die wichtigsten Produktmerkmale\u00a0<\/span><\/p><p><span class=\"style-scope yt-formatted-string\" dir=\"auto\">\u2705 Si-PIN-Photodioden mit hoher Empfindlichkeit und extrem niedrigem Dunkelstrom - ideal f\u00fcr optische Hochgeschwindigkeitskommunikation und Pr\u00e4zisionssensorik\u00a0<\/span><\/p><p><span class=\"style-scope yt-formatted-string\" dir=\"auto\">\u2705 InGaAs-Photodioden f\u00fcr das nahe Infrarot mit 1,0-1,7\u03bcm - perfekt geeignet f\u00fcr Faserabtastung, medizinische Bildgebung und Spektroskopie <\/span><\/p><p><span class=\"style-scope yt-formatted-string\" dir=\"auto\">\u2705 Kundenspezifische Fotodiodenl\u00f6sungen (vom nackten Chip bis zu kompletten Modulen) - f\u00fcr medizinische CT, industrielle NDT, Sicherheits- und Verteidigungsanwendungen <\/span><\/p><p><span class=\"style-scope yt-formatted-string\" dir=\"auto\">\u2705 \u00dcberlegene Zuverl\u00e4ssigkeit und Stabilit\u00e4t - strenge Qualit\u00e4tskontrolle, auf die sich Kunden in aller Welt verlassen <\/span><\/p><p><span class=\"style-scope yt-formatted-string\" dir=\"auto\">Entdecken Sie weitere fortschrittliche Fotodetektionsl\u00f6sungen? <\/span><\/p><p><span class=\"style-scope yt-formatted-string\" dir=\"auto\">\ud83d\udce7 Kontaktieren Sie uns f\u00fcr Anfragen und Zusammenarbeit: info@photo-detector.com <\/span><\/p><p><span class=\"style-scope yt-formatted-string\" dir=\"auto\">(Unser professionelles Team antwortet innerhalb von 24 Stunden - wir freuen uns, von Ihnen zu h\u00f6ren!) <\/span><\/p><p><span class=\"style-scope yt-formatted-string\" dir=\"auto\">Verpassen Sie nichts - abonnieren Sie den Bee Photon-Kanal f\u00fcr die neuesten Produkteinf\u00fchrungen, technischen Einblicke, Messeberichte und Live-Updates! <\/span><\/p>\t\t\t\t\t\t\t\t<\/div>\n\t\t\t\t<div class=\"elementor-element elementor-element-7f5860d elementor-align-center elementor-widget elementor-widget-button\" data-id=\"7f5860d\" data-element_type=\"widget\" data-widget_type=\"button.default\">\n\t\t\t\t\t\t\t\t\t\t<a class=\"elementor-button elementor-button-link elementor-size-sm\" href=\"#elementor-action%3Aaction%3Dpopup%3Aopen%26settings%3DeyJpZCI6IjQ4NCIsInRvZ2dsZSI6ZmFsc2V9\">\n\t\t\t\t\t\t<span class=\"elementor-button-content-wrapper\">\n\t\t\t\t\t\t\t\t\t<span class=\"elementor-button-text\">Klicken Sie hier<\/span>\n\t\t\t\t\t<\/span>\n\t\t\t\t\t<\/a>\n\t\t\t\t\t\t\t\t<\/div>\n\t\t\t\t<\/div>\n\t\t\t\t<\/div>\n\t\t\t\t\t<\/div>\n\t\t\t\t<\/div>\n\t\t\t\t<\/div>","protected":false},"excerpt":{"rendered":"<p>Laser World of Photonics China 2026 | Bee Photon Si\/InGaAs Photodiode Live Highlights! https:\/\/youtube.com\/shorts\/_oPPKY4mFD4?si=sv0Kqe7SKIqAoTe9 Bee Photon shines at Laser World of Photonics China 2026!\u00a0 High-performance Si &amp; InGaAs Photodiodes (PD) \u2013 exciting highlights from the show floor, showcasing cutting-edge detection technology!\u00a0 Laser World of Photonics China | Shanghai New International Expo Center, March 18-20, 2026 [&hellip;]<\/p>","protected":false},"author":1,"featured_media":0,"parent":0,"menu_order":0,"comment_status":"closed","ping_status":"closed","template":"","meta":{"footnotes":""},"class_list":["post-1741","page","type-page","status-publish","hentry"],"_links":{"self":[{"href":"https:\/\/photo-detector.com\/de\/wp-json\/wp\/v2\/pages\/1741","targetHints":{"allow":["GET"]}}],"collection":[{"href":"https:\/\/photo-detector.com\/de\/wp-json\/wp\/v2\/pages"}],"about":[{"href":"https:\/\/photo-detector.com\/de\/wp-json\/wp\/v2\/types\/page"}],"author":[{"embeddable":true,"href":"https:\/\/photo-detector.com\/de\/wp-json\/wp\/v2\/users\/1"}],"replies":[{"embeddable":true,"href":"https:\/\/photo-detector.com\/de\/wp-json\/wp\/v2\/comments?post=1741"}],"version-history":[{"count":7,"href":"https:\/\/photo-detector.com\/de\/wp-json\/wp\/v2\/pages\/1741\/revisions"}],"predecessor-version":[{"id":1748,"href":"https:\/\/photo-detector.com\/de\/wp-json\/wp\/v2\/pages\/1741\/revisions\/1748"}],"wp:attachment":[{"href":"https:\/\/photo-detector.com\/de\/wp-json\/wp\/v2\/media?parent=1741"}],"curies":[{"name":"wp","href":"https:\/\/api.w.org\/{rel}","templated":true}]}}