{"id":1803,"date":"2026-04-01T07:46:43","date_gmt":"2026-04-01T07:46:43","guid":{"rendered":"https:\/\/photo-detector.com\/?page_id=1803"},"modified":"2026-04-01T07:50:37","modified_gmt":"2026-04-01T07:50:37","slug":"caclp-cisce-2026-biene-photon","status":"publish","type":"page","link":"https:\/\/photo-detector.com\/de\/caclp-cisce-2026-biene-photon\/","title":{"rendered":"CACLP &amp; CISCE 2026 | Bee Photon"},"content":{"rendered":"<div data-elementor-type=\"wp-page\" data-elementor-id=\"1803\" class=\"elementor elementor-1803\" data-elementor-post-type=\"page\">\n\t\t\t\t<div class=\"elementor-element elementor-element-13c09b14 e-flex e-con-boxed e-con e-parent\" data-id=\"13c09b14\" data-element_type=\"container\" data-settings=\"{&quot;background_background&quot;:&quot;classic&quot;}\">\n\t\t\t\t\t<div class=\"e-con-inner\">\n\t\t\t\t\t<\/div>\n\t\t\t\t<\/div>\n\t\t<div class=\"elementor-element elementor-element-27ef6cd5 e-flex e-con-boxed e-con e-parent\" data-id=\"27ef6cd5\" data-element_type=\"container\">\n\t\t\t\t\t<div class=\"e-con-inner\">\n\t\t\t\t<div class=\"elementor-element elementor-element-30fd8e81 elementor-widget elementor-widget-heading\" data-id=\"30fd8e81\" data-element_type=\"widget\" data-widget_type=\"heading.default\">\n\t\t\t\t\t<h1 class=\"elementor-heading-title elementor-size-default\">Bee Photon CACLP 2026 Highlights | Moderne Si- und InGaAs-Photodioden live auf der Xiamen IVD Show<\/h1>\t\t\t\t<\/div>\n\t\t<div class=\"elementor-element elementor-element-5555fed e-con-full e-flex e-con e-child\" data-id=\"5555fed\" data-element_type=\"container\">\n\t\t\t\t<div class=\"elementor-element elementor-element-5899a75f elementor-widget__width-initial elementor-widget elementor-widget-video\" data-id=\"5899a75f\" data-element_type=\"widget\" data-settings=\"{&quot;youtube_url&quot;:&quot;https:\\\/\\\/youtube.com\\\/shorts\\\/Ww49cb-nzUw?si=tvmcxmnObBOXKFma&quot;,&quot;video_type&quot;:&quot;youtube&quot;,&quot;controls&quot;:&quot;yes&quot;}\" data-widget_type=\"video.default\">\n\t\t\t\t\t\t\t<div class=\"elementor-wrapper elementor-open-inline\">\n\t\t\t<div class=\"elementor-video\"><\/div>\t\t<\/div>\n\t\t\t\t\t\t<\/div>\n\t\t<div class=\"elementor-element elementor-element-694c97e3 e-con-full e-flex e-con e-child\" data-id=\"694c97e3\" data-element_type=\"container\">\n\t\t\t\t<div class=\"elementor-element elementor-element-620e9a7d elementor-widget elementor-widget-text-editor\" data-id=\"620e9a7d\" data-element_type=\"widget\" data-widget_type=\"text-editor.default\">\n\t\t\t\t\t\t\t\t\t<p><span class=\"style-scope yt-formatted-string\" dir=\"auto\">Bee Photon gl\u00e4nzt auf der CACLP 2026 Xiamen! <\/span><\/p><p><span class=\"style-scope yt-formatted-string\" dir=\"auto\">Leistungsstarke Si- und InGaAs-Photodioden und optische Sensoren f\u00fcr medizinische und industrielle Anwendungen - erleben Sie die aufregenden Momente auf dem Messestand und die hochmoderne Technologiepr\u00e4sentation! <\/span><\/p><p><span class=\"style-scope yt-formatted-string\" dir=\"auto\">Auf der 23. China International In Vitro Diagnostic Expo (CACLP) &amp; China IVD Supply Chain Expo (CISCE), die vom 21. bis 23. M\u00e4rz 2026 im Xiamen International Expo Center stattfand, pr\u00e4sentierte Bee Photon mit Stolz seine zuverl\u00e4ssigen, hochempfindlichen Photodetektoren, die die n\u00e4chste Generation von IVD, medizinischer Bildgebung, industrieller Inspektion und mehr unterst\u00fctzen. <\/span><\/p><p><span class=\"style-scope yt-formatted-string\" dir=\"auto\">KEY FEATURES - Warum Photodioden von Bee Photon w\u00e4hlen: <\/span><\/p><p><span class=\"style-scope yt-formatted-string\" dir=\"auto\">Hochempfindliche Si-PIN- und InGaAs-Photodioden f\u00fcr Wellenl\u00e4ngen vom sichtbaren bis zum nahen Infrarot <\/span><\/p><p><span class=\"style-scope yt-formatted-string\" dir=\"auto\">\u2705 Ultraschnelles Ansprechverhalten, ultraniedriger Dunkelstrom - ideal f\u00fcr CT-Scanner, POCT-Ger\u00e4te, H\u00e4matologie-Analyseger\u00e4te und High-End-IVD-Systeme <\/span><\/p><p><span class=\"style-scope yt-formatted-string\" dir=\"auto\">\u2705 Kundenspezifische Arrays und integrierte Module, die auf Ihre spezifischen Spektral- und Verpackungsanforderungen zugeschnitten sind <\/span><\/p><p><span class=\"style-scope yt-formatted-string\" dir=\"auto\">ISO9001-zertifiziert, bew\u00e4hrte Stabilit\u00e4t und Zuverl\u00e4ssigkeit bei weltweiten medizinischen und industriellen Projekten <\/span><\/p><p><span class=\"style-scope yt-formatted-string\" dir=\"auto\">\u2705 Hervorragendes Preis-Leistungs-Verh\u00e4ltnis, das zur Verbesserung der Genauigkeit und Geschwindigkeit von IVD-Ger\u00e4ten beitr\u00e4gt <\/span><\/p><p><span class=\"style-scope yt-formatted-string\" dir=\"auto\">Entdecken Sie mehr \u00fcber unsere fortschrittlichen Photodetektionsl\u00f6sungen! <\/span><\/p><p><span class=\"style-scope yt-formatted-string\" dir=\"auto\">\u00a0\ud83d\udce7 Kontaktieren Sie uns noch heute: <a href=\"mailto:info@photo-detector.com\" target=\"_blank\" rel=\"noopener\">info@photo-detector.com<\/a> Unser Team antwortet schnell auf weltweite Anfragen!<\/span><\/p>\t\t\t\t\t\t\t\t<\/div>\n\t\t\t\t<div class=\"elementor-element elementor-element-1f716593 elementor-align-center elementor-widget elementor-widget-button\" data-id=\"1f716593\" data-element_type=\"widget\" data-widget_type=\"button.default\">\n\t\t\t\t\t\t\t\t\t\t<a class=\"elementor-button elementor-button-link elementor-size-sm\" href=\"#elementor-action%3Aaction%3Dpopup%3Aopen%26settings%3DeyJpZCI6IjQ4NCIsInRvZ2dsZSI6ZmFsc2V9\">\n\t\t\t\t\t\t<span class=\"elementor-button-content-wrapper\">\n\t\t\t\t\t\t\t\t\t<span class=\"elementor-button-text\">Klicken Sie hier<\/span>\n\t\t\t\t\t<\/span>\n\t\t\t\t\t<\/a>\n\t\t\t\t\t\t\t\t<\/div>\n\t\t\t\t<\/div>\n\t\t\t\t<\/div>\n\t\t\t\t\t<\/div>\n\t\t\t\t<\/div>\n\t\t\t\t<\/div>","protected":false},"excerpt":{"rendered":"<p>Bee Photon CACLP 2026 Highlights | Advanced Si &amp; InGaAs Photodiodes Live at Xiamen IVD Show https:\/\/youtube.com\/shorts\/Ww49cb-nzUw?si=tvmcxmnObBOXKFma Bee Photon shines at CACLP 2026 Xiamen! High-performance Si &amp; InGaAs photodiodes and optical sensors for medical &amp; industrial applications \u2014 relive the exciting booth moments and cutting-edge tech showcase! At the 23rd China International In Vitro Diagnostic [&hellip;]<\/p>","protected":false},"author":1,"featured_media":0,"parent":0,"menu_order":0,"comment_status":"closed","ping_status":"closed","template":"","meta":{"footnotes":""},"class_list":["post-1803","page","type-page","status-publish","hentry"],"_links":{"self":[{"href":"https:\/\/photo-detector.com\/de\/wp-json\/wp\/v2\/pages\/1803","targetHints":{"allow":["GET"]}}],"collection":[{"href":"https:\/\/photo-detector.com\/de\/wp-json\/wp\/v2\/pages"}],"about":[{"href":"https:\/\/photo-detector.com\/de\/wp-json\/wp\/v2\/types\/page"}],"author":[{"embeddable":true,"href":"https:\/\/photo-detector.com\/de\/wp-json\/wp\/v2\/users\/1"}],"replies":[{"embeddable":true,"href":"https:\/\/photo-detector.com\/de\/wp-json\/wp\/v2\/comments?post=1803"}],"version-history":[{"count":7,"href":"https:\/\/photo-detector.com\/de\/wp-json\/wp\/v2\/pages\/1803\/revisions"}],"predecessor-version":[{"id":1810,"href":"https:\/\/photo-detector.com\/de\/wp-json\/wp\/v2\/pages\/1803\/revisions\/1810"}],"wp:attachment":[{"href":"https:\/\/photo-detector.com\/de\/wp-json\/wp\/v2\/media?parent=1803"}],"curies":[{"name":"wp","href":"https:\/\/api.w.org\/{rel}","templated":true}]}}