{"id":1204,"date":"2025-12-26T01:39:44","date_gmt":"2025-12-26T01:39:44","guid":{"rendered":"https:\/\/photo-detector.com\/?post_type=product&#038;p=1204"},"modified":"2026-02-09T03:27:03","modified_gmt":"2026-02-09T03:27:03","slug":"schwarzer-epoxy-stift-fotodiode","status":"publish","type":"product","link":"https:\/\/photo-detector.com\/de\/produkt\/schwarzer-epoxy-stift-fotodiode\/","title":{"rendered":"Si-PIN-Fotodiode Serie PDCP08 PDCP08-511"},"content":{"rendered":"<div style=\"font-family: Helvetica, Arial, sans-serif; max-width: 1000px; margin: 0 auto; color: #333; line-height: 1.5;\">\n<p><!-- \u9876\u90e8 Logo \u533a\u57df --><\/p>\n<div style=\"margin-bottom: 20px; font-size: 24px; font-weight: bold;\"><span style=\"color: #f39c12;\">BEE<\/span> PHOTON<sup style=\"font-size: 12px;\">\u00ae<\/sup><\/div>\n<p><!-- \u6a59\u8272\u6807\u9898\u6846 --><\/p>\n<div style=\"background-color: #f0a535; color: #ffffff; padding: 25px 30px; border-radius: 12px; margin-bottom: 40px; box-shadow: 0 2px 5px rgba(0,0,0,0.1);\">\n<h1 style=\"margin: 0px; font-size: 32px; letter-spacing: 1px; color: #ffffff; text-align: center;\">Baureihe PDCP08<\/h1>\n<p style=\"margin: 5px 0px 0px; font-size: 18px; font-weight: 500; text-align: center;\">Si-PIN-Fotodiode<\/p>\n<\/div>\n<p><!-- \u7279\u6027\u4e0e\u5e94\u7528 (\u4f7f\u7528 Flexbox \u5e03\u5c40) --><\/p>\n<div style=\"display: flex; flex-wrap: wrap; gap: 40px; margin-bottom: 40px;\">\n<p><!-- Features --><\/p>\n<div style=\"flex: 1; min-width: 300px;\">\n<h2 style=\"color: #000; font-size: 18px; margin-bottom: 15px; display: flex; align-items: center;\"><span style=\"color: #f0a535; margin-right: 8px;\">\u2756<\/span> Eigenschaften<\/h2>\n<ul style=\"list-style: none; padding: 0; margin: 0;\">\n<li style=\"position: relative; padding-left: 20px; margin-bottom: 8px;\"><span style=\"position: absolute; left: 0; color: #000; top: 2px;\">\u25c6<\/span> Breiter spektraler Ansprechbereich<\/li>\n<li style=\"position: relative; padding-left: 20px; margin-bottom: 8px;\"><span style=\"position: absolute; left: 0; color: #000; top: 2px;\">\u25c6<\/span> Niedriger Dunkelstrom, niedrige Sperrschichtkapazit\u00e4t<\/li>\n<li style=\"position: relative; padding-left: 20px; margin-bottom: 8px;\"><span style=\"position: absolute; left: 0; color: #000; top: 2px;\">\u25c6<\/span> Hohe Empfindlichkeit<\/li>\n<\/ul>\n<\/div>\n<p><!-- Application --><\/p>\n<div style=\"flex: 1; min-width: 300px;\">\n<h2 style=\"color: #000; font-size: 18px; margin-bottom: 15px; display: flex; align-items: center;\"><span style=\"color: #f0a535; margin-right: 8px;\">\u2756<\/span> Anmeldung<\/h2>\n<ul style=\"list-style: none; padding: 0; margin: 0;\">\n<li style=\"position: relative; padding-left: 20px; margin-bottom: 8px;\"><span style=\"position: absolute; left: 0; color: #000; top: 2px;\">\u25c6<\/span> Optischer Schalter<\/li>\n<\/ul>\n<\/div>\n<\/div>\n<p><!-- \u8868\u683c 1: Structure\/ Absolute maximum ratings --><\/p>\n<div style=\"margin-bottom: 40px; overflow-x: auto;\">\n<h2 style=\"color: #000; font-size: 18px; margin-bottom: 15px; display: flex; align-items: center;\"><span style=\"color: #f0a535; margin-right: 8px;\">\u2756<\/span> Struktur\/ Absolute H\u00f6chstwerte<\/h2>\n<table style=\"width: 100%; border-collapse: collapse; font-size: 13px; min-width: 800px; text-align: center;\">\n<thead>\n<tr style=\"background-color: #f0a535;\">\n<th style=\"border: 1px solid #000; padding: 6px; color: #000; font-weight: normal; vertical-align: middle;\" rowspan=\"2\">Typ Nr. <sup>1<\/sup><\/th>\n<th style=\"border: 1px solid #000; padding: 6px; color: #000; font-weight: normal; vertical-align: middle;\" rowspan=\"2\">Fenster<br \/>\nMaterial<\/th>\n<th style=\"border: 1px solid #000; padding: 6px; color: #000; font-weight: normal; vertical-align: middle;\" rowspan=\"2\">Lichtempfindlich<br \/>\nFl\u00e4chengr\u00f6\u00dfe<br \/>\n(mm)<\/th>\n<th style=\"border: 1px solid #000; padding: 6px; color: #000; font-weight: normal; vertical-align: middle;\" rowspan=\"2\">Pin-Nummer<\/th>\n<th style=\"border: 1px solid #000; padding: 6px; color: #000; font-weight: normal;\" colspan=\"5\">Absolute H\u00f6chstwerte<\/th>\n<\/tr>\n<tr style=\"background-color: #f0a535;\">\n<th style=\"border: 1px solid #000; padding: 6px; color: #000; font-weight: normal;\">T<sub>stg<\/sub> (\u00b0C) <sup>2<\/sup><\/th>\n<th style=\"border: 1px solid #000; padding: 6px; color: #000; font-weight: normal;\">T<sub>opr<\/sub> (\u00b0C) <sup>2<\/sup><\/th>\n<th style=\"border: 1px solid #000; padding: 6px; color: #000; font-weight: normal;\">T<sub>sol<\/sub> (\u00b0C)<\/th>\n<th style=\"border: 1px solid #000; padding: 6px; color: #000; font-weight: normal;\">V<sub>R MAX<\/sub> (V)<\/th>\n<th style=\"border: 1px solid #000; padding: 6px; color: #000; font-weight: normal;\">ESD<br \/>\nHBM (V)<\/th>\n<\/tr>\n<\/thead>\n<tbody>\n<tr>\n<td style=\"border: 1px solid #000; padding: 6px;\">PDCP08-501<\/td>\n<td style=\"border: 1px solid #000; padding: 6px;\" rowspan=\"2\">Epoxidharz (CR)<\/td>\n<td style=\"border: 1px solid #000; padding: 6px;\">2.9\u00d72.9<\/td>\n<td style=\"border: 1px solid #000; padding: 6px;\" rowspan=\"3\">2Pin<\/td>\n<td style=\"border: 1px solid #000; padding: 6px;\" rowspan=\"3\">-40 bis +100<\/td>\n<td style=\"border: 1px solid #000; padding: 6px;\" rowspan=\"3\">-40 bis +100<\/td>\n<td style=\"border: 1px solid #000; padding: 6px;\" rowspan=\"3\">260<br \/>\n(3s)<\/td>\n<td style=\"border: 1px solid #000; padding: 6px;\" rowspan=\"3\">20<\/td>\n<td style=\"border: 1px solid #000; padding: 6px;\" rowspan=\"3\">1000<\/td>\n<\/tr>\n<tr>\n<td style=\"border: 1px solid #000; padding: 6px;\">PDCP08-502<\/td>\n<td style=\"border: 1px solid #000; padding: 6px;\">2.9\u00d72.8<\/td>\n<\/tr>\n<tr>\n<td style=\"border: 1px solid #000; padding: 6px;\">PDCP08-511<\/td>\n<td style=\"border: 1px solid #000; padding: 6px;\">Epoxidharz (BK)<\/td>\n<td style=\"border: 1px solid #000; padding: 6px;\">2.9\u00d72.9<\/td>\n<\/tr>\n<\/tbody>\n<\/table>\n<div style=\"font-size: 12px; margin-top: 10px; color: #333;\">1: Die Gr\u00f6\u00dfe der lichtempfindlichen Fl\u00e4che, das Fenstermaterial und der Nummernstift k\u00f6nnen individuell angepasst werden. Bitte kontaktieren Sie uns f\u00fcr weitere Informationen.<br \/>\n2: Keine Taubildung.<\/div>\n<\/div>\n<p><!-- \u8868\u683c 2: Electrical and Optical Characteristics --><\/p>\n<div style=\"margin-bottom: 40px; overflow-x: auto;\">\n<h2 style=\"color: #000; font-size: 18px; margin-bottom: 15px; display: flex; align-items: center;\"><span style=\"color: #f0a535; margin-right: 8px;\">\u2756<\/span> Elektrische und optische Eigenschaften<\/h2>\n<table style=\"width: 100%; border-collapse: collapse; font-size: 12px; min-width: 900px; text-align: center;\">\n<thead>\n<tr style=\"background-color: #f0a535;\">\n<th style=\"border: 1px solid #000; padding: 5px; color: #000; font-weight: normal; vertical-align: middle;\" rowspan=\"2\">Typ Nr.<\/th>\n<th style=\"border: 1px solid #000; padding: 5px; color: #000; font-weight: normal; vertical-align: middle;\" rowspan=\"2\">Spektral<br \/>\nAntwort<br \/>\nBereich<br \/>\n\u03bb (nm)<\/th>\n<th style=\"border: 1px solid #000; padding: 5px; color: #000; font-weight: normal; vertical-align: middle;\" rowspan=\"2\">H\u00f6chststand<br \/>\nEmpfindlichkeit<br \/>\nWellenl\u00e4nge<br \/>\n\u03bb<sub>p<\/sub> (nm)<\/th>\n<th style=\"border: 1px solid #000; padding: 5px; color: #000; font-weight: normal; vertical-align: middle;\" rowspan=\"2\">Lichtempfindlichkeit<br \/>\nS (A\/W)<\/th>\n<th style=\"border: 1px solid #000; padding: 5px; color: #000; font-weight: normal; vertical-align: middle;\" colspan=\"2\">Dunkler Strom<br \/>\nI<sub>D<\/sub> (pA)<br \/>\nV<sub>R<\/sub>=10mV<\/th>\n<th style=\"border: 1px solid #000; padding: 5px; color: #000; font-weight: normal; vertical-align: middle;\" rowspan=\"2\">Temp.<br \/>\nKoeffizient<br \/>\nvon ID<br \/>\nT<sub>cID<\/sub><br \/>\n(Zeiten\/\u00b0C)<\/th>\n<th style=\"border: 1px solid #000; padding: 5px; color: #000; font-weight: normal; vertical-align: middle;\" colspan=\"2\">Kreuzung<br \/>\nKapazit\u00e4t<br \/>\nC<sub>j<\/sub> (pF)<br \/>\nV<sub>R<\/sub>=0V<br \/>\nf=100kHz<\/th>\n<th style=\"border: 1px solid #000; padding: 5px; color: #000; font-weight: normal; vertical-align: middle;\" rowspan=\"2\">Anstiegszeit<br \/>\nt<sub>r<\/sub> (\u03bcs)<br \/>\nV<sub>R<\/sub>=0V<br \/>\nR<sub>L<\/sub>=1k\u03a9<\/th>\n<th style=\"border: 1px solid #000; padding: 5px; color: #000; font-weight: normal; vertical-align: middle;\" colspan=\"2\">Shunt<br \/>\nWiderstand<br \/>\nR<sub>sh<\/sub> (G\u03a9)<br \/>\nV<sub>R<\/sub>=10mV<\/th>\n<th style=\"border: 1px solid #000; padding: 5px; color: #000; font-weight: normal; vertical-align: middle;\" rowspan=\"2\">NEP<br \/>\n(W\/Hz<sup>1\/2<\/sup>)<\/th>\n<th style=\"border: 1px solid #000; padding: 5px; color: #000; font-weight: normal; vertical-align: middle;\" rowspan=\"2\">Richtwirkung<br \/>\n\u03c6 (\u00b0)<\/th>\n<\/tr>\n<tr style=\"background-color: #f0a535;\">\n<th style=\"border: 1px solid #000; padding: 5px; color: #000; font-weight: normal;\">Typ.<\/th>\n<th style=\"border: 1px solid #000; padding: 5px; color: #000; font-weight: normal;\">Max.<\/th>\n<th style=\"border: 1px solid #000; padding: 5px; color: #000; font-weight: normal;\">Typ.<\/th>\n<th style=\"border: 1px solid #000; padding: 5px; color: #000; font-weight: normal;\">Max.<\/th>\n<th style=\"border: 1px solid #000; padding: 5px; color: #000; font-weight: normal;\">Min.<\/th>\n<th style=\"border: 1px solid #000; padding: 5px; color: #000; font-weight: normal;\">Typ.<\/th>\n<\/tr>\n<\/thead>\n<tbody>\n<tr>\n<td style=\"border: 1px solid #000; padding: 5px;\">PDCP08-501<\/td>\n<td style=\"border: 1px solid #000; padding: 5px;\">450-1100<\/td>\n<td style=\"border: 1px solid #000; padding: 5px;\">940<\/td>\n<td style=\"border: 1px solid #000; padding: 5px;\">0,2 @520nm<br \/>\n0.7 @\u03bb<sub>p<\/sub><\/td>\n<td style=\"border: 1px solid #000; padding: 5px;\">20<\/td>\n<td style=\"border: 1px solid #000; padding: 5px;\">1000<\/td>\n<td style=\"border: 1px solid #000; padding: 5px;\">1.13<\/td>\n<td style=\"border: 1px solid #000; padding: 5px;\">70<\/td>\n<td style=\"border: 1px solid #000; padding: 5px;\">120<\/td>\n<td style=\"border: 1px solid #000; padding: 5px;\">0.15<\/td>\n<td style=\"border: 1px solid #000; padding: 5px;\">0.01<\/td>\n<td style=\"border: 1px solid #000; padding: 5px;\">0.5<\/td>\n<td style=\"border: 1px solid #000; padding: 5px;\">1.5\u00d710<sup>-14<\/sup><\/td>\n<td style=\"border: 1px solid #000; padding: 5px;\">\u00b165<\/td>\n<\/tr>\n<tr>\n<td style=\"border: 1px solid #000; padding: 5px;\">PDCP08-502<\/td>\n<td style=\"border: 1px solid #000; padding: 5px;\">340-1100<\/td>\n<td style=\"border: 1px solid #000; padding: 5px;\">920<\/td>\n<td style=\"border: 1px solid #000; padding: 5px;\">0,35 @520nm<br \/>\n0.6 @\u03bb<sub>p<\/sub><\/td>\n<td style=\"border: 1px solid #000; padding: 5px;\">5<\/td>\n<td style=\"border: 1px solid #000; padding: 5px;\">100<\/td>\n<td style=\"border: 1px solid #000; padding: 5px;\">1.135<\/td>\n<td style=\"border: 1px solid #000; padding: 5px;\">125<\/td>\n<td style=\"border: 1px solid #000; padding: 5px;\">180<\/td>\n<td style=\"border: 1px solid #000; padding: 5px;\">0.27<\/td>\n<td style=\"border: 1px solid #000; padding: 5px;\">0.1<\/td>\n<td style=\"border: 1px solid #000; padding: 5px;\">2<\/td>\n<td style=\"border: 1px solid #000; padding: 5px;\">5.9\u00d710<sup>-15<\/sup><\/td>\n<td style=\"border: 1px solid #000; padding: 5px;\">\u00b165<\/td>\n<\/tr>\n<tr>\n<td style=\"border: 1px solid #000; padding: 5px;\">PDCP08-511<\/td>\n<td style=\"border: 1px solid #000; padding: 5px;\">850-1100<\/td>\n<td style=\"border: 1px solid #000; padding: 5px;\">940<\/td>\n<td style=\"border: 1px solid #000; padding: 5px;\">0.55 @\u03bb<sub>p<\/sub><\/td>\n<td style=\"border: 1px solid #000; padding: 5px;\">20<\/td>\n<td style=\"border: 1px solid #000; padding: 5px;\">1000<\/td>\n<td style=\"border: 1px solid #000; padding: 5px;\">1.13<\/td>\n<td style=\"border: 1px solid #000; padding: 5px;\">70<\/td>\n<td style=\"border: 1px solid #000; padding: 5px;\">120<\/td>\n<td style=\"border: 1px solid #000; padding: 5px;\">0.15<\/td>\n<td style=\"border: 1px solid #000; padding: 5px;\">0.01<\/td>\n<td style=\"border: 1px solid #000; padding: 5px;\">0.5<\/td>\n<td style=\"border: 1px solid #000; padding: 5px;\">2.1\u00d710<sup>-14<\/sup><\/td>\n<td style=\"border: 1px solid #000; padding: 5px;\">\u00b165<\/td>\n<\/tr>\n<\/tbody>\n<\/table>\n<p><img fetchpriority=\"high\" decoding=\"async\" class=\"aligncenter size-full wp-image-1201\" src=\"https:\/\/photo-detector.com\/wp-content\/uploads\/2025\/12\/pic-2-scaled.webp\" alt=\"2.9x2.9mm Fotodiode\" width=\"1768\" height=\"2560\" srcset=\"https:\/\/photo-detector.com\/wp-content\/uploads\/2025\/12\/pic-2-scaled.webp 1768w, https:\/\/photo-detector.com\/wp-content\/uploads\/2025\/12\/pic-2-207x300.webp 207w, https:\/\/photo-detector.com\/wp-content\/uploads\/2025\/12\/pic-2-707x1024.webp 707w, https:\/\/photo-detector.com\/wp-content\/uploads\/2025\/12\/pic-2-768x1112.webp 768w, https:\/\/photo-detector.com\/wp-content\/uploads\/2025\/12\/pic-2-1061x1536.webp 1061w, https:\/\/photo-detector.com\/wp-content\/uploads\/2025\/12\/pic-2-1414x2048.webp 1414w, https:\/\/photo-detector.com\/wp-content\/uploads\/2025\/12\/pic-2-8x12.webp 8w, https:\/\/photo-detector.com\/wp-content\/uploads\/2025\/12\/pic-2-600x869.webp 600w\" sizes=\"(max-width: 1768px) 100vw, 1768px\" \/><\/p>\n<\/div>\n<\/div>","protected":false},"excerpt":{"rendered":"<p>Die <strong>PDCP08-511<\/strong> ist eine leistungsstarke <strong>Schwarze Epoxid-PIN-Fotodiode<\/strong> entwickelt f\u00fcr Pr\u00e4zisions-Infrarotanwendungen. Dieser Sensor ist in ein spezielles schwarzes Epoxidharz geh\u00fcllt und wirkt wie ein Tageslichtfilter, der St\u00f6rungen durch sichtbares Licht blockiert und gleichzeitig die Empfindlichkeit bei 940 nm maximiert. Mit einer gro\u00dfen aktiven Fl\u00e4che von 2,9\u00d72,9 mm und niedrigem Dunkelstrom gew\u00e4hrleistet er eine zuverl\u00e4ssige Signalerfassung f\u00fcr optische Schalter und Fernsteuerungssysteme, selbst in Umgebungen mit starkem Umgebungslicht.<\/p>","protected":false},"featured_media":1205,"template":"","meta":[],"product_brand":[31],"product_cat":[25,33],"product_tag":[706,707,705,708],"class_list":{"0":"post-1204","1":"product","2":"type-product","3":"status-publish","4":"has-post-thumbnail","6":"product_brand-bee-photon","7":"product_cat-si-pin-photodiodes","8":"product_cat-nir-sensitivity-enchanced","9":"product_tag-black-epoxy-photodiode","10":"product_tag-daylight-filter-sensor","11":"product_tag-ir-photodiode","12":"product_tag-ir-receiver-diode","14":"first","15":"instock","16":"shipping-taxable","17":"product-type-simple"},"_links":{"self":[{"href":"https:\/\/photo-detector.com\/de\/wp-json\/wp\/v2\/product\/1204","targetHints":{"allow":["GET"]}}],"collection":[{"href":"https:\/\/photo-detector.com\/de\/wp-json\/wp\/v2\/product"}],"about":[{"href":"https:\/\/photo-detector.com\/de\/wp-json\/wp\/v2\/types\/product"}],"wp:featuredmedia":[{"embeddable":true,"href":"https:\/\/photo-detector.com\/de\/wp-json\/wp\/v2\/media\/1205"}],"wp:attachment":[{"href":"https:\/\/photo-detector.com\/de\/wp-json\/wp\/v2\/media?parent=1204"}],"wp:term":[{"taxonomy":"product_brand","embeddable":true,"href":"https:\/\/photo-detector.com\/de\/wp-json\/wp\/v2\/product_brand?post=1204"},{"taxonomy":"product_cat","embeddable":true,"href":"https:\/\/photo-detector.com\/de\/wp-json\/wp\/v2\/product_cat?post=1204"},{"taxonomy":"product_tag","embeddable":true,"href":"https:\/\/photo-detector.com\/de\/wp-json\/wp\/v2\/product_tag?post=1204"}],"curies":[{"name":"wp","href":"https:\/\/api.w.org\/{rel}","templated":true}]}}