{"id":719,"date":"2025-11-04T00:46:04","date_gmt":"2025-11-04T00:46:04","guid":{"rendered":"https:\/\/photo-detector.com\/?post_type=product&#038;p=719"},"modified":"2026-02-06T05:34:45","modified_gmt":"2026-02-06T05:34:45","slug":"photodiode-mit-breiter-spektraler-empfindlichkeit","status":"publish","type":"product","link":"https:\/\/photo-detector.com\/de\/produkt\/photodiode-mit-breiter-spektraler-empfindlichkeit\/","title":{"rendered":"Si-PIN-Photodiode mit niedrigem Dunkelstrom (350-1060nm) PDCD10-001"},"content":{"rendered":"<table class=\"aligncenter\" style=\"width: 895;\">\n<tbody>\n<tr>\n<td style=\"width: 98.3165%; background-color: #f4a320; text-align: center; vertical-align: middle;\" colspan=\"9\"><strong><b>Si-PD mit niedrigem Dunkelstrom<\/b><\/strong><strong><b>\u00a0(350-1060nm)<\/b><\/strong><\/td>\n<\/tr>\n<tr>\n<td style=\"width: 8.97868%; vertical-align: middle;\" rowspan=\"3\"><strong><b>Typ <\/b><\/strong><strong><b>N<\/b><\/strong><strong><b>o.<\/b><\/strong><\/td>\n<td style=\"width: 10.5499%; vertical-align: middle;\" rowspan=\"2\"><strong><b>Spitzenempfindlichkeit Wellenl\u00e4nge<\/b><\/strong><\/td>\n<td style=\"width: 14.2536%; vertical-align: middle;\" rowspan=\"2\"><strong><b>Lichtempfindlichkeit<\/b><\/strong><\/td>\n<td style=\"width: 8.52974%; vertical-align: middle;\"><strong><b>Dunkler Strom<\/b><\/strong><\/td>\n<td style=\"width: 10.5499%; vertical-align: middle;\"><strong><b>\u00dcbergangskapazit\u00e4t<\/b><\/strong><\/td>\n<td style=\"width: 13.2435%; vertical-align: middle;\"><strong><b>Anstiegszeit<\/b><\/strong><\/td>\n<td style=\"width: 13.1313%; vertical-align: middle;\" rowspan=\"2\"><strong><b>Gr\u00f6\u00dfe der lichtempfindlichen Fl\u00e4che<\/b><\/strong><\/td>\n<td style=\"width: 9.76431%; vertical-align: middle;\" rowspan=\"2\"><strong><b>Material der Fenster<\/b><\/strong><\/td>\n<td style=\"width: 9.31538%; vertical-align: middle;\" rowspan=\"2\"><strong><b>Paket<\/b><\/strong><\/td>\n<\/tr>\n<tr>\n<td style=\"width: 8.52974%; vertical-align: middle;\">V<sub>R<\/sub>=10mV<\/td>\n<td style=\"width: 10.5499%; vertical-align: middle;\">V<sub>R<\/sub>=0V<\/td>\n<td style=\"width: 13.2435%; vertical-align: middle;\">V<sub>R<\/sub>=0V; R<sub>L<\/sub>=1k\u03a9<\/td>\n<\/tr>\n<tr>\n<td style=\"width: 10.5499%; vertical-align: middle;\">[nm]<\/td>\n<td style=\"width: 14.2536%; vertical-align: middle;\">[A\/W]<\/td>\n<td style=\"width: 8.52974%; vertical-align: middle;\">[pA]<\/td>\n<td style=\"width: 10.5499%; vertical-align: middle;\">[pF]<\/td>\n<td style=\"width: 13.2435%; vertical-align: middle;\">[\u03bcs]<\/td>\n<td style=\"width: 13.1313%; vertical-align: middle;\">[mm]<\/td>\n<td style=\"width: 9.76431%; vertical-align: middle;\"><\/td>\n<td style=\"width: 9.31538%; vertical-align: middle;\"><\/td>\n<\/tr>\n<tr>\n<td style=\"width: 8.97868%; vertical-align: middle;\">PDCT01-201<\/td>\n<td style=\"width: 10.5499%; vertical-align: middle;\" rowspan=\"5\">720<\/td>\n<td style=\"width: 895px; vertical-align: middle;\" rowspan=\"5\">0,53@720nm<\/td>\n<td style=\"width: 8.52974%; vertical-align: middle;\">1<\/td>\n<td style=\"width: 10.5499%; vertical-align: middle;\">20<\/td>\n<td style=\"width: 13.2435%; vertical-align: middle;\">0.04<\/td>\n<td style=\"width: 13.1313%; vertical-align: middle;\">1.1\u00d71.1<\/td>\n<td style=\"width: 9.76431%; vertical-align: middle;\">Borosilikat<\/td>\n<td style=\"width: 9.31538%; vertical-align: middle;\">TO18\/2PIN<\/td>\n<\/tr>\n<tr>\n<td style=\"width: 8.97868%; vertical-align: middle;\">PDCT01-202<\/td>\n<td style=\"width: 8.52974%; vertical-align: middle;\">1<\/td>\n<td style=\"width: 10.5499%; vertical-align: middle;\">20<\/td>\n<td style=\"width: 13.2435%; vertical-align: middle;\">0.04<\/td>\n<td style=\"width: 13.1313%; vertical-align: middle;\">1.1\u00d71.1<\/td>\n<td style=\"width: 9.76431%; vertical-align: middle;\">Kugellinse<\/td>\n<td style=\"width: 9.31538%; vertical-align: middle;\">TO18\/2PIN<\/td>\n<\/tr>\n<tr>\n<td style=\"width: 8.97868%; vertical-align: middle;\">PDCT07-001<\/td>\n<td style=\"width: 8.52974%; vertical-align: middle;\">2.5<\/td>\n<td style=\"width: 10.5499%; vertical-align: middle;\">70<\/td>\n<td style=\"width: 13.2435%; vertical-align: middle;\">0.15<\/td>\n<td style=\"width: 13.1313%; vertical-align: middle;\">2.6\u00d72.6<\/td>\n<td style=\"width: 9.76431%; vertical-align: middle;\">Borosilikat<\/td>\n<td style=\"width: 9.31538%; vertical-align: middle;\">TO5\/2PIN<\/td>\n<\/tr>\n<tr>\n<td style=\"width: 8.97868%; vertical-align: middle;\">PDCT14-001<\/td>\n<td style=\"width: 8.52974%; vertical-align: middle;\">3.5<\/td>\n<td style=\"width: 10.5499%; vertical-align: middle;\">160<\/td>\n<td style=\"width: 13.2435%; vertical-align: middle;\">0.35<\/td>\n<td style=\"width: 13.1313%; vertical-align: middle;\">3.7\u00d73.7<\/td>\n<td style=\"width: 9.76431%; vertical-align: middle;\">Borosilikat<\/td>\n<td style=\"width: 9.31538%; vertical-align: middle;\">TO5\/2PIN<\/td>\n<\/tr>\n<tr>\n<td style=\"width: 8.97868%; vertical-align: middle;\">PDCT34-101<\/td>\n<td style=\"width: 8.52974%; vertical-align: middle;\">5<\/td>\n<td style=\"width: 10.5499%; vertical-align: middle;\">350<\/td>\n<td style=\"width: 13.2435%; vertical-align: middle;\">0.77<\/td>\n<td style=\"width: 13.1313%; vertical-align: middle;\">5.8\u00d75.8<\/td>\n<td style=\"width: 9.76431%; vertical-align: middle;\">Borosilikat<\/td>\n<td style=\"width: 9.31538%; vertical-align: middle;\">TO8\/2PIN<\/td>\n<\/tr>\n<tr>\n<td style=\"width: 8.97868%; vertical-align: middle;\">PDCD07-001<\/td>\n<td style=\"width: 10.5499%; vertical-align: middle;\" rowspan=\"10\">800<\/td>\n<td style=\"width: 14.2536%; vertical-align: middle;\" rowspan=\"10\">0,36@560nm<\/p>\n<p>0,43@633nm<\/p>\n<p>0,52@800nm<\/td>\n<td style=\"width: 8.52974%; vertical-align: middle;\">2.5<\/td>\n<td style=\"width: 10.5499%; vertical-align: middle;\">70<\/td>\n<td style=\"width: 13.2435%; vertical-align: middle;\">0.15<\/td>\n<td style=\"width: 13.1313%; vertical-align: middle;\">2.6\u00d72.6<\/td>\n<td style=\"width: 9.76431%; vertical-align: middle;\">Harz<\/td>\n<td style=\"width: 9.31538%; vertical-align: middle;\">DIP<\/td>\n<\/tr>\n<tr>\n<td style=\"width: 8.97868%; vertical-align: middle;\">PDCD07-201<\/td>\n<td style=\"width: 8.52974%; vertical-align: middle;\">2.5<\/td>\n<td style=\"width: 10.5499%; vertical-align: middle;\">70<\/td>\n<td style=\"width: 13.2435%; vertical-align: middle;\">0.15<\/td>\n<td style=\"width: 13.1313%; vertical-align: middle;\">2.6\u00d72.6<\/td>\n<td style=\"width: 9.76431%; vertical-align: middle;\">Harz<\/td>\n<td style=\"width: 9.31538%; vertical-align: middle;\">DIP<\/td>\n<\/tr>\n<tr>\n<td style=\"width: 8.97868%; vertical-align: middle;\">PDCD10-001<\/td>\n<td style=\"width: 8.52974%; vertical-align: middle;\">3.5<\/td>\n<td style=\"width: 10.5499%; vertical-align: middle;\">115<\/td>\n<td style=\"width: 13.2435%; vertical-align: middle;\">0.25<\/td>\n<td style=\"width: 13.1313%; vertical-align: middle;\">3.2\u00d73.2<\/td>\n<td style=\"width: 9.76431%; vertical-align: middle;\">Harz<\/td>\n<td style=\"width: 9.31538%; vertical-align: middle;\">DIP<\/td>\n<\/tr>\n<tr>\n<td style=\"width: 8.97868%; vertical-align: middle;\">PDCD34-101<\/td>\n<td style=\"width: 8.52974%; vertical-align: middle;\">5<\/td>\n<td style=\"width: 10.5499%; vertical-align: middle;\">400<\/td>\n<td style=\"width: 13.2435%; vertical-align: middle;\">0.9<\/td>\n<td style=\"width: 13.1313%; vertical-align: middle;\">5.8\u00d75.8<\/td>\n<td style=\"width: 9.76431%; vertical-align: middle;\">Harz<\/td>\n<td style=\"width: 9.31538%; vertical-align: middle;\">DIP<\/td>\n<\/tr>\n<tr>\n<td style=\"width: 8.97868%; vertical-align: middle;\">PDCD100-101<\/td>\n<td style=\"width: 8.52974%; vertical-align: middle;\">15<\/td>\n<td style=\"width: 10.5499%; vertical-align: middle;\">800<\/td>\n<td style=\"width: 13.2435%; vertical-align: middle;\">1.8<\/td>\n<td style=\"width: 13.1313%; vertical-align: middle;\">10\u00d710<\/td>\n<td style=\"width: 9.76431%; vertical-align: middle;\">Harz<\/td>\n<td style=\"width: 9.31538%; vertical-align: middle;\">DIP<\/td>\n<\/tr>\n<tr>\n<td style=\"width: 8.97868%; vertical-align: middle;\">PDCC07-003<\/td>\n<td style=\"width: 8.52974%; vertical-align: middle;\">2.5<\/td>\n<td style=\"width: 10.5499%; vertical-align: middle;\">70<\/td>\n<td style=\"width: 13.2435%; vertical-align: middle;\">0.15<\/td>\n<td style=\"width: 13.1313%; vertical-align: middle;\">2.6\u00d72.6<\/td>\n<td style=\"width: 9.76431%; vertical-align: middle;\">Harz<\/td>\n<td style=\"width: 9.31538%; vertical-align: middle;\">COB<\/td>\n<\/tr>\n<tr>\n<td style=\"width: 8.97868%; vertical-align: middle;\">PDCC07-101<\/td>\n<td style=\"width: 8.52974%; vertical-align: middle;\">2.5<\/td>\n<td style=\"width: 10.5499%; vertical-align: middle;\">80<\/td>\n<td style=\"width: 13.2435%; vertical-align: middle;\">0.18<\/td>\n<td style=\"width: 13.1313%; vertical-align: middle;\">\u03a63.0<\/td>\n<td style=\"width: 9.76431%; vertical-align: middle;\">Harz<\/td>\n<td style=\"width: 9.31538%; vertical-align: middle;\">COB<\/td>\n<\/tr>\n<tr>\n<td style=\"width: 8.97868%; vertical-align: middle;\">PDCC14-001<\/td>\n<td style=\"width: 8.52974%; vertical-align: middle;\">3.5<\/td>\n<td style=\"width: 10.5499%; vertical-align: middle;\">160<\/td>\n<td style=\"width: 13.2435%; vertical-align: middle;\">0.35<\/td>\n<td style=\"width: 13.1313%; vertical-align: middle;\">3.7\u00d73.7<\/td>\n<td style=\"width: 9.76431%; vertical-align: middle;\">Harz<\/td>\n<td style=\"width: 9.31538%; vertical-align: middle;\">COB<\/td>\n<\/tr>\n<tr>\n<td style=\"width: 8.97868%; vertical-align: middle;\">PDCC34-001<\/td>\n<td style=\"width: 8.52974%; vertical-align: middle;\">5<\/td>\n<td style=\"width: 10.5499%; vertical-align: middle;\">400<\/td>\n<td style=\"width: 13.2435%; vertical-align: middle;\">0.9<\/td>\n<td style=\"width: 13.1313%; vertical-align: middle;\">5.8\u00d75.8<\/td>\n<td style=\"width: 9.76431%; vertical-align: middle;\">Harz<\/td>\n<td style=\"width: 9.31538%; vertical-align: middle;\">COB<\/td>\n<\/tr>\n<tr>\n<td style=\"width: 8.97868%; vertical-align: middle;\">PDCC100-001<\/td>\n<td style=\"width: 8.52974%; vertical-align: middle;\">15<\/td>\n<td style=\"width: 10.5499%; vertical-align: middle;\">800<\/td>\n<td style=\"width: 13.2435%; vertical-align: middle;\">1.8<\/td>\n<td style=\"width: 13.1313%; vertical-align: middle;\">10\u00d710<\/td>\n<td style=\"width: 9.76431%; vertical-align: middle;\">Harz<\/td>\n<td style=\"width: 9.31538%; vertical-align: middle;\">COB<\/td>\n<\/tr>\n<\/tbody>\n<\/table>\n<p><img fetchpriority=\"high\" decoding=\"async\" class=\"aligncenter size-full wp-image-721\" src=\"https:\/\/photo-detector.com\/wp-content\/uploads\/2025\/11\/PDCD10-001-pic-scaled.webp\" alt=\"PDCD10-001-pic\" width=\"2560\" height=\"2420\" srcset=\"https:\/\/photo-detector.com\/wp-content\/uploads\/2025\/11\/PDCD10-001-pic-scaled.webp 2560w, https:\/\/photo-detector.com\/wp-content\/uploads\/2025\/11\/PDCD10-001-pic-300x284.webp 300w, https:\/\/photo-detector.com\/wp-content\/uploads\/2025\/11\/PDCD10-001-pic-1024x968.webp 1024w, https:\/\/photo-detector.com\/wp-content\/uploads\/2025\/11\/PDCD10-001-pic-768x726.webp 768w, https:\/\/photo-detector.com\/wp-content\/uploads\/2025\/11\/PDCD10-001-pic-1536x1452.webp 1536w, https:\/\/photo-detector.com\/wp-content\/uploads\/2025\/11\/PDCD10-001-pic-2048x1936.webp 2048w, https:\/\/photo-detector.com\/wp-content\/uploads\/2025\/11\/PDCD10-001-pic-600x567.webp 600w\" sizes=\"(max-width: 2560px) 100vw, 2560px\" \/><\/p>","protected":false},"excerpt":{"rendered":"<p>Erzielen Sie genaue Ergebnisse mit unserer Wide Spectral Response Photodiode. Diese Si-PIN-Photodiode (350-1060 nm) zeichnet sich durch eine au\u00dfergew\u00f6hnliche Empfindlichkeit und einen niedrigen Dunkelstrom aus, was sie perfekt f\u00fcr analytische Instrumente macht. Ihr harzbeschichtetes DIP-Geh\u00e4use gew\u00e4hrleistet Langlebigkeit f\u00fcr alle Ihre Anforderungen in der Spektralphotometrie und bei analytischen Messungen.<\/p>","protected":false},"featured_media":720,"template":"","meta":[],"product_brand":[31],"product_cat":[25,32],"product_tag":[111,123,136,98,135,134,137],"class_list":{"0":"post-719","1":"product","2":"type-product","3":"status-publish","4":"has-post-thumbnail","6":"product_brand-bee-photon","7":"product_cat-si-pin-photodiodes","8":"product_cat-low-dark-current","9":"product_tag-analytical-instruments","10":"product_tag-low-noise-photodiode","11":"product_tag-precision-photometry","12":"product_tag-si-pin-photodiode","13":"product_tag-spectrophotometer","14":"product_tag-wide-spectral-response","15":"product_tag-wide-spectral-response-photodiode","16":"pa_dark-current-3-5","17":"pa_junction-capacitance-131","18":"pa_package-dip","19":"pa_peak-sensitivity-wavelength-49","20":"pa_photosensitive-area-size-3-2x3-2","21":"pa_photosensitivity-0-36560nm","22":"pa_photosensitivity-0-43633nm","23":"pa_photosensitivity-0-52800nm","24":"pa_rise-time-0-25","25":"pa_window-material-resin","27":"first","28":"instock","29":"shipping-taxable","30":"product-type-simple"},"_links":{"self":[{"href":"https:\/\/photo-detector.com\/de\/wp-json\/wp\/v2\/product\/719","targetHints":{"allow":["GET"]}}],"collection":[{"href":"https:\/\/photo-detector.com\/de\/wp-json\/wp\/v2\/product"}],"about":[{"href":"https:\/\/photo-detector.com\/de\/wp-json\/wp\/v2\/types\/product"}],"wp:featuredmedia":[{"embeddable":true,"href":"https:\/\/photo-detector.com\/de\/wp-json\/wp\/v2\/media\/720"}],"wp:attachment":[{"href":"https:\/\/photo-detector.com\/de\/wp-json\/wp\/v2\/media?parent=719"}],"wp:term":[{"taxonomy":"product_brand","embeddable":true,"href":"https:\/\/photo-detector.com\/de\/wp-json\/wp\/v2\/product_brand?post=719"},{"taxonomy":"product_cat","embeddable":true,"href":"https:\/\/photo-detector.com\/de\/wp-json\/wp\/v2\/product_cat?post=719"},{"taxonomy":"product_tag","embeddable":true,"href":"https:\/\/photo-detector.com\/de\/wp-json\/wp\/v2\/product_tag?post=719"}],"curies":[{"name":"wp","href":"https:\/\/api.w.org\/{rel}","templated":true}]}}