{"id":768,"date":"2025-11-05T03:00:18","date_gmt":"2025-11-05T03:00:18","guid":{"rendered":"https:\/\/photo-detector.com\/?post_type=product&#038;p=768"},"modified":"2026-02-06T05:36:17","modified_gmt":"2026-02-06T05:36:17","slug":"photodiode-mit-hoher-quanteneffizienz","status":"publish","type":"product","link":"https:\/\/photo-detector.com\/de\/produkt\/photodiode-mit-hoher-quanteneffizienz\/","title":{"rendered":"Si-PIN-Photodiode mit erh\u00f6hter UV-Empfindlichkeit (320-1060nm) PDCC34-601"},"content":{"rendered":"<table>\n<tbody>\n<tr>\n<td style=\"background-color: #f4a320; width: 1392px; text-align: center;\" colspan=\"9\" width=\"1392\"><strong><b>Si PD mit erh\u00f6hter UV-Empfindlichkeit<\/b><\/strong><strong><b>\u00a0(320-1060nm)<\/b><\/strong><\/td>\n<\/tr>\n<tr>\n<td style=\"text-align: center;\" rowspan=\"2\" width=\"149\"><strong><b>Typ <\/b><\/strong><strong><b>N<\/b><\/strong><strong><b>o.<\/b><\/strong><\/td>\n<td style=\"text-align: center;\" rowspan=\"2\" width=\"172\"><strong><b>Spitzenempfindlichkeit Wellenl\u00e4nge<\/b><\/strong><\/td>\n<td style=\"text-align: center;\" rowspan=\"2\" width=\"174\"><strong><b>Lichtempfindlichkeit<\/b><\/strong><\/td>\n<td style=\"text-align: center;\" width=\"140\"><strong><b>Dunkler Strom<\/b><\/strong><\/td>\n<td style=\"text-align: center;\" width=\"223\"><strong><b>\u00dcbergangskapazit\u00e4t<\/b><\/strong><\/td>\n<td style=\"text-align: center;\" width=\"140\"><strong><b>Anstiegszeit<\/b><\/strong><\/td>\n<td style=\"text-align: center;\" rowspan=\"2\" width=\"165\"><strong><b>Gr\u00f6\u00dfe der lichtempfindlichen Fl\u00e4che<\/b><\/strong><\/td>\n<td style=\"text-align: center;\" rowspan=\"2\" width=\"120\"><strong><b>Material der Fenster<\/b><\/strong><\/td>\n<td style=\"text-align: center;\" rowspan=\"2\" width=\"106\"><strong><b>Paket<\/b><\/strong><\/td>\n<\/tr>\n<tr>\n<td style=\"text-align: center;\" width=\"140\">V<sub>R<\/sub>=10mV<\/td>\n<td style=\"text-align: center;\" width=\"223\">V<sub>R<\/sub>=0V<\/td>\n<td style=\"text-align: center;\" width=\"140\">V<sub>R<\/sub>=0V; R<sub>L<\/sub>=1k\u03a9<\/td>\n<\/tr>\n<tr>\n<td style=\"text-align: center;\" width=\"149\"><\/td>\n<td style=\"text-align: center;\" width=\"172\">[nm]<\/td>\n<td style=\"text-align: center;\" width=\"174\">[A\/W]<\/td>\n<td style=\"text-align: center;\" width=\"140\">[pA]<\/td>\n<td style=\"text-align: center;\" width=\"223\">[pF]<\/td>\n<td style=\"text-align: center;\" width=\"140\">[\u03bcs]<\/td>\n<td style=\"text-align: center;\" width=\"165\">[mm]<\/td>\n<td style=\"text-align: center;\" width=\"120\"><\/td>\n<td style=\"text-align: center;\" width=\"106\"><\/td>\n<\/tr>\n<tr>\n<td style=\"text-align: center;\" width=\"149\">PDCT01-801<\/td>\n<td style=\"text-align: center;\" rowspan=\"14\" width=\"172\">800<\/td>\n<td style=\"text-align: center;\" rowspan=\"5\" width=\"174\">0,16@365nm<\/p>\n<p>0,47@800nm<\/td>\n<td style=\"text-align: center;\" width=\"140\">2<\/td>\n<td style=\"text-align: center;\" width=\"223\">15<\/td>\n<td style=\"text-align: center;\" width=\"140\">0.05<\/td>\n<td style=\"text-align: center;\" width=\"165\">1.1\u00d71.1<\/td>\n<td style=\"text-align: center;\" width=\"120\">Borosilikat<\/td>\n<td style=\"text-align: center;\" width=\"106\">TO18\/2PIN<\/td>\n<\/tr>\n<tr>\n<td style=\"text-align: center;\" width=\"149\">PDCT07-601<\/td>\n<td style=\"text-align: center;\" width=\"140\">5<\/td>\n<td style=\"text-align: center;\" width=\"223\">60<\/td>\n<td style=\"text-align: center;\" width=\"140\">0.13<\/td>\n<td style=\"text-align: center;\" width=\"165\">2.6\u00d72.6<\/td>\n<td style=\"text-align: center;\" width=\"120\">Borosilikat<\/td>\n<td style=\"text-align: center;\" width=\"106\">TO5\/2PIN<\/td>\n<\/tr>\n<tr>\n<td style=\"text-align: center;\" width=\"149\">PDCT14-601<\/td>\n<td style=\"text-align: center;\" width=\"140\">8<\/td>\n<td style=\"text-align: center;\" width=\"223\">120<\/td>\n<td style=\"text-align: center;\" width=\"140\">0.26<\/td>\n<td style=\"text-align: center;\" width=\"165\">3.7\u00d73.7<\/td>\n<td style=\"text-align: center;\" width=\"120\">Borosilikat<\/td>\n<td style=\"text-align: center;\" width=\"106\">TO5\/2PIN<\/td>\n<\/tr>\n<tr>\n<td style=\"text-align: center;\" width=\"149\">PDCT16-601<\/td>\n<td style=\"text-align: center;\" width=\"140\">10<\/td>\n<td style=\"text-align: center;\" width=\"223\">150<\/td>\n<td style=\"text-align: center;\" width=\"140\">0.33<\/td>\n<td style=\"text-align: center;\" width=\"165\">4.0\u00d74.0<\/td>\n<td style=\"text-align: center;\" width=\"120\">Borosilikat<\/td>\n<td style=\"text-align: center;\" width=\"106\">TO5\/2PIN<\/td>\n<\/tr>\n<tr>\n<td style=\"text-align: center;\" width=\"149\">PDCT34-701<\/td>\n<td style=\"text-align: center;\" width=\"140\">15<\/td>\n<td style=\"text-align: center;\" width=\"223\">300<\/td>\n<td style=\"text-align: center;\" width=\"140\">0.66<\/td>\n<td style=\"text-align: center;\" width=\"165\">5.8\u00d75.8<\/td>\n<td style=\"text-align: center;\" width=\"120\">Borosilikat<\/td>\n<td style=\"text-align: center;\" width=\"106\">TO8\/2PIN<\/td>\n<\/tr>\n<tr>\n<td style=\"text-align: center;\" width=\"149\">PDCD07-601<\/td>\n<td style=\"text-align: center;\" rowspan=\"5\" width=\"174\">0,14@365nm<\/p>\n<p>0,54@800nm<\/td>\n<td style=\"text-align: center;\" width=\"140\">5<\/td>\n<td style=\"text-align: center;\" width=\"223\">60<\/td>\n<td style=\"text-align: center;\" width=\"140\">0.13<\/td>\n<td style=\"text-align: center;\" width=\"165\">2.6\u00d72.6<\/td>\n<td style=\"text-align: center;\" width=\"120\">Harz<\/td>\n<td style=\"text-align: center;\" width=\"106\">DIP<\/td>\n<\/tr>\n<tr>\n<td style=\"text-align: center;\" width=\"149\">PDCD07-801<\/td>\n<td style=\"text-align: center;\" width=\"140\">5<\/td>\n<td style=\"text-align: center;\" width=\"223\">60<\/td>\n<td style=\"text-align: center;\" width=\"140\">0.13<\/td>\n<td style=\"text-align: center;\" width=\"165\">2.6\u00d72.6<\/td>\n<td style=\"text-align: center;\" width=\"120\">Harz<\/td>\n<td style=\"text-align: center;\" width=\"106\">DIP<\/td>\n<\/tr>\n<tr>\n<td style=\"text-align: center;\" width=\"149\">PDCD10-801<\/td>\n<td style=\"text-align: center;\" width=\"140\">8<\/td>\n<td style=\"text-align: center;\" width=\"223\">90<\/td>\n<td style=\"text-align: center;\" width=\"140\">0.2<\/td>\n<td style=\"text-align: center;\" width=\"165\">3.2\u00d73.2<\/td>\n<td style=\"text-align: center;\" width=\"120\">Harz<\/td>\n<td style=\"text-align: center;\" width=\"106\">DIP<\/td>\n<\/tr>\n<tr>\n<td style=\"text-align: center;\" width=\"149\">PDCD34-701<\/td>\n<td style=\"text-align: center;\" width=\"140\">15<\/td>\n<td style=\"text-align: center;\" width=\"223\">300<\/td>\n<td style=\"text-align: center;\" width=\"140\">0.66<\/td>\n<td style=\"text-align: center;\" width=\"165\">5.8\u00d75.8<\/td>\n<td style=\"text-align: center;\" width=\"120\">Harz<\/td>\n<td style=\"text-align: center;\" width=\"106\">DIP<\/td>\n<\/tr>\n<tr>\n<td style=\"text-align: center;\" width=\"149\">PDCD100-301<\/td>\n<td style=\"text-align: center;\" width=\"140\">25<\/td>\n<td style=\"text-align: center;\" width=\"223\">800<\/td>\n<td style=\"text-align: center;\" width=\"140\">1.76<\/td>\n<td style=\"text-align: center;\" width=\"165\">10\u00d710<\/td>\n<td style=\"text-align: center;\" width=\"120\">Harz<\/td>\n<td style=\"text-align: center;\" width=\"106\">DIP<\/td>\n<\/tr>\n<tr>\n<td style=\"text-align: center;\" width=\"149\">PDCC07-601<\/td>\n<td style=\"text-align: center;\" rowspan=\"4\" width=\"174\">0,14@365nm<\/p>\n<p>0,54@800nm<\/td>\n<td style=\"text-align: center;\" width=\"140\">5<\/td>\n<td style=\"text-align: center;\" width=\"223\">60<\/td>\n<td style=\"text-align: center;\" width=\"140\">0.13<\/td>\n<td style=\"text-align: center;\" width=\"165\">2.6\u00d72.6<\/td>\n<td style=\"text-align: center;\" width=\"120\">Harz<\/td>\n<td style=\"text-align: center;\" width=\"106\">COB<\/td>\n<\/tr>\n<tr>\n<td style=\"text-align: center;\" width=\"149\">PDCC14-601<\/td>\n<td style=\"text-align: center;\" width=\"140\">10<\/td>\n<td style=\"text-align: center;\" width=\"223\">120<\/td>\n<td style=\"text-align: center;\" width=\"140\">0.26<\/td>\n<td style=\"text-align: center;\" width=\"165\">3.7\u00d73.7<\/td>\n<td style=\"text-align: center;\" width=\"120\">Harz<\/td>\n<td style=\"text-align: center;\" width=\"106\">COB<\/td>\n<\/tr>\n<tr>\n<td style=\"text-align: center;\" width=\"149\">PDCC34-601<\/td>\n<td style=\"text-align: center;\" width=\"140\">15<\/td>\n<td style=\"text-align: center;\" width=\"223\">300<\/td>\n<td style=\"text-align: center;\" width=\"140\">0.66<\/td>\n<td style=\"text-align: center;\" width=\"165\">5.8\u00d75.8<\/td>\n<td style=\"text-align: center;\" width=\"120\">Harz<\/td>\n<td style=\"text-align: center;\" width=\"106\">COB<\/td>\n<\/tr>\n<tr>\n<td style=\"text-align: center;\" width=\"149\">PDCC100-701<\/td>\n<td style=\"text-align: center;\" width=\"140\">25<\/td>\n<td style=\"text-align: center;\" width=\"223\">800<\/td>\n<td style=\"text-align: center;\" width=\"140\">1.76<\/td>\n<td style=\"text-align: center;\" width=\"165\">10\u00d710<\/td>\n<td style=\"text-align: center;\" width=\"120\">Harz<\/td>\n<td style=\"text-align: center;\" width=\"106\">COB<\/td>\n<\/tr>\n<\/tbody>\n<\/table>\n<p><img fetchpriority=\"high\" decoding=\"async\" class=\"aligncenter size-full wp-image-769\" src=\"https:\/\/photo-detector.com\/wp-content\/uploads\/2025\/11\/PDCC34-601-pic-scaled.webp\" alt=\"PDCC34-601-pic\" width=\"2560\" height=\"2420\" srcset=\"https:\/\/photo-detector.com\/wp-content\/uploads\/2025\/11\/PDCC34-601-pic-scaled.webp 2560w, https:\/\/photo-detector.com\/wp-content\/uploads\/2025\/11\/PDCC34-601-pic-300x284.webp 300w, https:\/\/photo-detector.com\/wp-content\/uploads\/2025\/11\/PDCC34-601-pic-1024x968.webp 1024w, https:\/\/photo-detector.com\/wp-content\/uploads\/2025\/11\/PDCC34-601-pic-768x726.webp 768w, https:\/\/photo-detector.com\/wp-content\/uploads\/2025\/11\/PDCC34-601-pic-1536x1452.webp 1536w, https:\/\/photo-detector.com\/wp-content\/uploads\/2025\/11\/PDCC34-601-pic-2048x1936.webp 2048w, https:\/\/photo-detector.com\/wp-content\/uploads\/2025\/11\/PDCC34-601-pic-600x567.webp 600w\" sizes=\"(max-width: 2560px) 100vw, 2560px\" \/><\/p>","protected":false},"excerpt":{"rendered":"<p>Erleben Sie unsere High Quantum Efficiency Photodiode f\u00fcr pr\u00e4zise UV-NIR-Detektion. Das COB-Design und die erh\u00f6hte UV-Empfindlichkeit (320-1060 nm) machen diese Si-PIN-Photodiode ideal f\u00fcr kompakte, leistungsstarke Anwendungen.<\/p>","protected":false},"featured_media":770,"template":"","meta":[],"product_brand":[31],"product_cat":[25,34],"product_tag":[236,193,235,238,237,126,228,225],"class_list":{"0":"post-768","1":"product","2":"type-product","3":"status-publish","4":"has-post-thumbnail","6":"product_brand-bee-photon","7":"product_cat-si-pin-photodiodes","8":"product_cat-uv-sensitivity-enchanced","9":"product_tag-320-1060nm-sensor","10":"product_tag-cob-photodiode","11":"product_tag-high-quantum-efficiency-photodiode","12":"product_tag-high-sensitivity-photodiode","13":"product_tag-medical-photodetector","14":"product_tag-si-pin-detector","15":"product_tag-spectroscopy-sensor","16":"product_tag-uv-enhanced-photodiode","17":"pa_dark-current-139","18":"pa_junction-capacitance-233","19":"pa_package-cob","20":"pa_peak-sensitivity-wavelength-49","21":"pa_photosensitive-area-size-5-8x5-8","22":"pa_photosensitivity-0-14365nm","23":"pa_photosensitivity-0-54800nm","24":"pa_rise-time-0-66","25":"pa_window-material-resin","27":"first","28":"instock","29":"shipping-taxable","30":"product-type-simple"},"_links":{"self":[{"href":"https:\/\/photo-detector.com\/de\/wp-json\/wp\/v2\/product\/768","targetHints":{"allow":["GET"]}}],"collection":[{"href":"https:\/\/photo-detector.com\/de\/wp-json\/wp\/v2\/product"}],"about":[{"href":"https:\/\/photo-detector.com\/de\/wp-json\/wp\/v2\/types\/product"}],"wp:featuredmedia":[{"embeddable":true,"href":"https:\/\/photo-detector.com\/de\/wp-json\/wp\/v2\/media\/770"}],"wp:attachment":[{"href":"https:\/\/photo-detector.com\/de\/wp-json\/wp\/v2\/media?parent=768"}],"wp:term":[{"taxonomy":"product_brand","embeddable":true,"href":"https:\/\/photo-detector.com\/de\/wp-json\/wp\/v2\/product_brand?post=768"},{"taxonomy":"product_cat","embeddable":true,"href":"https:\/\/photo-detector.com\/de\/wp-json\/wp\/v2\/product_cat?post=768"},{"taxonomy":"product_tag","embeddable":true,"href":"https:\/\/photo-detector.com\/de\/wp-json\/wp\/v2\/product_tag?post=768"}],"curies":[{"name":"wp","href":"https:\/\/api.w.org\/{rel}","templated":true}]}}