{"id":777,"date":"2025-11-05T05:44:43","date_gmt":"2025-11-05T05:44:43","guid":{"rendered":"https:\/\/photo-detector.com\/?post_type=product&#038;p=777"},"modified":"2025-11-05T06:09:00","modified_gmt":"2025-11-05T06:09:00","slug":"schnelle-anstiegszeit-si-pin-photodiode","status":"publish","type":"product","link":"https:\/\/photo-detector.com\/de\/produkt\/schnelle-anstiegszeit-si-pin-photodiode\/","title":{"rendered":"Si-PIN-Photodiode mit erh\u00f6hter UV-Empfindlichkeit (190-1100nm) PDCT06-F01"},"content":{"rendered":"<table>\n<tbody>\n<tr>\n<td style=\"width: 1392px; background-color: #f4a320; text-align: center;\" colspan=\"9\" width=\"1392\"><strong><b>Si PD mit erh\u00f6hter UV-Empfindlichkeit - Serie F<\/b><\/strong><strong><b>(190-1100nm)<\/b><\/strong><\/td>\n<\/tr>\n<tr>\n<td style=\"text-align: center;\" rowspan=\"2\" width=\"148\"><strong><b>Typ <\/b><\/strong><strong><b>N<\/b><\/strong><strong><b>o.<\/b><\/strong><\/td>\n<td style=\"text-align: center;\" rowspan=\"2\" width=\"172\"><strong><b>Spitzenempfindlichkeit Wellenl\u00e4nge<\/b><\/strong><\/td>\n<td style=\"text-align: center;\" rowspan=\"2\" width=\"172\"><strong><b>Lichtempfindlichkeit<\/b><\/strong><\/td>\n<td style=\"text-align: center;\" width=\"143\"><strong><b>Dunkler Strom<\/b><\/strong><\/td>\n<td style=\"text-align: center;\" width=\"221\"><strong><b>\u00dcbergangskapazit\u00e4t<\/b><\/strong><\/td>\n<td style=\"text-align: center;\" width=\"138\"><strong><b>Anstiegszeit<\/b><\/strong><\/td>\n<td style=\"text-align: center;\" rowspan=\"2\" width=\"167\"><strong><b>Gr\u00f6\u00dfe der lichtempfindlichen Fl\u00e4che<\/b><\/strong><\/td>\n<td style=\"text-align: center;\" rowspan=\"2\" width=\"120\"><strong><b>Material der Fenster<\/b><\/strong><\/td>\n<td style=\"text-align: center;\" rowspan=\"2\" width=\"107\"><strong><b>Paket<\/b><\/strong><\/td>\n<\/tr>\n<tr>\n<td style=\"text-align: center;\" width=\"143\">V<sub>R<\/sub>=10mV<\/td>\n<td style=\"text-align: center;\" width=\"221\">V<sub>R<\/sub>=0V<\/td>\n<td style=\"text-align: center;\" width=\"138\">V<sub>R<\/sub>=0V;R<sub>L<\/sub>=1k\u03a9<\/td>\n<\/tr>\n<tr>\n<td style=\"text-align: center;\" width=\"148\"><\/td>\n<td style=\"text-align: center;\" width=\"172\">[nm]<\/td>\n<td style=\"text-align: center;\" width=\"172\">[A\/W]<\/td>\n<td style=\"text-align: center;\" width=\"143\">[pA]<\/td>\n<td style=\"text-align: center;\" width=\"221\">[pF]<\/td>\n<td style=\"text-align: center;\" width=\"138\">[\u03bcs]<\/td>\n<td style=\"text-align: center;\" width=\"167\">[mm]<\/td>\n<td style=\"text-align: center;\" width=\"120\"><\/td>\n<td style=\"text-align: center;\" width=\"107\"><\/td>\n<\/tr>\n<tr>\n<td style=\"text-align: center;\" width=\"148\">PDCT01-F01<\/td>\n<td style=\"text-align: center;\" rowspan=\"4\" width=\"172\">1000<\/td>\n<td style=\"text-align: center;\" rowspan=\"4\" width=\"172\">0,11@200nm<\/p>\n<p>0,26@365nm<\/p>\n<p>0,47@633nm<\/p>\n<p>0,73@1000nm<\/td>\n<td style=\"text-align: center;\" width=\"143\">8<\/td>\n<td style=\"text-align: center;\" width=\"221\">15<\/td>\n<td style=\"text-align: center;\" width=\"138\">0.03<\/td>\n<td style=\"text-align: center;\" width=\"167\">1.0\u00d71.0<\/td>\n<td style=\"text-align: center;\" width=\"120\">Quarz<\/td>\n<td style=\"text-align: center;\" width=\"107\">TO18\/2PIN<\/td>\n<\/tr>\n<tr>\n<td style=\"text-align: center;\" width=\"148\">PDCT06-F01<\/td>\n<td style=\"text-align: center;\" width=\"143\">10<\/td>\n<td style=\"text-align: center;\" width=\"221\">75<\/td>\n<td style=\"text-align: center;\" width=\"138\">0.16<\/td>\n<td style=\"text-align: center;\" width=\"167\">2.4\u00d72.4<\/td>\n<td style=\"text-align: center;\" width=\"120\">Quarz<\/td>\n<td style=\"text-align: center;\" width=\"107\">TO5\/2PIN<\/td>\n<\/tr>\n<tr>\n<td style=\"text-align: center;\" width=\"148\">PDCT25-F01<\/td>\n<td style=\"text-align: center;\" width=\"143\">20<\/td>\n<td style=\"text-align: center;\" width=\"221\">350<\/td>\n<td style=\"text-align: center;\" width=\"138\">0.77<\/td>\n<td style=\"text-align: center;\" width=\"167\">5.0\u00d75.0<\/td>\n<td style=\"text-align: center;\" width=\"120\">Quarz<\/td>\n<td style=\"text-align: center;\" width=\"107\">TO8\/2PIN<\/td>\n<\/tr>\n<tr>\n<td style=\"text-align: center;\" width=\"148\">PDCD100-F01<\/td>\n<td style=\"text-align: center;\" width=\"143\">45<\/td>\n<td style=\"text-align: center;\" width=\"221\">1000<\/td>\n<td style=\"text-align: center;\" width=\"138\">2.2<\/td>\n<td style=\"text-align: center;\" width=\"167\">10\u00d710<\/td>\n<td style=\"text-align: center;\" width=\"120\">Quarz<\/td>\n<td style=\"text-align: center;\" width=\"107\">DIP<\/td>\n<\/tr>\n<\/tbody>\n<\/table>\n<p>&nbsp;<\/p>\n<p><img fetchpriority=\"high\" decoding=\"async\" class=\"aligncenter size-full wp-image-778\" src=\"https:\/\/photo-detector.com\/wp-content\/uploads\/2025\/11\/PDCT06-F01-pic-scaled.webp\" alt=\"PDCT06-F01-pic\" width=\"2560\" height=\"2420\" srcset=\"https:\/\/photo-detector.com\/wp-content\/uploads\/2025\/11\/PDCT06-F01-pic-scaled.webp 2560w, https:\/\/photo-detector.com\/wp-content\/uploads\/2025\/11\/PDCT06-F01-pic-300x284.webp 300w, https:\/\/photo-detector.com\/wp-content\/uploads\/2025\/11\/PDCT06-F01-pic-1024x968.webp 1024w, https:\/\/photo-detector.com\/wp-content\/uploads\/2025\/11\/PDCT06-F01-pic-768x726.webp 768w, https:\/\/photo-detector.com\/wp-content\/uploads\/2025\/11\/PDCT06-F01-pic-1536x1452.webp 1536w, https:\/\/photo-detector.com\/wp-content\/uploads\/2025\/11\/PDCT06-F01-pic-2048x1936.webp 2048w, https:\/\/photo-detector.com\/wp-content\/uploads\/2025\/11\/PDCT06-F01-pic-600x567.webp 600w\" sizes=\"(max-width: 2560px) 100vw, 2560px\" \/><\/p>","protected":false},"excerpt":{"rendered":"<p>Erzielen Sie eine schnelle Signalerfassung mit unserer Si-PIN-Photodiode mit schneller Anstiegszeit. Optimiert f\u00fcr optische Kommunikation und Impulserkennung mit niedriger Kapazit\u00e4t und hoher Zuverl\u00e4ssigkeit. Nutzen Sie noch heute die Leistung einer schnellen Si-PIN-Photodiode.<\/p>","protected":false},"featured_media":779,"template":"","meta":[],"product_brand":[31],"product_cat":[25,34],"product_tag":[273,271,125,275,272,126,274],"class_list":{"0":"post-777","1":"product","2":"type-product","3":"status-publish","4":"has-post-thumbnail","6":"product_brand-bee-photon","7":"product_cat-si-pin-photodiodes","8":"product_cat-uv-sensitivity-enchanced","9":"product_tag-fast-photodetector","10":"product_tag-fast-rise-time-si-pin-photodiode","11":"product_tag-high-speed-photodiode","12":"product_tag-laser-pulse-detection","13":"product_tag-optical-communication-detector","14":"product_tag-si-pin-detector","15":"product_tag-to-package-pin-diode","16":"pa_dark-current-219","17":"pa_junction-capacitance-268","18":"pa_package-to5-2pin","19":"pa_peak-sensitivity-wavelength-251","20":"pa_photosensitive-area-size-2-4x2-4","21":"pa_photosensitivity-0-11200nm","22":"pa_photosensitivity-0-26365nm","23":"pa_photosensitivity-0-47633nm","24":"pa_photosensitivity-0-731000nm","25":"pa_rise-time-0-16","26":"pa_window-material-quartz","28":"first","29":"instock","30":"shipping-taxable","31":"product-type-simple"},"_links":{"self":[{"href":"https:\/\/photo-detector.com\/de\/wp-json\/wp\/v2\/product\/777","targetHints":{"allow":["GET"]}}],"collection":[{"href":"https:\/\/photo-detector.com\/de\/wp-json\/wp\/v2\/product"}],"about":[{"href":"https:\/\/photo-detector.com\/de\/wp-json\/wp\/v2\/types\/product"}],"wp:featuredmedia":[{"embeddable":true,"href":"https:\/\/photo-detector.com\/de\/wp-json\/wp\/v2\/media\/779"}],"wp:attachment":[{"href":"https:\/\/photo-detector.com\/de\/wp-json\/wp\/v2\/media?parent=777"}],"wp:term":[{"taxonomy":"product_brand","embeddable":true,"href":"https:\/\/photo-detector.com\/de\/wp-json\/wp\/v2\/product_brand?post=777"},{"taxonomy":"product_cat","embeddable":true,"href":"https:\/\/photo-detector.com\/de\/wp-json\/wp\/v2\/product_cat?post=777"},{"taxonomy":"product_tag","embeddable":true,"href":"https:\/\/photo-detector.com\/de\/wp-json\/wp\/v2\/product_tag?post=777"}],"curies":[{"name":"wp","href":"https:\/\/api.w.org\/{rel}","templated":true}]}}