{"id":806,"date":"2025-11-06T03:04:20","date_gmt":"2025-11-06T03:04:20","guid":{"rendered":"https:\/\/photo-detector.com\/?post_type=product&#038;p=806"},"modified":"2025-11-06T03:40:34","modified_gmt":"2025-11-06T03:40:34","slug":"zweifarbiger-si-si-photodetektor","status":"publish","type":"product","link":"https:\/\/photo-detector.com\/de\/produkt\/zweifarbiger-si-si-photodetektor\/","title":{"rendered":"Zweifarbendetektor PDDT1514-001"},"content":{"rendered":"<table>\n<tbody>\n<tr>\n<td style=\"background-color: #f4a320; width: 1395px; text-align: center; vertical-align: middle;\" colspan=\"10\" width=\"1395\"><strong><b>Zwei-Farben-Detektor<\/b><\/strong><\/td>\n<\/tr>\n<tr>\n<td style=\"text-align: center; vertical-align: middle;\" rowspan=\"2\" width=\"170\"><strong><b>Typ <\/b><\/strong><strong><b>N<\/b><\/strong><strong><b>o.<\/b><\/strong><\/td>\n<td style=\"text-align: center; vertical-align: middle;\" rowspan=\"2\" width=\"160\"><strong><b>Element<\/b><\/strong><\/td>\n<td style=\"text-align: center; vertical-align: middle;\" width=\"112\"><strong><b>Spektraler Ansprechbereich<\/b><\/strong><\/td>\n<td style=\"text-align: center; vertical-align: middle;\" width=\"124\"><strong><b>Spitzenempfindlichkeit Wellenl\u00e4nge<\/b><\/strong><\/td>\n<td style=\"text-align: center; vertical-align: middle;\" width=\"170\"><strong><b>Lichtempfindlichkeit<\/b><\/strong><\/td>\n<td style=\"text-align: center; vertical-align: middle;\" width=\"106\"><strong><b>Dunkler Strom<\/b><\/strong><\/td>\n<td style=\"text-align: center; vertical-align: middle;\" width=\"128\"><strong><b>\u00dcbergangskapazit\u00e4t<\/b><\/strong><\/td>\n<td style=\"text-align: center; vertical-align: middle;\" width=\"161\"><strong><b>Gr\u00f6\u00dfe der lichtempfindlichen Fl\u00e4che<\/b><\/strong><\/td>\n<td style=\"text-align: center; vertical-align: middle;\" rowspan=\"2\" width=\"129\"><strong><b>Material der Fenster<\/b><\/strong><\/td>\n<td style=\"text-align: center; vertical-align: middle;\" rowspan=\"2\" width=\"132\"><strong><b>Paket<\/b><\/strong><\/td>\n<\/tr>\n<tr>\n<td style=\"text-align: center; vertical-align: middle;\" width=\"112\">[nm]<\/td>\n<td style=\"text-align: center; vertical-align: middle;\" width=\"124\">[nm]<\/td>\n<td style=\"text-align: center; vertical-align: middle;\" width=\"170\">[A\/W]<\/td>\n<td style=\"text-align: center; vertical-align: middle;\" width=\"106\">[pA]<\/td>\n<td style=\"text-align: center; vertical-align: middle;\" width=\"128\">[pF]<\/td>\n<td style=\"text-align: center; vertical-align: middle;\" width=\"161\">[mm]<\/td>\n<\/tr>\n<tr>\n<td style=\"text-align: center; vertical-align: middle;\" rowspan=\"2\" width=\"170\">PDDT1410-101<\/td>\n<td style=\"text-align: center; vertical-align: middle;\" width=\"160\">Si (oben)<\/td>\n<td style=\"text-align: center; vertical-align: middle;\" width=\"112\">320-1100<\/td>\n<td style=\"text-align: center; vertical-align: middle;\" width=\"124\">920<\/td>\n<td style=\"text-align: center; vertical-align: middle;\" width=\"170\">0,58@920nm<\/td>\n<td style=\"text-align: center; vertical-align: middle;\" width=\"106\">25@0.01V<\/td>\n<td style=\"text-align: center; vertical-align: middle;\" width=\"128\">180@0V<\/td>\n<td style=\"text-align: center; vertical-align: middle;\" width=\"161\">3.7\u00d73.7<\/td>\n<td style=\"text-align: center; vertical-align: middle;\" width=\"129\">Borosilikat<\/td>\n<td style=\"text-align: center; vertical-align: middle;\" width=\"132\">TO5\/4PIN<\/td>\n<\/tr>\n<tr>\n<td style=\"text-align: center; vertical-align: middle;\" width=\"160\">InGaAs (Unten)<\/td>\n<td style=\"text-align: center; vertical-align: middle;\" width=\"112\">800-1700<\/td>\n<td style=\"text-align: center; vertical-align: middle;\" width=\"124\">1550<\/td>\n<td style=\"text-align: center; vertical-align: middle;\" width=\"170\">1.1@1550nm<\/td>\n<td style=\"text-align: center; vertical-align: middle;\" width=\"106\">350@5V<\/td>\n<td style=\"text-align: center; vertical-align: middle;\" width=\"128\">40@5V<\/td>\n<td style=\"text-align: center; vertical-align: middle;\" width=\"161\">\u03a61.0<\/td>\n<td style=\"text-align: center; vertical-align: middle;\" width=\"129\">Borosilikat<\/td>\n<td style=\"text-align: center; vertical-align: middle;\" width=\"132\">TO5\/4PIN<\/td>\n<\/tr>\n<tr>\n<td style=\"text-align: center; vertical-align: middle;\" rowspan=\"2\" width=\"170\">PDDT1630-101<\/td>\n<td style=\"text-align: center; vertical-align: middle;\" width=\"160\">Si (oben)<\/td>\n<td style=\"text-align: center; vertical-align: middle;\" width=\"112\">400-1000<\/td>\n<td style=\"text-align: center; vertical-align: middle;\" width=\"124\">920<\/td>\n<td style=\"text-align: center; vertical-align: middle;\" width=\"170\">0,58@920nm<\/td>\n<td style=\"text-align: center; vertical-align: middle;\" width=\"106\">30@0.01V<\/td>\n<td style=\"text-align: center; vertical-align: middle;\" width=\"128\">190@0V<\/td>\n<td style=\"text-align: center; vertical-align: middle;\" width=\"161\">4\u00d74<\/td>\n<td style=\"text-align: center; vertical-align: middle;\" width=\"129\">Borosilikat<\/td>\n<td style=\"text-align: center; vertical-align: middle;\" width=\"132\">TO5\/4PIN<\/td>\n<\/tr>\n<tr>\n<td style=\"text-align: center; vertical-align: middle;\" width=\"160\">InGaAs (Unten)<\/td>\n<td style=\"text-align: center; vertical-align: middle;\" width=\"112\">800-1700<\/td>\n<td style=\"text-align: center; vertical-align: middle;\" width=\"124\">1550<\/td>\n<td style=\"text-align: center; vertical-align: middle;\" width=\"170\">1.1@1550nm<\/td>\n<td style=\"text-align: center; vertical-align: middle;\" width=\"106\">3000@5V<\/td>\n<td style=\"text-align: center; vertical-align: middle;\" width=\"128\">500@5V<\/td>\n<td style=\"text-align: center; vertical-align: middle;\" width=\"161\">\u03a63.0<\/td>\n<td style=\"text-align: center; vertical-align: middle;\" width=\"129\">Borosilikat<\/td>\n<td style=\"text-align: center; vertical-align: middle;\" width=\"132\">TO5\/4PIN<\/td>\n<\/tr>\n<tr>\n<td style=\"text-align: center; vertical-align: middle;\" rowspan=\"2\" width=\"170\">PDDT1514-001<\/td>\n<td style=\"text-align: center; vertical-align: middle;\" width=\"160\">Si (oben)<\/td>\n<td style=\"text-align: center; vertical-align: middle;\" width=\"112\">320-1100<\/td>\n<td style=\"text-align: center; vertical-align: middle;\" width=\"124\">920<\/td>\n<td style=\"text-align: center; vertical-align: middle;\" rowspan=\"2\" width=\"170\">0,58@920nm<\/p>\n<p>0,15@1064nm<\/td>\n<td style=\"text-align: center; vertical-align: middle;\" width=\"106\">30@0.01V<\/td>\n<td style=\"text-align: center; vertical-align: middle;\" width=\"128\">190@0V<\/td>\n<td style=\"text-align: center; vertical-align: middle;\" width=\"161\">3.9\u00d73.9<\/td>\n<td style=\"text-align: center; vertical-align: middle;\" width=\"129\">Borosilikat<\/td>\n<td style=\"text-align: center; vertical-align: middle;\" width=\"132\">TO5\/4PIN<\/td>\n<\/tr>\n<tr>\n<td style=\"text-align: center; vertical-align: middle;\" width=\"160\">Si (Unten)<\/td>\n<td style=\"text-align: center; vertical-align: middle;\" width=\"112\">320-1100<\/td>\n<td style=\"text-align: center; vertical-align: middle;\" width=\"124\">920<\/td>\n<td style=\"text-align: center; vertical-align: middle;\" width=\"106\">25@0.01V<\/td>\n<td style=\"text-align: center; vertical-align: middle;\" width=\"128\">180@0V<\/td>\n<td style=\"text-align: center; vertical-align: middle;\" width=\"161\">3.7\u00d73.7<\/td>\n<td style=\"text-align: center; vertical-align: middle;\" width=\"129\">Borosilikat<\/td>\n<td style=\"text-align: center; vertical-align: middle;\" width=\"132\">TO5\/4PIN<\/td>\n<\/tr>\n<\/tbody>\n<\/table>\n<p><img fetchpriority=\"high\" decoding=\"async\" class=\"aligncenter size-full wp-image-814\" src=\"https:\/\/photo-detector.com\/wp-content\/uploads\/2025\/11\/two-color-detector-all-scaled.webp\" alt=\"Zwei-Farben-Detektor-alle\" width=\"2560\" height=\"1014\" srcset=\"https:\/\/photo-detector.com\/wp-content\/uploads\/2025\/11\/two-color-detector-all-scaled.webp 2560w, https:\/\/photo-detector.com\/wp-content\/uploads\/2025\/11\/two-color-detector-all-300x119.webp 300w, https:\/\/photo-detector.com\/wp-content\/uploads\/2025\/11\/two-color-detector-all-1024x406.webp 1024w, https:\/\/photo-detector.com\/wp-content\/uploads\/2025\/11\/two-color-detector-all-768x304.webp 768w, https:\/\/photo-detector.com\/wp-content\/uploads\/2025\/11\/two-color-detector-all-1536x608.webp 1536w, https:\/\/photo-detector.com\/wp-content\/uploads\/2025\/11\/two-color-detector-all-2048x811.webp 2048w, https:\/\/photo-detector.com\/wp-content\/uploads\/2025\/11\/two-color-detector-all-600x238.webp 600w\" sizes=\"(max-width: 2560px) 100vw, 2560px\" \/><\/p>","protected":false},"excerpt":{"rendered":"<p>Unser Zweifarben-Si\/Si-Photodetektor liefert pr\u00e4zise Ferntemperaturmessungen. Dieser hochzuverl\u00e4ssige Si\/Si-Photodetektor in einem robusten TO-Geh\u00e4use mit einem Borosilikatfenster gew\u00e4hrleistet genaue Ergebnisse f\u00fcr die Pyrometrie.<\/p>","protected":false},"featured_media":808,"template":"","meta":[],"product_brand":[31],"product_cat":[27],"product_tag":[370,375,100,373,372,371,281,374,101,369,368],"class_list":{"0":"post-806","1":"product","2":"type-product","3":"status-publish","4":"has-post-thumbnail","6":"product_brand-bee-photon","7":"product_cat-two-color-detector","8":"product_tag-dual-wavelength-detector","9":"product_tag-industrial-automation","10":"product_tag-optical-sensor","11":"product_tag-pyrometry","12":"product_tag-remote-temperature-sensing","13":"product_tag-sandwich-photodiode","14":"product_tag-si-photodetector","15":"product_tag-spectrophotometry","16":"product_tag-to-package","17":"product_tag-two-color-detector","18":"product_tag-two-color-si-si-photodetector","19":"pa_dark-current-250-01v","20":"pa_dark-current-300-01v","21":"pa_element-si-topsi-bottom","22":"pa_junction-capacitance-1800v","23":"pa_junction-capacitance-1900v","24":"pa_package-to5-4pin","25":"pa_peak-sensitivity-wavelength-186","26":"pa_photosensitive-area-size-3-7x3-7","27":"pa_photosensitive-area-size-3-9x3-9","28":"pa_photosensitivity-0-151064nm","29":"pa_photosensitivity-0-58920nm","30":"pa_spectral-response-range-320-1100","31":"pa_window-material-borosilicate","33":"first","34":"instock","35":"shipping-taxable","36":"product-type-simple"},"_links":{"self":[{"href":"https:\/\/photo-detector.com\/de\/wp-json\/wp\/v2\/product\/806","targetHints":{"allow":["GET"]}}],"collection":[{"href":"https:\/\/photo-detector.com\/de\/wp-json\/wp\/v2\/product"}],"about":[{"href":"https:\/\/photo-detector.com\/de\/wp-json\/wp\/v2\/types\/product"}],"wp:featuredmedia":[{"embeddable":true,"href":"https:\/\/photo-detector.com\/de\/wp-json\/wp\/v2\/media\/808"}],"wp:attachment":[{"href":"https:\/\/photo-detector.com\/de\/wp-json\/wp\/v2\/media?parent=806"}],"wp:term":[{"taxonomy":"product_brand","embeddable":true,"href":"https:\/\/photo-detector.com\/de\/wp-json\/wp\/v2\/product_brand?post=806"},{"taxonomy":"product_cat","embeddable":true,"href":"https:\/\/photo-detector.com\/de\/wp-json\/wp\/v2\/product_cat?post=806"},{"taxonomy":"product_tag","embeddable":true,"href":"https:\/\/photo-detector.com\/de\/wp-json\/wp\/v2\/product_tag?post=806"}],"curies":[{"name":"wp","href":"https:\/\/api.w.org\/{rel}","templated":true}]}}