{"id":817,"date":"2025-11-06T05:56:43","date_gmt":"2025-11-06T05:56:43","guid":{"rendered":"https:\/\/photo-detector.com\/?post_type=product&#038;p=817"},"modified":"2025-11-06T05:56:43","modified_gmt":"2025-11-06T05:56:43","slug":"photodetektor-modul-mit-geringem-rauschen","status":"publish","type":"product","link":"https:\/\/photo-detector.com\/de\/produkt\/photodetektor-modul-mit-geringem-rauschen\/","title":{"rendered":"Fotodioden-Modul\uff08Digitaler Signalausgang\uff09PDMM"},"content":{"rendered":"<table>\n<tbody>\n<tr>\n<td style=\"background-color: #f4a300; width: 1395px; text-align: center; vertical-align: middle;\" colspan=\"3\" width=\"1395\"><strong><b>Fotodioden-Modul\uff08Digitaler Signalausgang\uff09<\/b><\/strong><\/td>\n<\/tr>\n<tr>\n<td style=\"text-align: center; vertical-align: middle;\" width=\"465\"><strong><b>Typ <\/b><\/strong><strong><b>N<\/b><\/strong><strong><b>o.<\/b><\/strong><\/td>\n<td style=\"text-align: center; vertical-align: middle;\" width=\"465\"><strong><b>PDMM<\/b><\/strong><\/td>\n<td style=\"text-align: center; vertical-align: middle;\" width=\"465\"><strong><b>PDTM-D<\/b><\/strong><\/td>\n<\/tr>\n<tr>\n<td style=\"text-align: center; vertical-align: middle;\" width=\"465\">Richtung des Vorfalls<\/td>\n<td style=\"text-align: center; vertical-align: middle;\" colspan=\"2\" width=\"930\">Oben \/ Seitlich<\/td>\n<\/tr>\n<tr>\n<td style=\"text-align: center; vertical-align: middle;\" width=\"465\">PD-Leistung<\/td>\n<td style=\"text-align: center; vertical-align: middle;\" colspan=\"2\" width=\"930\">Kundenspezifisch<\/td>\n<\/tr>\n<tr>\n<td style=\"text-align: center; vertical-align: middle;\" width=\"465\">Eingangsspannung<\/td>\n<td style=\"text-align: center; vertical-align: middle;\" width=\"465\">7-12V<\/td>\n<td style=\"text-align: center; vertical-align: middle;\" width=\"465\">6-12V<\/td>\n<\/tr>\n<tr>\n<td style=\"text-align: center; vertical-align: middle;\" width=\"465\">Verlustleistung<\/td>\n<td style=\"text-align: center; vertical-align: middle;\" width=\"465\">\uff1c1.2W<\/td>\n<td style=\"text-align: center; vertical-align: middle;\" width=\"465\">&#8211;<\/td>\n<\/tr>\n<tr>\n<td style=\"text-align: center; vertical-align: middle;\" width=\"465\">Typ der Schnittstelle<\/td>\n<td style=\"text-align: center; vertical-align: middle;\" colspan=\"2\" width=\"930\">SPI<\/td>\n<\/tr>\n<tr>\n<td style=\"text-align: center; vertical-align: middle;\" width=\"465\">ADC-Typ<\/td>\n<td style=\"text-align: center; vertical-align: middle;\" width=\"465\">Integral<\/td>\n<td style=\"text-align: center; vertical-align: middle;\" width=\"465\">TIA<\/td>\n<\/tr>\n<tr>\n<td style=\"text-align: center; vertical-align: middle;\" width=\"465\">AD Datum Breite<\/td>\n<td style=\"text-align: center; vertical-align: middle;\" width=\"465\">16bit<\/td>\n<td style=\"text-align: center; vertical-align: middle;\" width=\"465\">24bit<\/td>\n<\/tr>\n<tr>\n<td style=\"text-align: center; vertical-align: middle;\" width=\"465\">Maximale Abtastfrequenz<\/td>\n<td style=\"text-align: center; vertical-align: middle;\" width=\"465\">10K<\/td>\n<td style=\"text-align: center; vertical-align: middle;\" width=\"465\">60K<\/td>\n<\/tr>\n<tr>\n<td style=\"text-align: center; vertical-align: middle;\" width=\"465\">Bereich<\/td>\n<td style=\"text-align: center; vertical-align: middle;\" width=\"465\">0,5pF-25pF<\/td>\n<td style=\"text-align: center; vertical-align: middle;\" width=\"465\">&#8211;<\/td>\n<\/tr>\n<tr>\n<td style=\"text-align: center; vertical-align: middle;\" width=\"465\">Ma\u00dfliche Umrisse (mm)<\/td>\n<td style=\"text-align: center; vertical-align: middle;\" colspan=\"2\" width=\"930\">51\u00d725.5\u00d724<\/td>\n<\/tr>\n<tr>\n<td style=\"text-align: center; vertical-align: middle;\" width=\"465\">Betriebstemperatur<\/td>\n<td style=\"text-align: center; vertical-align: middle;\" colspan=\"2\" width=\"930\">0~50\u2103<\/td>\n<\/tr>\n<tr>\n<td style=\"text-align: center; vertical-align: middle;\" width=\"465\">Lagertemperatur<\/td>\n<td style=\"text-align: center; vertical-align: middle;\" colspan=\"2\" width=\"930\">-10~60\u2103<\/td>\n<\/tr>\n<\/tbody>\n<\/table>","protected":false},"excerpt":{"rendered":"<p>Unser rauscharmes Photodetektormodul gew\u00e4hrleistet hohe Empfindlichkeit f\u00fcr Pr\u00e4zisionsaufgaben. Verwenden Sie dieses rauscharme Photodetektormodul f\u00fcr hervorragende Spektroskopieergebnisse.<\/p>","protected":false},"featured_media":818,"template":"","meta":[],"product_brand":[31],"product_cat":[28],"product_tag":[409,410,407,100,408,411],"class_list":{"0":"post-817","1":"product","2":"type-product","3":"status-publish","4":"has-post-thumbnail","6":"product_brand-bee-photon","7":"product_cat-photodiode-module","8":"product_tag-high-sensitivity-detector","9":"product_tag-low-light-detection","10":"product_tag-low-noise-photodetector-module","11":"product_tag-optical-sensor","12":"product_tag-photodiode-amplifier","13":"product_tag-spectroscopy-detector","14":"pa_ad-date-width-16bit","15":"pa_adc-type-integral","16":"pa_incident-direction-top-lateral","17":"pa_input-voltage-7-12v","18":"pa_interface-type-spi","19":"pa_max-sample-frequency-10k","20":"pa_pd-performance-customized","21":"pa_power-dessipation-1-2w","22":"pa_range-0-5pf-25pf","23":"pa_storage-temperature-406","25":"first","26":"instock","27":"shipping-taxable","28":"product-type-simple"},"_links":{"self":[{"href":"https:\/\/photo-detector.com\/de\/wp-json\/wp\/v2\/product\/817","targetHints":{"allow":["GET"]}}],"collection":[{"href":"https:\/\/photo-detector.com\/de\/wp-json\/wp\/v2\/product"}],"about":[{"href":"https:\/\/photo-detector.com\/de\/wp-json\/wp\/v2\/types\/product"}],"wp:featuredmedia":[{"embeddable":true,"href":"https:\/\/photo-detector.com\/de\/wp-json\/wp\/v2\/media\/818"}],"wp:attachment":[{"href":"https:\/\/photo-detector.com\/de\/wp-json\/wp\/v2\/media?parent=817"}],"wp:term":[{"taxonomy":"product_brand","embeddable":true,"href":"https:\/\/photo-detector.com\/de\/wp-json\/wp\/v2\/product_brand?post=817"},{"taxonomy":"product_cat","embeddable":true,"href":"https:\/\/photo-detector.com\/de\/wp-json\/wp\/v2\/product_cat?post=817"},{"taxonomy":"product_tag","embeddable":true,"href":"https:\/\/photo-detector.com\/de\/wp-json\/wp\/v2\/product_tag?post=817"}],"curies":[{"name":"wp","href":"https:\/\/api.w.org\/{rel}","templated":true}]}}