{"id":826,"date":"2025-11-06T07:39:15","date_gmt":"2025-11-06T07:39:15","guid":{"rendered":"https:\/\/photo-detector.com\/?post_type=product&#038;p=826"},"modified":"2025-11-06T07:43:43","modified_gmt":"2025-11-06T07:43:43","slug":"b2b-lieferant-von-lichtquellen","status":"publish","type":"product","link":"https:\/\/photo-detector.com\/de\/produkt\/b2b-lieferant-von-lichtquellen\/","title":{"rendered":"Lichtquelle LED-Serie E850-15-301"},"content":{"rendered":"<table>\n<tbody>\n<tr>\n<td style=\"background-color: #f4a320; width: 1400px; text-align: center; vertical-align: middle;\" colspan=\"7\" width=\"1400\"><strong><b>LED<\/b><\/strong><strong><b>\u00a0Serie<\/b><\/strong><\/td>\n<\/tr>\n<tr>\n<td style=\"text-align: center; vertical-align: middle;\" rowspan=\"2\" width=\"222\"><strong><b>Typ Nr.<\/b><\/strong><\/td>\n<td style=\"text-align: center; vertical-align: middle;\" width=\"179\"><strong><b>Spitzenempfindlichkeit Wellenl\u00e4nge<\/b><\/strong><\/td>\n<td style=\"text-align: center; vertical-align: middle;\" width=\"177\"><strong><b>Durchlassspannung<\/b><\/strong><\/td>\n<td style=\"text-align: center; vertical-align: middle;\" width=\"148\"><strong><b>Lichtst\u00e4rke<\/b><\/strong><\/td>\n<td style=\"text-align: center; vertical-align: middle;\" width=\"180\"><strong><b>Winkel der halben Intensit\u00e4t<\/b><\/strong><\/td>\n<td style=\"text-align: center; vertical-align: middle;\" rowspan=\"2\" width=\"213\"><strong><b>Material der Fenster<\/b><\/strong><\/td>\n<td style=\"text-align: center; vertical-align: middle;\" rowspan=\"2\" width=\"279\"><strong><b>Paket<\/b><\/strong><\/td>\n<\/tr>\n<tr>\n<td style=\"text-align: center; vertical-align: middle;\" width=\"179\">[nm]<\/td>\n<td style=\"text-align: center; vertical-align: middle;\" width=\"177\">[V]<\/td>\n<td style=\"text-align: center; vertical-align: middle;\" width=\"148\">[mW]<\/td>\n<td style=\"text-align: center; vertical-align: middle;\" width=\"180\">[deg]<\/td>\n<\/tr>\n<tr>\n<td style=\"text-align: center; vertical-align: middle;\" width=\"222\">E850-15-301<\/td>\n<td style=\"text-align: center; vertical-align: middle;\" width=\"179\">850<\/td>\n<td style=\"text-align: center; vertical-align: middle;\" width=\"177\">1.5<\/td>\n<td style=\"text-align: center; vertical-align: middle;\" width=\"148\">15<\/td>\n<td style=\"text-align: center; vertical-align: middle;\" width=\"180\">100<\/td>\n<td style=\"text-align: center; vertical-align: middle;\" width=\"213\">Harz<\/td>\n<td style=\"text-align: center; vertical-align: middle;\" width=\"279\">TO18\/2PIN<\/td>\n<\/tr>\n<tr>\n<td style=\"text-align: center; vertical-align: middle;\" width=\"222\">E850-15-202<\/td>\n<td style=\"text-align: center; vertical-align: middle;\" width=\"179\">850<\/td>\n<td style=\"text-align: center; vertical-align: middle;\" width=\"177\">1.5<\/td>\n<td style=\"text-align: center; vertical-align: middle;\" width=\"148\">15<\/td>\n<td style=\"text-align: center; vertical-align: middle;\" width=\"180\">10<\/td>\n<td style=\"text-align: center; vertical-align: middle;\" width=\"213\">Kugellinse<\/td>\n<td style=\"text-align: center; vertical-align: middle;\" width=\"279\">TO18\/2PIN<\/td>\n<\/tr>\n<tr>\n<td style=\"text-align: center; vertical-align: middle;\" width=\"222\">E940-15-301<\/td>\n<td style=\"text-align: center; vertical-align: middle;\" width=\"179\">940<\/td>\n<td style=\"text-align: center; vertical-align: middle;\" width=\"177\">1.2<\/td>\n<td style=\"text-align: center; vertical-align: middle;\" width=\"148\">15<\/td>\n<td style=\"text-align: center; vertical-align: middle;\" width=\"180\">100<\/td>\n<td style=\"text-align: center; vertical-align: middle;\" width=\"213\">Harz<\/td>\n<td style=\"text-align: center; vertical-align: middle;\" width=\"279\">TO18\/2PIN<\/td>\n<\/tr>\n<tr>\n<td style=\"text-align: center; vertical-align: middle;\" width=\"222\">E850-30-101<\/td>\n<td style=\"text-align: center; vertical-align: middle;\" width=\"179\">850<\/td>\n<td style=\"text-align: center; vertical-align: middle;\" width=\"177\">1.4<\/td>\n<td style=\"text-align: center; vertical-align: middle;\" width=\"148\">30<\/td>\n<td style=\"text-align: center; vertical-align: middle;\" width=\"180\">20<\/td>\n<td style=\"text-align: center; vertical-align: middle;\" width=\"213\">Harz<\/td>\n<td style=\"text-align: center; vertical-align: middle;\" width=\"279\">3mm Kunststoff\/DIP<\/td>\n<\/tr>\n<tr>\n<td style=\"text-align: center; vertical-align: middle;\" width=\"222\">E660-10-001<\/td>\n<td style=\"text-align: center; vertical-align: middle;\" width=\"179\">650<\/td>\n<td style=\"text-align: center; vertical-align: middle;\" width=\"177\">2<\/td>\n<td style=\"text-align: center; vertical-align: middle;\" width=\"148\">10<\/td>\n<td style=\"text-align: center; vertical-align: middle;\" width=\"180\">120<\/td>\n<td style=\"text-align: center; vertical-align: middle;\" width=\"213\">Harz<\/td>\n<td style=\"text-align: center; vertical-align: middle;\" width=\"279\">Kunststoff\/SMD<\/td>\n<\/tr>\n<\/tbody>\n<\/table>\n<p><img fetchpriority=\"high\" decoding=\"async\" class=\"aligncenter size-full wp-image-827\" src=\"https:\/\/photo-detector.com\/wp-content\/uploads\/2025\/11\/Radiation-angle-curve.webp\" alt=\"Strahlungs-Winkel-Kurve\" width=\"1280\" height=\"800\" srcset=\"https:\/\/photo-detector.com\/wp-content\/uploads\/2025\/11\/Radiation-angle-curve.webp 1280w, https:\/\/photo-detector.com\/wp-content\/uploads\/2025\/11\/Radiation-angle-curve-300x188.webp 300w, https:\/\/photo-detector.com\/wp-content\/uploads\/2025\/11\/Radiation-angle-curve-1024x640.webp 1024w, https:\/\/photo-detector.com\/wp-content\/uploads\/2025\/11\/Radiation-angle-curve-768x480.webp 768w, https:\/\/photo-detector.com\/wp-content\/uploads\/2025\/11\/Radiation-angle-curve-600x375.webp 600w\" sizes=\"(max-width: 1280px) 100vw, 1280px\" \/><\/p>","protected":false},"excerpt":{"rendered":"<p>Als Ihr kompetenter B2B-Lichtquellenlieferant bietet Bee Photon hochzuverl\u00e4ssige TO18-Komponenten. Unsere einheitlichen Lichtquellen gew\u00e4hrleisten eine stabile Leistung f\u00fcr Ihre Projekte.<\/p>","protected":false},"featured_media":828,"template":"","meta":[],"product_brand":[31],"product_cat":[30],"product_tag":[447,440,445,444,443,446,441],"class_list":{"0":"post-826","1":"product","2":"type-product","3":"status-publish","4":"has-post-thumbnail","6":"product_brand-bee-photon","7":"product_cat-light-source","8":"product_tag-b2b-led-supplier","9":"product_tag-b2b-light-source-supplier","10":"product_tag-high-reliability-led","11":"product_tag-industrial-led-emitter","12":"product_tag-oem-light-source","13":"product_tag-optoelectronic-components","14":"product_tag-to18-package","15":"pa_angle-of-half-intensity-439","16":"pa_forward-voltage-1-5","17":"pa_luminous-intensity-438","18":"pa_package-to18-2pin","19":"pa_peak-sensitivity-wavelength-436","20":"pa_window-material-resin","22":"first","23":"instock","24":"shipping-taxable","25":"product-type-simple"},"_links":{"self":[{"href":"https:\/\/photo-detector.com\/de\/wp-json\/wp\/v2\/product\/826","targetHints":{"allow":["GET"]}}],"collection":[{"href":"https:\/\/photo-detector.com\/de\/wp-json\/wp\/v2\/product"}],"about":[{"href":"https:\/\/photo-detector.com\/de\/wp-json\/wp\/v2\/types\/product"}],"wp:featuredmedia":[{"embeddable":true,"href":"https:\/\/photo-detector.com\/de\/wp-json\/wp\/v2\/media\/828"}],"wp:attachment":[{"href":"https:\/\/photo-detector.com\/de\/wp-json\/wp\/v2\/media?parent=826"}],"wp:term":[{"taxonomy":"product_brand","embeddable":true,"href":"https:\/\/photo-detector.com\/de\/wp-json\/wp\/v2\/product_brand?post=826"},{"taxonomy":"product_cat","embeddable":true,"href":"https:\/\/photo-detector.com\/de\/wp-json\/wp\/v2\/product_cat?post=826"},{"taxonomy":"product_tag","embeddable":true,"href":"https:\/\/photo-detector.com\/de\/wp-json\/wp\/v2\/product_tag?post=826"}],"curies":[{"name":"wp","href":"https:\/\/api.w.org\/{rel}","templated":true}]}}