{"id":924,"date":"2025-11-17T05:49:53","date_gmt":"2025-11-17T05:49:53","guid":{"rendered":"https:\/\/photo-detector.com\/?post_type=product&#038;p=924"},"modified":"2026-02-09T02:09:13","modified_gmt":"2026-02-09T02:09:13","slug":"b2b-si-pin-photodioden-array","status":"publish","type":"product","link":"https:\/\/photo-detector.com\/de\/produkt\/b2b-si-pin-photodioden-array\/","title":{"rendered":"Si-PIN-Photodioden-Array Vier-Quadranten-PD PDCA04-102"},"content":{"rendered":"<table class=\"aligncenter\">\n<tbody>\n<tr>\n<td style=\"background-color: #f4a320; width: 745px; text-align: center; vertical-align: middle;\" colspan=\"3\" width=\"745\"><strong><b>Vier-Quadranten-PD<\/b><\/strong><\/td>\n<td style=\"background-color: #f4a320; width: 214px; text-align: center; vertical-align: middle;\" width=\"214\"><strong><b>3\u00d73 Pixel PD<\/b><\/strong><\/td>\n<\/tr>\n<tr>\n<td style=\"vertical-align: middle; text-align: center;\" width=\"314\"><strong><b>Typ <\/b><\/strong><strong><b>N<\/b><\/strong><strong><b>o.<\/b><\/strong><\/td>\n<td style=\"vertical-align: middle; text-align: center;\" width=\"214\">PDCA04-101<\/td>\n<td style=\"vertical-align: middle; text-align: center;\" width=\"216\">PDCA04-102<\/td>\n<td style=\"vertical-align: middle; text-align: center;\" width=\"214\">PDCA09-101<\/td>\n<\/tr>\n<tr>\n<td style=\"vertical-align: middle; text-align: center;\" width=\"314\"><strong><b>Paket <\/b><\/strong><strong><b>Gr\u00f6\u00dfe<\/b><\/strong><strong><b>\u00a0(mm)<\/b><\/strong><\/td>\n<td style=\"vertical-align: middle; text-align: center;\" width=\"214\">10.6\u00d78.8\u00d71.5<\/td>\n<td style=\"vertical-align: middle; text-align: center;\" width=\"216\">16.5\u00d714.5\u00d71.5<\/td>\n<td style=\"vertical-align: middle; text-align: center;\" width=\"214\">7.2\u00d77.2\u00d71.5<\/td>\n<\/tr>\n<tr>\n<td style=\"vertical-align: middle; text-align: center;\" width=\"314\"><strong><b>Gr\u00f6\u00dfe der lichtempfindlichen Fl\u00e4che<\/b><\/strong><strong><b>\u00a0(mm)<\/b><\/strong><\/td>\n<td style=\"vertical-align: middle; text-align: center;\" width=\"214\">4 - 2.5\u00d72.5<\/td>\n<td style=\"vertical-align: middle; text-align: center;\" width=\"216\">4 - 5\u00d75<\/td>\n<td style=\"vertical-align: middle; text-align: center;\" width=\"214\">9 - 1.1\u00d71.1<\/td>\n<\/tr>\n<\/tbody>\n<\/table>\n<p><img fetchpriority=\"high\" decoding=\"async\" class=\"aligncenter size-full wp-image-925\" src=\"https:\/\/photo-detector.com\/wp-content\/uploads\/2025\/11\/PDCA04-102-pic-scaled.webp\" alt=\"PDCA04-102-pic\" width=\"2560\" height=\"2420\" srcset=\"https:\/\/photo-detector.com\/wp-content\/uploads\/2025\/11\/PDCA04-102-pic-scaled.webp 2560w, https:\/\/photo-detector.com\/wp-content\/uploads\/2025\/11\/PDCA04-102-pic-300x284.webp 300w, https:\/\/photo-detector.com\/wp-content\/uploads\/2025\/11\/PDCA04-102-pic-1024x968.webp 1024w, https:\/\/photo-detector.com\/wp-content\/uploads\/2025\/11\/PDCA04-102-pic-768x726.webp 768w, https:\/\/photo-detector.com\/wp-content\/uploads\/2025\/11\/PDCA04-102-pic-1536x1452.webp 1536w, https:\/\/photo-detector.com\/wp-content\/uploads\/2025\/11\/PDCA04-102-pic-2048x1936.webp 2048w, https:\/\/photo-detector.com\/wp-content\/uploads\/2025\/11\/PDCA04-102-pic-600x567.webp 600w\" sizes=\"(max-width: 2560px) 100vw, 2560px\" \/><\/p>\n<h2 id=\"high-precision-four-quadrant-si-pin-photodiode-array-pdca04-102-\">Hochpr\u00e4zises Vier-Quadranten-Si-PIN-Photodioden-Array (PDCA04-102)<\/h2>\n<p>Erweitern Sie Ihre industriellen Sensorsysteme mit dem <strong>PDCA04-102<\/strong>, eine hochmoderne <strong>B2B Si-PIN-Photodioden-Array<\/strong> entwickelt von Bee Photon. Dieser Vier-Quadranten-Detektor wurde speziell f\u00fcr anspruchsvolle OEM-Anwendungen entwickelt und bietet eine \u00fcberragende Zuverl\u00e4ssigkeit und Pr\u00e4zision, was ihn zur idealen Wahl f\u00fcr die optische Positionserfassung, die Ausrichtung von Laserstrahlen und Nulling-Anwendungen macht.<\/p>\n<h3 id=\"key-features-specifications\">Hauptmerkmale und Spezifikationen<\/h3>\n<p>Der PDCA04-102 zeichnet sich durch seine gro\u00dfe aktive Fl\u00e4che aus, die ein hohes Signal-Rausch-Verh\u00e4ltnis und eine genaue r\u00e4umliche Aufl\u00f6sung gew\u00e4hrleistet.<\/p>\n<ul>\n<li><strong>Modell:<\/strong> PDCA04-102<\/li>\n<li><strong>Detektor-Typ:<\/strong> Vier-Quadranten-Si-PIN-Photodioden-Array<\/li>\n<li><strong>Lichtempfindlicher Bereich:<\/strong> 4 Elemente, jedes <strong>5mm \u00d7 5mm<\/strong> (Gesamte aktive Fl\u00e4che, optimiert f\u00fcr die Erkennung mit breitem Lichtstrahl)<\/li>\n<li><strong>Abmessungen der Verpackung:<\/strong> <strong>16,5 mm \u00d7 14,5 mm \u00d7 1,5 mm<\/strong><\/li>\n<li><strong>Entwurf:<\/strong> Flaches, oberfl\u00e4chenmontierbares Design, geeignet f\u00fcr kompakte Systemintegration.<\/li>\n<\/ul>\n<h3 id=\"why-choose-the-pdca04-102-for-your-application-\">Warum sollten Sie die PDCA04-102 f\u00fcr Ihre Anwendung w\u00e4hlen?<\/h3>\n<p><strong>1. Optimiert f\u00fcr industrielle Pr\u00e4zision<\/strong><br \/>\nIm Gegensatz zu herk\u00f6mmlichen Ein-Element-Detektoren ist unser <strong>B2B Si-PIN-Photodioden-Array<\/strong> bietet eine segmentierte R\u00fcckmeldung, die eine pr\u00e4zise X-Y-Koordinatenverfolgung erm\u00f6glicht. Die gro\u00dfe Pixelgr\u00f6\u00dfe von 5 x 5 mm pro Quadrant macht es besonders effektiv f\u00fcr die Erfassung gr\u00f6\u00dferer Strahlflecken und die Minimierung von Ausrichtungsfehlern in automatisierten Maschinen.<\/p>\n<p><strong>2. Zuverl\u00e4ssige OEM-Lieferkette<\/strong><br \/>\nAls engagierter Hersteller gew\u00e4hrleistet Bee Photon eine gleichbleibende Qualit\u00e4t von Charge zu Charge. Ganz gleich, ob Sie medizinische Ger\u00e4te, Laserf\u00fchrungssysteme oder optische Schalter entwickeln, der PDCA04-102 entspricht den strengen Industriestandards.<\/p>\n<p><strong>3. Kundenspezifische Anpassung und Massenverf\u00fcgbarkeit<\/strong><br \/>\nWir kennen die besonderen Bed\u00fcrfnisse von B2B-Kunden. \u00dcber den Standard PDCA04-102 hinaus bieten wir flexible Anpassungsm\u00f6glichkeiten an Ihre spezifischen PCB-Layouts und optischen Anforderungen.<\/p>\n<p><strong>Anwendungen:<\/strong><\/p>\n<ul>\n<li>Laserstrahlzentrierung und -ausrichtung<\/li>\n<li>Positionsempfindliche Detektoren (PSD)<\/li>\n<li>Optische Drehgeber<\/li>\n<li>Sonnensensoren und Sonnennachf\u00fchrung<\/li>\n<li>Steuerung der industriellen Automatisierung<\/li>\n<\/ul>\n<p><strong>Informationen bestellen<\/strong><br \/>\nKontaktieren Sie Bee Photon noch heute, um Ihre <strong>B2B Si-PIN-Photodioden-Array<\/strong> Anforderungen. Wir bieten wettbewerbsf\u00e4hige Preise f\u00fcr Gro\u00dfauftr\u00e4ge und umfassende technische Unterst\u00fctzung, um eine nahtlose Integration in Ihre Produkte zu gew\u00e4hrleisten.<\/p>","protected":false},"excerpt":{"rendered":"<p>Auf der Suche nach einem leistungsstarken <strong>B2B Si-PIN-Photodioden-Array<\/strong> f\u00fcr die Pr\u00e4zisionserfassung? Die <strong>PDCA04-102<\/strong> ist ein hochwertiger Vier-Quadranten-Detektor, der f\u00fcr industrielle OEM-Anwendungen entwickelt wurde. Mit einem robusten 16,5\u00d714,5 mm Geh\u00e4use mit vier gro\u00dfen 5\u00d75 mm gro\u00dfen lichtempfindlichen Elementen bietet dieses Array eine au\u00dfergew\u00f6hnliche Konsistenz und Empfindlichkeit f\u00fcr Positionserfassungs- und Laserausrichtungssysteme. Arbeiten Sie mit Bee Photon zusammen, wenn es um zuverl\u00e4ssige Massenfertigung und kundenspezifische L\u00f6sungen geht.<\/p>","protected":false},"featured_media":926,"template":"","meta":[],"product_brand":[31],"product_cat":[25,37],"product_tag":[550,554,528,552,151,181,553,551],"class_list":{"0":"post-924","1":"product","2":"type-product","3":"status-publish","4":"has-post-thumbnail","6":"product_brand-bee-photon","7":"product_cat-si-pin-photodiodes","8":"product_cat-pd-array","9":"product_tag-b2b-si-pin-photodiode-array","10":"product_tag-bulk-order","11":"product_tag-custom-photodiode-array","12":"product_tag-four-quadrant","13":"product_tag-industrial-sensor","14":"product_tag-oem-components","15":"product_tag-position-detector","16":"product_tag-si-pin-array-supplier","17":"pa_angle-of-half-intensity-4-5x5","19":"first","20":"instock","21":"shipping-taxable","22":"product-type-simple"},"_links":{"self":[{"href":"https:\/\/photo-detector.com\/de\/wp-json\/wp\/v2\/product\/924","targetHints":{"allow":["GET"]}}],"collection":[{"href":"https:\/\/photo-detector.com\/de\/wp-json\/wp\/v2\/product"}],"about":[{"href":"https:\/\/photo-detector.com\/de\/wp-json\/wp\/v2\/types\/product"}],"wp:featuredmedia":[{"embeddable":true,"href":"https:\/\/photo-detector.com\/de\/wp-json\/wp\/v2\/media\/926"}],"wp:attachment":[{"href":"https:\/\/photo-detector.com\/de\/wp-json\/wp\/v2\/media?parent=924"}],"wp:term":[{"taxonomy":"product_brand","embeddable":true,"href":"https:\/\/photo-detector.com\/de\/wp-json\/wp\/v2\/product_brand?post=924"},{"taxonomy":"product_cat","embeddable":true,"href":"https:\/\/photo-detector.com\/de\/wp-json\/wp\/v2\/product_cat?post=924"},{"taxonomy":"product_tag","embeddable":true,"href":"https:\/\/photo-detector.com\/de\/wp-json\/wp\/v2\/product_tag?post=924"}],"curies":[{"name":"wp","href":"https:\/\/api.w.org\/{rel}","templated":true}]}}