{"id":1803,"date":"2026-04-01T07:46:43","date_gmt":"2026-04-01T07:46:43","guid":{"rendered":"https:\/\/photo-detector.com\/?page_id=1803"},"modified":"2026-04-01T07:50:37","modified_gmt":"2026-04-01T07:50:37","slug":"caclp-cisce-2026-bee-photon","status":"publish","type":"page","link":"https:\/\/photo-detector.com\/es\/caclp-cisce-2026-bee-photon\/","title":{"rendered":"CACLP &amp; CISCE 2026 | Bee Photon"},"content":{"rendered":"<div data-elementor-type=\"wp-page\" data-elementor-id=\"1803\" class=\"elementor elementor-1803\" data-elementor-post-type=\"page\">\n\t\t\t\t<div class=\"elementor-element elementor-element-13c09b14 e-flex e-con-boxed e-con e-parent\" data-id=\"13c09b14\" data-element_type=\"container\" data-settings=\"{&quot;background_background&quot;:&quot;classic&quot;}\">\n\t\t\t\t\t<div class=\"e-con-inner\">\n\t\t\t\t\t<\/div>\n\t\t\t\t<\/div>\n\t\t<div class=\"elementor-element elementor-element-27ef6cd5 e-flex e-con-boxed e-con e-parent\" data-id=\"27ef6cd5\" data-element_type=\"container\">\n\t\t\t\t\t<div class=\"e-con-inner\">\n\t\t\t\t<div class=\"elementor-element elementor-element-30fd8e81 elementor-widget elementor-widget-heading\" data-id=\"30fd8e81\" data-element_type=\"widget\" data-widget_type=\"heading.default\">\n\t\t\t\t\t<h1 class=\"elementor-heading-title elementor-size-default\">Lo m\u00e1s destacado de Bee Photon CACLP 2026 | Fotodiodos avanzados de Si e InGaAs en directo en el sal\u00f3n IVD de Xiamen<\/h1>\t\t\t\t<\/div>\n\t\t<div class=\"elementor-element elementor-element-5555fed e-con-full e-flex e-con e-child\" data-id=\"5555fed\" data-element_type=\"container\">\n\t\t\t\t<div class=\"elementor-element elementor-element-5899a75f elementor-widget__width-initial elementor-widget elementor-widget-video\" data-id=\"5899a75f\" data-element_type=\"widget\" data-settings=\"{&quot;youtube_url&quot;:&quot;https:\\\/\\\/youtube.com\\\/shorts\\\/Ww49cb-nzUw?si=tvmcxmnObBOXKFma&quot;,&quot;video_type&quot;:&quot;youtube&quot;,&quot;controls&quot;:&quot;yes&quot;}\" data-widget_type=\"video.default\">\n\t\t\t\t\t\t\t<div class=\"elementor-wrapper elementor-open-inline\">\n\t\t\t<div class=\"elementor-video\"><\/div>\t\t<\/div>\n\t\t\t\t\t\t<\/div>\n\t\t<div class=\"elementor-element elementor-element-694c97e3 e-con-full e-flex e-con e-child\" data-id=\"694c97e3\" data-element_type=\"container\">\n\t\t\t\t<div class=\"elementor-element elementor-element-620e9a7d elementor-widget elementor-widget-text-editor\" data-id=\"620e9a7d\" data-element_type=\"widget\" data-widget_type=\"text-editor.default\">\n\t\t\t\t\t\t\t\t\t<p><span class=\"style-scope yt-formatted-string\" dir=\"auto\">\u00a1Bee Photon brilla en CACLP 2026 Xiamen! <\/span><\/p><p><span class=\"style-scope yt-formatted-string\" dir=\"auto\">Fotodiodos de Si e InGaAs de alto rendimiento y sensores \u00f3pticos para aplicaciones m\u00e9dicas e industriales: reviva los emocionantes momentos vividos en el stand y la exhibici\u00f3n de tecnolog\u00eda punta. <\/span><\/p><p><span class=\"style-scope yt-formatted-string\" dir=\"auto\">En la 23\u00aa Exposici\u00f3n Internacional de Diagn\u00f3stico In Vitro de China (CACLP) y la Exposici\u00f3n de la Cadena de Suministro de Diagn\u00f3stico In Vitro de China (CISCE), celebradas del 21 al 23 de marzo de 2026 en el Centro Internacional de Exposiciones de Xiamen, Bee Photon present\u00f3 con orgullo nuestros fotodetectores fiables y de alta sensibilidad para el diagn\u00f3stico in vitro de \u00faltima generaci\u00f3n, el tratamiento de im\u00e1genes m\u00e9dicas y la inspecci\u00f3n industrial, entre otros. <\/span><\/p><p><span class=\"style-scope yt-formatted-string\" dir=\"auto\">CARACTER\u00cdSTICAS CLAVE - Por qu\u00e9 elegir los fotodiodos Bee Photon: <\/span><\/p><p><span class=\"style-scope yt-formatted-string\" dir=\"auto\">\u2705 Fotodiodos PIN e InGaAs de Si de alta sensibilidad que cubren longitudes de onda del visible al infrarrojo cercano. <\/span><\/p><p><span class=\"style-scope yt-formatted-string\" dir=\"auto\">\u2705 Respuesta ultrarr\u00e1pida, corriente oscura ultrabaja: ideal para esc\u00e1neres CT, dispositivos POCT, analizadores de hematolog\u00eda y sistemas IVD de gama alta. <\/span><\/p><p><span class=\"style-scope yt-formatted-string\" dir=\"auto\">Arrays personalizados y m\u00f3dulos integrados adaptados a sus necesidades espectrales y de embalaje espec\u00edficas. <\/span><\/p><p><span class=\"style-scope yt-formatted-string\" dir=\"auto\">\u2705 Certificaci\u00f3n ISO9001, estabilidad y fiabilidad demostradas en proyectos m\u00e9dicos e industriales de \u00e1mbito mundial. <\/span><\/p><p><span class=\"style-scope yt-formatted-string\" dir=\"auto\">\u2705 Relaci\u00f3n rendimiento-coste superior, que ayuda a mejorar la precisi\u00f3n y la velocidad de los instrumentos de DIV. <\/span><\/p><p><span class=\"style-scope yt-formatted-string\" dir=\"auto\">Descubra m\u00e1s sobre nuestras avanzadas soluciones de fotodetecci\u00f3n. <\/span><\/p><p><span class=\"style-scope yt-formatted-string\" dir=\"auto\">\u00a0\ud83d\udce7 P\u00f3ngase en contacto con nosotros hoy mismo: <a href=\"mailto:info@photo-detector.com\" target=\"_blank\" rel=\"noopener\">info@photo-detector.com<\/a> Nuestro equipo responde r\u00e1pidamente a las consultas globales.<\/span><\/p>\t\t\t\t\t\t\t\t<\/div>\n\t\t\t\t<div class=\"elementor-element elementor-element-1f716593 elementor-align-center elementor-widget elementor-widget-button\" data-id=\"1f716593\" data-element_type=\"widget\" data-widget_type=\"button.default\">\n\t\t\t\t\t\t\t\t\t\t<a class=\"elementor-button elementor-button-link elementor-size-sm\" href=\"#elementor-action%3Aaction%3Dpopup%3Aopen%26settings%3DeyJpZCI6IjQ4NCIsInRvZ2dsZSI6ZmFsc2V9\">\n\t\t\t\t\t\t<span class=\"elementor-button-content-wrapper\">\n\t\t\t\t\t\t\t\t\t<span class=\"elementor-button-text\">Pulse aqu\u00ed<\/span>\n\t\t\t\t\t<\/span>\n\t\t\t\t\t<\/a>\n\t\t\t\t\t\t\t\t<\/div>\n\t\t\t\t<\/div>\n\t\t\t\t<\/div>\n\t\t\t\t\t<\/div>\n\t\t\t\t<\/div>\n\t\t\t\t<\/div>","protected":false},"excerpt":{"rendered":"<p>Bee Photon CACLP 2026 Highlights | Advanced Si &amp; InGaAs Photodiodes Live at Xiamen IVD Show https:\/\/youtube.com\/shorts\/Ww49cb-nzUw?si=tvmcxmnObBOXKFma Bee Photon shines at CACLP 2026 Xiamen! High-performance Si &amp; InGaAs photodiodes and optical sensors for medical &amp; industrial applications \u2014 relive the exciting booth moments and cutting-edge tech showcase! At the 23rd China International In Vitro Diagnostic [&hellip;]<\/p>","protected":false},"author":1,"featured_media":0,"parent":0,"menu_order":0,"comment_status":"closed","ping_status":"closed","template":"","meta":{"footnotes":""},"class_list":["post-1803","page","type-page","status-publish","hentry"],"_links":{"self":[{"href":"https:\/\/photo-detector.com\/es\/wp-json\/wp\/v2\/pages\/1803","targetHints":{"allow":["GET"]}}],"collection":[{"href":"https:\/\/photo-detector.com\/es\/wp-json\/wp\/v2\/pages"}],"about":[{"href":"https:\/\/photo-detector.com\/es\/wp-json\/wp\/v2\/types\/page"}],"author":[{"embeddable":true,"href":"https:\/\/photo-detector.com\/es\/wp-json\/wp\/v2\/users\/1"}],"replies":[{"embeddable":true,"href":"https:\/\/photo-detector.com\/es\/wp-json\/wp\/v2\/comments?post=1803"}],"version-history":[{"count":7,"href":"https:\/\/photo-detector.com\/es\/wp-json\/wp\/v2\/pages\/1803\/revisions"}],"predecessor-version":[{"id":1810,"href":"https:\/\/photo-detector.com\/es\/wp-json\/wp\/v2\/pages\/1803\/revisions\/1810"}],"wp:attachment":[{"href":"https:\/\/photo-detector.com\/es\/wp-json\/wp\/v2\/media?parent=1803"}],"curies":[{"name":"wp","href":"https:\/\/api.w.org\/{rel}","templated":true}]}}