{"id":1191,"date":"2025-12-25T07:15:33","date_gmt":"2025-12-25T07:15:33","guid":{"rendered":"https:\/\/photo-detector.com\/?post_type=product&#038;p=1191"},"modified":"2026-02-09T02:16:17","modified_gmt":"2026-02-09T02:16:17","slug":"fototransistor-de-silicio","status":"publish","type":"product","link":"https:\/\/photo-detector.com\/es\/producto\/fototransistor-de-silicio\/","title":{"rendered":"Fototransistor de Si Serie PTCP PTCP001-102"},"content":{"rendered":"<div style=\"font-family: Helvetica, Arial, sans-serif; max-width: 1000px; margin: 0 auto; color: #333; line-height: 1.5;\">\n<p><!-- \u9876\u90e8 Logo \u533a\u57df --><\/p>\n<div style=\"margin-bottom: 20px; font-size: 24px; font-weight: bold;\"><span style=\"color: #f39c12;\">ABEJA<\/span> FOT\u00d3N<sup style=\"font-size: 12px;\">\u00ae<\/sup><\/div>\n<p><!-- \u6a59\u8272\u6807\u9898\u6846 --><\/p>\n<div style=\"background-color: #f0a535; color: #ffffff; padding: 25px 30px; border-radius: 12px; margin-bottom: 40px; box-shadow: 0 2px 5px rgba(0,0,0,0.1);\">\n<h1 style=\"margin: 0px; font-size: 32px; letter-spacing: 1px; color: #ffffff; text-align: center;\">Serie PTCP<\/h1>\n<p style=\"margin: 5px 0px 0px; font-size: 18px; font-weight: 500; text-align: center;\">Fototransistor PIN de Si<\/p>\n<\/div>\n<p><!-- \u7279\u6027\u4e0e\u5e94\u7528 (\u4f7f\u7528 Flexbox \u5e03\u5c40) --><\/p>\n<div style=\"display: flex; flex-wrap: wrap; gap: 40px; margin-bottom: 40px;\">\n<p><!-- Features --><\/p>\n<div style=\"flex: 1; min-width: 300px;\">\n<h2 style=\"color: #000; font-size: 18px; margin-bottom: 15px; display: flex; align-items: center;\"><span style=\"color: #f0a535; margin-right: 8px;\">\u2756<\/span> Caracter\u00edsticas<\/h2>\n<ul style=\"list-style: none; padding: 0; margin: 0;\">\n<li style=\"position: relative; padding-left: 20px; margin-bottom: 8px;\"><span style=\"position: absolute; left: 0; color: #000; top: 2px;\">\u25c6<\/span> 800~1100nm Rango de respuesta espectral<\/li>\n<li style=\"position: relative; padding-left: 20px; margin-bottom: 8px;\"><span style=\"position: absolute; left: 0; color: #000; top: 2px;\">\u25c6<\/span> Alta sensibilidad<\/li>\n<li style=\"position: relative; padding-left: 20px; margin-bottom: 8px;\"><span style=\"position: absolute; left: 0; color: #000; top: 2px;\">\u25c6<\/span> Pl\u00e1stico<\/li>\n<\/ul>\n<\/div>\n<p><!-- Application --><\/p>\n<div style=\"flex: 1; min-width: 300px;\">\n<h2 style=\"color: #000; font-size: 18px; margin-bottom: 15px; display: flex; align-items: center;\"><span style=\"color: #f0a535; margin-right: 8px;\">\u2756<\/span> Aplicaci\u00f3n<\/h2>\n<ul style=\"list-style: none; padding: 0; margin: 0;\">\n<li style=\"position: relative; padding-left: 20px; margin-bottom: 8px;\"><span style=\"position: absolute; left: 0; color: #000; top: 2px;\">\u25c6<\/span> Conmutador \u00f3ptico<\/li>\n<li style=\"position: relative; padding-left: 20px; margin-bottom: 8px;\"><span style=\"position: absolute; left: 0; color: #000; top: 2px;\">\u25c6<\/span> Cortina \u00f3ptica de seguridad<\/li>\n<\/ul>\n<\/div>\n<\/div>\n<p><!-- \u8868\u683c 1: Structure\/ Absolute maximum ratings --><\/p>\n<div style=\"margin-bottom: 40px; overflow-x: auto;\">\n<h2 style=\"color: #000; font-size: 18px; margin-bottom: 15px; display: flex; align-items: center;\"><span style=\"color: #f0a535; margin-right: 8px;\">\u2756<\/span> Estructura\/ Valores m\u00e1ximos absolutos<\/h2>\n<table style=\"width: 100%; border-collapse: collapse; font-size: 14px; min-width: 600px;\">\n<thead>\n<tr style=\"background-color: #f0a535;\">\n<th style=\"border: 1px solid #000; padding: 8px; color: #000; font-weight: normal; vertical-align: middle;\" rowspan=\"2\">No. de tipo. <sup>1<\/sup><\/th>\n<th style=\"border: 1px solid #000; padding: 8px; color: #000; font-weight: normal; vertical-align: middle;\" rowspan=\"2\">Paquete<\/th>\n<th style=\"border: 1px solid #000; padding: 8px; color: #000; font-weight: normal; vertical-align: middle;\" rowspan=\"2\">Ventana<br \/>\nmaterial<\/th>\n<th style=\"border: 1px solid #000; padding: 8px; color: #000; font-weight: normal; text-align: center;\" colspan=\"4\">Valores m\u00e1ximos absolutos<\/th>\n<\/tr>\n<tr style=\"background-color: #f0a535;\">\n<th style=\"border: 1px solid #000; padding: 8px; color: #000; font-weight: normal;\">T<sub>stg<\/sub> (\u00b0C) <sup>2<\/sup><\/th>\n<th style=\"border: 1px solid #000; padding: 8px; color: #000; font-weight: normal;\">T<sub>opr<\/sub> (\u00b0C) <sup>2<\/sup><\/th>\n<th style=\"border: 1px solid #000; padding: 8px; color: #000; font-weight: normal;\">T<sub>sol<\/sub> (\u00b0C)<\/th>\n<th style=\"border: 1px solid #000; padding: 8px; color: #000; font-weight: normal;\">Disipaci\u00f3n de potencia<br \/>\n(mW)<\/th>\n<\/tr>\n<\/thead>\n<tbody style=\"text-align: center;\">\n<tr>\n<td style=\"border: 1px solid #000; padding: 8px;\">PTCP001-102<\/td>\n<td style=\"border: 1px solid #000; padding: 8px;\" rowspan=\"2\">Pl\u00e1stico<\/td>\n<td style=\"border: 1px solid #000; padding: 8px;\" rowspan=\"2\">Resina<br \/>\n(negro)<\/td>\n<td style=\"border: 1px solid #000; padding: 8px;\" rowspan=\"2\">-40 a +100<\/td>\n<td style=\"border: 1px solid #000; padding: 8px;\" rowspan=\"2\">-40 a +85<\/td>\n<td style=\"border: 1px solid #000; padding: 8px;\" rowspan=\"2\">260<br \/>\n(&lt;5s)<\/td>\n<td style=\"border: 1px solid #000; padding: 8px;\">90<\/td>\n<\/tr>\n<tr>\n<td style=\"border: 1px solid #000; padding: 8px;\">PTCP001-202<\/td>\n<td style=\"border: 1px solid #000; padding: 8px;\">75<\/td>\n<\/tr>\n<\/tbody>\n<\/table>\n<div style=\"font-size: 12px; margin-top: 10px; color: #333;\">1: El tama\u00f1o del \u00e1rea fotosensible, el material de la ventana y el n\u00famero de pin pueden personalizarse. P\u00f3ngase en contacto con nosotros para obtener m\u00e1s informaci\u00f3n.<br \/>\n2: No hay condensaci\u00f3n de roc\u00edo.<\/div>\n<\/div>\n<p><!-- \u8868\u683c 2: Electrical and Optical Characteristics --><\/p>\n<div style=\"margin-bottom: 40px; overflow-x: auto;\">\n<h2 style=\"color: #000; font-size: 18px; margin-bottom: 15px; display: flex; align-items: center;\"><span style=\"color: #f0a535; margin-right: 8px;\">\u2756<\/span> Caracter\u00edsticas el\u00e9ctricas y \u00f3pticas<\/h2>\n<table style=\"width: 100%; border-collapse: collapse; font-size: 14px; min-width: 600px;\">\n<thead>\n<tr style=\"background-color: #f0a535;\">\n<th style=\"border: 1px solid #000; padding: 8px; color: #000; font-weight: normal; vertical-align: middle;\" rowspan=\"2\">No. de tipo.<\/th>\n<th style=\"border: 1px solid #000; padding: 8px; color: #000; font-weight: normal; vertical-align: middle;\" rowspan=\"2\">Espectral<br \/>\nrespuesta<br \/>\ngama<br \/>\n\u03bb (nm)<\/th>\n<th style=\"border: 1px solid #000; padding: 8px; color: #000; font-weight: normal; vertical-align: middle;\" rowspan=\"2\">Pico<br \/>\nsensibilidad<br \/>\nlongitud de onda<br \/>\n\u03bb<sub>p<\/sub> (nm)<\/th>\n<th style=\"border: 1px solid #000; padding: 8px; color: #000; font-weight: normal;\">Vces (V)<\/th>\n<th style=\"border: 1px solid #000; padding: 8px; color: #000; font-weight: normal; vertical-align: middle;\" rowspan=\"2\">Iceo (nA)<br \/>\nV<sub>CE<\/sub>=20V<br \/>\n<span style=\"font-size: 12px;\">Max.<\/span><\/th>\n<th style=\"border: 1px solid #000; padding: 8px; color: #000; font-weight: normal; vertical-align: middle;\" rowspan=\"2\">BVceo (V)<br \/>\nIc=100 \u03bcA<br \/>\n<span style=\"font-size: 12px;\">Min.<\/span><\/th>\n<th style=\"border: 1px solid #000; padding: 8px; color: #000; font-weight: normal; vertical-align: middle;\" rowspan=\"2\">BVeco (V)<br \/>\nIe=100 \u03bcA<br \/>\n<span style=\"font-size: 12px;\">Min.<\/span><\/th>\n<\/tr>\n<tr style=\"background-color: #f0a535;\">\n<th style=\"border: 1px solid #000; padding: 8px; color: #000; font-weight: normal;\">Ic=2mA<br \/>\nIb=100 \u03bcA<br \/>\n<span style=\"font-size: 12px;\">Max.<\/span><\/th>\n<\/tr>\n<\/thead>\n<tbody style=\"text-align: center;\">\n<tr>\n<td style=\"border: 1px solid #000; padding: 8px;\">PTCP001-102<\/td>\n<td style=\"border: 1px solid #000; padding: 8px;\" rowspan=\"2\">800~1100<\/td>\n<td style=\"border: 1px solid #000; padding: 8px;\" rowspan=\"2\">940<\/td>\n<td style=\"border: 1px solid #000; padding: 8px;\" rowspan=\"2\">0.2<\/td>\n<td style=\"border: 1px solid #000; padding: 8px;\">100<\/td>\n<td style=\"border: 1px solid #000; padding: 8px;\" rowspan=\"2\">30<\/td>\n<td style=\"border: 1px solid #000; padding: 8px;\" rowspan=\"2\">5<\/td>\n<\/tr>\n<tr>\n<td style=\"border: 1px solid #000; padding: 8px;\">PTCP001-202<\/td>\n<td style=\"border: 1px solid #000; padding: 8px;\">30<\/td>\n<\/tr>\n<\/tbody>\n<\/table>\n<\/div>\n<p><img fetchpriority=\"high\" decoding=\"async\" class=\"aligncenter size-full wp-image-1194\" src=\"https:\/\/photo-detector.com\/wp-content\/uploads\/2025\/12\/pic-scaled.webp\" alt=\"Fototransistor NPN\" width=\"2560\" height=\"2420\" srcset=\"https:\/\/photo-detector.com\/wp-content\/uploads\/2025\/12\/pic-scaled.webp 2560w, https:\/\/photo-detector.com\/wp-content\/uploads\/2025\/12\/pic-300x284.webp 300w, https:\/\/photo-detector.com\/wp-content\/uploads\/2025\/12\/pic-1024x968.webp 1024w, https:\/\/photo-detector.com\/wp-content\/uploads\/2025\/12\/pic-768x726.webp 768w, https:\/\/photo-detector.com\/wp-content\/uploads\/2025\/12\/pic-1536x1452.webp 1536w, https:\/\/photo-detector.com\/wp-content\/uploads\/2025\/12\/pic-2048x1936.webp 2048w, https:\/\/photo-detector.com\/wp-content\/uploads\/2025\/12\/pic-13x12.webp 13w, https:\/\/photo-detector.com\/wp-content\/uploads\/2025\/12\/pic-600x567.webp 600w\" sizes=\"(max-width: 2560px) 100vw, 2560px\" \/><\/p>\n<\/div>","protected":false},"excerpt":{"rendered":"<p>Fototransistor de silicio de alta sensibilidad dise\u00f1ado para la detecci\u00f3n de precisi\u00f3n en el rango espectral de 800-1100 nm. Este sensor IR de pl\u00e1stico negro garantiza un ruido m\u00ednimo y una alta fiabilidad. Ideal para aplicaciones industriales que requieren un fototransistor de silicio robusto con una excelente velocidad de respuesta.<\/p>","protected":false},"featured_media":1193,"template":"","meta":[],"product_brand":[31],"product_cat":[691],"product_tag":[694,693,695,692],"class_list":{"0":"post-1191","1":"product","2":"type-product","3":"status-publish","4":"has-post-thumbnail","6":"product_brand-bee-photon","7":"product_cat-si-phototransistor","8":"product_tag-800-1100nm-sensor","9":"product_tag-ir-sensor","10":"product_tag-npn-phototransistor","11":"product_tag-silicon-phototransistor","13":"first","14":"instock","15":"shipping-taxable","16":"product-type-simple"},"_links":{"self":[{"href":"https:\/\/photo-detector.com\/es\/wp-json\/wp\/v2\/product\/1191","targetHints":{"allow":["GET"]}}],"collection":[{"href":"https:\/\/photo-detector.com\/es\/wp-json\/wp\/v2\/product"}],"about":[{"href":"https:\/\/photo-detector.com\/es\/wp-json\/wp\/v2\/types\/product"}],"wp:featuredmedia":[{"embeddable":true,"href":"https:\/\/photo-detector.com\/es\/wp-json\/wp\/v2\/media\/1193"}],"wp:attachment":[{"href":"https:\/\/photo-detector.com\/es\/wp-json\/wp\/v2\/media?parent=1191"}],"wp:term":[{"taxonomy":"product_brand","embeddable":true,"href":"https:\/\/photo-detector.com\/es\/wp-json\/wp\/v2\/product_brand?post=1191"},{"taxonomy":"product_cat","embeddable":true,"href":"https:\/\/photo-detector.com\/es\/wp-json\/wp\/v2\/product_cat?post=1191"},{"taxonomy":"product_tag","embeddable":true,"href":"https:\/\/photo-detector.com\/es\/wp-json\/wp\/v2\/product_tag?post=1191"}],"curies":[{"name":"wp","href":"https:\/\/api.w.org\/{rel}","templated":true}]}}