{"id":1396,"date":"2026-01-30T06:09:27","date_gmt":"2026-01-30T06:09:27","guid":{"rendered":"https:\/\/photo-detector.com\/?post_type=product&#038;p=1396"},"modified":"2026-01-30T06:09:30","modified_gmt":"2026-01-30T06:09:30","slug":"fotodiodo-de-doble-patilla","status":"publish","type":"product","link":"https:\/\/photo-detector.com\/es\/producto\/fotodiodo-de-doble-patilla\/","title":{"rendered":"Matriz de fotodiodos PIN de Si PDCA02-601"},"content":{"rendered":"<div style=\"font-family: 'Helvetica Neue', Helvetica, Arial, sans-serif; color: #333; line-height: 1.6; max-width: 100%;\">\n<p><!-- \u6807\u9898\u90e8\u5206 --><\/p>\n<div style=\"border-bottom: 3px solid #f39c12; padding-bottom: 10px; margin-bottom: 20px;\">\n<h1 style=\"color: #f39c12; margin: 0; font-size: 28px;\">Serie PDCA<\/h1>\n<h3 style=\"color: #555; margin: 5px 0 0 0; font-weight: normal; font-size: 18px;\">Baja corriente oscura, Alta sensibilidad, Si PIN Photodiode Array<\/h3>\n<\/div>\n<p><!-- \u7279\u6027\u4e0e\u5e94\u7528 (\u4e24\u5217\u5e03\u5c40) --><\/p>\n<div style=\"display: flex; flex-wrap: wrap; margin-bottom: 30px; gap: 20px;\">\n<div style=\"flex: 1 1 300px;\">\n<h4 style=\"color: #f39c12; border-left: 4px solid #f39c12; padding-left: 10px; margin-top: 0;\">Caracter\u00edsticas<\/h4>\n<ul style=\"list-style-type: square; padding-left: 20px; color: #444;\">\n<li>Amplio rango de respuesta espectral (350 ~ 1060 nm)<\/li>\n<li>Alta sensibilidad, baja corriente oscura, baja capacitancia de uni\u00f3n<\/li>\n<li>Ajuste de la soldadura por reflujo sin plomo<\/li>\n<\/ul>\n<\/div>\n<div style=\"flex: 1 1 300px;\">\n<h4 style=\"color: #f39c12; border-left: 4px solid #f39c12; padding-left: 10px; margin-top: 0;\">Aplicaci\u00f3n<\/h4>\n<ul style=\"list-style-type: square; padding-left: 20px; color: #444;\">\n<li>Conmutador \u00f3ptico de supresi\u00f3n de fondo<\/li>\n<li>Foto sensor<\/li>\n<\/ul>\n<\/div>\n<\/div>\n<p><!-- \u8868\u683c 1: Structure \/ Absolute maximum ratings --><\/p>\n<h3 style=\"color: #333; margin-bottom: 15px;\">Estructura \/ Valores m\u00e1ximos absolutos<\/h3>\n<div style=\"overflow-x: auto; margin-bottom: 30px; border: 1px solid #ddd;\">\n<table style=\"width: 100%; border-collapse: collapse; min-width: 800px; font-size: 13px;\">\n<thead>\n<tr style=\"background-color: #f39c12; color: #fff; text-align: center;\">\n<th style=\"padding: 10px; border: 1px solid #e08e0b; vertical-align: middle;\" rowspan=\"2\"><span style=\"color: #000000;\">No. de tipo.<\/span><\/th>\n<th style=\"padding: 10px; border: 1px solid #e08e0b; vertical-align: middle;\" rowspan=\"2\"><span style=\"color: #000000;\">Paquete<\/span><\/th>\n<th style=\"padding: 10px; border: 1px solid #e08e0b; vertical-align: middle;\" rowspan=\"2\"><span style=\"color: #000000;\">Tama\u00f1o del producto<\/span><br \/>\n<span style=\"color: #000000;\">(mm)<\/span><\/th>\n<th style=\"padding: 10px; border: 1px solid #e08e0b; vertical-align: middle;\" rowspan=\"2\"><span style=\"color: #000000;\">Fotosensible<\/span><br \/>\n<span style=\"color: #000000;\">tama\u00f1o de la superficie (mm)<\/span><\/th>\n<th style=\"padding: 5px; border: 1px solid #e08e0b;\" colspan=\"4\"><span style=\"color: #000000;\">Valores m\u00e1ximos absolutos<\/span><\/th>\n<th style=\"padding: 10px; border: 1px solid #e08e0b; vertical-align: middle;\" rowspan=\"2\"><span style=\"color: #000000;\">ESD<\/span><br \/>\n<span style=\"color: #000000;\">Modo HBM(V)<\/span><\/th>\n<\/tr>\n<tr style=\"background-color: #fcdab0; color: #333; text-align: center;\">\n<th style=\"padding: 5px; border: 1px solid #e08e0b;\"><span style=\"color: #000000;\">Temperatura de almacenamiento.<\/span><br \/>\n<span style=\"color: #000000;\">T<sub>stg<\/sub>(\u00b0C)<\/span><\/th>\n<th style=\"padding: 5px; border: 1px solid #e08e0b;\"><span style=\"color: #000000;\">Temperatura de funcionamiento.<\/span><br \/>\n<span style=\"color: #000000;\">T<sub>opr<\/sub>(\u00b0C)<\/span><\/th>\n<th style=\"padding: 5px; border: 1px solid #e08e0b;\"><span style=\"color: #000000;\">Temperatura de soldadura.<\/span><br \/>\n<span style=\"color: #000000;\">T<sub>sol<\/sub>(\u00b0C)<\/span><\/th>\n<th style=\"padding: 5px; border: 1px solid #e08e0b;\"><span style=\"color: #000000;\">Tensi\u00f3n inversa<\/span><br \/>\n<span style=\"color: #000000;\">V<sub>R MAX<\/sub>(V)<\/span><\/th>\n<\/tr>\n<\/thead>\n<tbody style=\"text-align: center; color: #333;\">\n<tr>\n<td style=\"padding: 8px; border: 1px solid #ddd;\">PDCA02-601<\/td>\n<td style=\"padding: 8px; border: 1px solid #ddd; background-color: #f9f9f9;\" rowspan=\"3\">Pl\u00e1stico<\/td>\n<td style=\"padding: 8px; border: 1px solid #ddd;\">5.4&#215;4.1&#215;1.1<\/td>\n<td style=\"padding: 8px; border: 1px solid #ddd;\">PD A: 0,9\u00d71,6<br \/>\nPD B: 0,9\u00d71,6<\/td>\n<td style=\"padding: 8px; border: 1px solid #ddd; background-color: #f9f9f9;\" rowspan=\"3\">-20 a +80<\/td>\n<td style=\"padding: 8px; border: 1px solid #ddd; background-color: #f9f9f9;\" rowspan=\"3\">-20 a +80<\/td>\n<td style=\"padding: 8px; border: 1px solid #ddd; background-color: #f9f9f9;\" rowspan=\"3\">260<br \/>\n(&lt;5s)<\/td>\n<td style=\"padding: 8px; border: 1px solid #ddd; background-color: #f9f9f9;\" rowspan=\"3\">20<\/td>\n<td style=\"padding: 8px; border: 1px solid #ddd; background-color: #f9f9f9;\" rowspan=\"3\">1000<\/td>\n<\/tr>\n<tr style=\"background-color: #fff;\">\n<td style=\"padding: 8px; border: 1px solid #ddd;\">PDCA02-602<\/td>\n<td style=\"padding: 8px; border: 1px solid #ddd;\">4.0\u00d73.0x1.1<\/td>\n<td style=\"padding: 8px; border: 1px solid #ddd;\">PD A: 0,9\u00d71,6<br \/>\nPD B: 0,9\u00d71,6<\/td>\n<\/tr>\n<tr>\n<td style=\"padding: 8px; border: 1px solid #ddd;\">PDCA02-611A<\/td>\n<td style=\"padding: 8px; border: 1px solid #ddd;\">6.4&#215;2.4&#215;1.1<\/td>\n<td style=\"padding: 8px; border: 1px solid #ddd;\">PD A: 1,08\u00d71,5<br \/>\nPD B: 1,08\u00d74,1<\/td>\n<\/tr>\n<\/tbody>\n<\/table>\n<\/div>\n<p style=\"font-size: 12px; color: #666; font-style: italic; margin-top: -20px;\">Nota 1: El tama\u00f1o del \u00e1rea fotosensible, el material de la ventana y el pin num\u00e9rico pueden personalizarse.<br \/>\nNota 2: Sin condensaci\u00f3n de roc\u00edo.<\/p>\n<p><!-- \u8868\u683c 2: Electrical and Optical Characteristics --><\/p>\n<h3 style=\"color: #333; margin-bottom: 15px; margin-top: 40px;\">Caracter\u00edsticas el\u00e9ctricas y \u00f3pticas<\/h3>\n<div style=\"overflow-x: auto; margin-bottom: 30px; border: 1px solid #ddd;\">\n<table style=\"width: 100%; border-collapse: collapse; min-width: 900px; font-size: 13px;\">\n<thead>\n<tr style=\"background-color: #f39c12; color: #fff; text-align: center;\">\n<th style=\"padding: 8px; border: 1px solid #e08e0b; vertical-align: middle;\" colspan=\"2\" rowspan=\"2\"><span style=\"color: #000000;\">No. de tipo.<\/span><\/th>\n<th style=\"padding: 8px; border: 1px solid #e08e0b; vertical-align: middle;\" rowspan=\"2\"><span style=\"color: #000000;\">Respuesta espectral<\/span><br \/>\n<span style=\"color: #000000;\">\u03bb (nm)<\/span><\/th>\n<th style=\"padding: 8px; border: 1px solid #e08e0b; vertical-align: middle;\" rowspan=\"2\"><span style=\"color: #000000;\">Longitud de onda pico<\/span><br \/>\n<span style=\"color: #000000;\">\u03bb<sub>p<\/sub>(nm)<\/span><\/th>\n<th style=\"padding: 8px; border: 1px solid #e08e0b; vertical-align: middle;\" rowspan=\"2\"><span style=\"color: #000000;\">Fotosensibilidad<\/span><br \/>\n<span style=\"color: #000000;\">S(A\/W)<\/span><\/th>\n<th style=\"padding: 8px; border: 1px solid #e08e0b;\" colspan=\"2\"><span style=\"color: #000000;\">Corriente oscura<\/span><br \/>\n<span style=\"color: #000000;\">I<sub>D<\/sub>(pA)<\/span><br \/>\n<span style=\"font-size: 10px; color: #000000;\">V<sub>R<\/sub>=10mV<\/span><\/th>\n<th style=\"padding: 8px; border: 1px solid #e08e0b; vertical-align: middle;\" rowspan=\"2\"><span style=\"color: #000000;\">Coeficiente temp. de I<sub>D<\/sub><\/span><br \/>\n<span style=\"color: #000000;\">T<sub>cID<\/sub><\/span><br \/>\n<span style=\"font-size: 10px; color: #000000;\">(tiempos\/\u00b0C)<\/span><\/th>\n<th style=\"padding: 8px; border: 1px solid #e08e0b;\" colspan=\"2\"><span style=\"color: #000000;\">Capacidad de uni\u00f3n<\/span><br \/>\n<span style=\"color: #000000;\">C<sub>j<\/sub>(pF)<\/span><br \/>\n<span style=\"font-size: 10px; color: #000000;\">V<sub>R<\/sub>=0V, f=100kHz<\/span><\/th>\n<th style=\"padding: 8px; border: 1px solid #e08e0b; vertical-align: middle;\" rowspan=\"2\"><span style=\"color: #000000;\">Tiempo de subida<\/span><br \/>\n<span style=\"color: #000000;\">t<sub>r<\/sub>(\u03bcs)<\/span><br \/>\n<span style=\"font-size: 10px; color: #000000;\">V<sub>R<\/sub>=0V, R<sub>L<\/sub>=1k\u03a9<\/span><\/th>\n<th style=\"padding: 8px; border: 1px solid #e08e0b;\" colspan=\"2\"><span style=\"color: #000000;\">Resistencia de derivaci\u00f3n<\/span><br \/>\n<span style=\"color: #000000;\">R<sub>sh<\/sub>(G\u03a9)<\/span><br \/>\n<span style=\"font-size: 10px; color: #000000;\">V<sub>R<\/sub>=10mV<\/span><\/th>\n<th style=\"padding: 8px; border: 1px solid #e08e0b; vertical-align: middle;\" rowspan=\"2\"><span style=\"color: #000000;\">NEP<\/span><br \/>\n<span style=\"color: #000000;\">(W\/Hz<sup>1\/2<\/sup>)<\/span><\/th>\n<\/tr>\n<tr style=\"background-color: #fcdab0; color: #333; text-align: center;\">\n<th style=\"padding: 5px; border: 1px solid #e08e0b;\"><span style=\"color: #000000;\">Tipo.<\/span><\/th>\n<th style=\"padding: 5px; border: 1px solid #e08e0b;\"><span style=\"color: #000000;\">Max.<\/span><\/th>\n<th style=\"padding: 5px; border: 1px solid #e08e0b;\"><span style=\"color: #000000;\">Tipo.<\/span><\/th>\n<th style=\"padding: 5px; border: 1px solid #e08e0b;\"><span style=\"color: #000000;\">Max.<\/span><\/th>\n<th style=\"padding: 5px; border: 1px solid #e08e0b;\"><span style=\"color: #000000;\">Min.<\/span><\/th>\n<th style=\"padding: 5px; border: 1px solid #e08e0b;\"><span style=\"color: #000000;\">Tipo.<\/span><\/th>\n<\/tr>\n<\/thead>\n<tbody style=\"text-align: center; color: #333;\"><!-- Row 601 --><\/p>\n<tr>\n<td style=\"padding: 8px; border: 1px solid #ddd;\" colspan=\"2\">PDCA02-601<\/td>\n<td style=\"padding: 8px; border: 1px solid #ddd; background-color: #fff;\" rowspan=\"4\">350~1060<\/td>\n<td style=\"padding: 8px; border: 1px solid #ddd; background-color: #fff;\" rowspan=\"4\">800<\/td>\n<td style=\"padding: 8px; border: 1px solid #ddd; background-color: #fff;\" rowspan=\"4\">0,45@650nm<\/td>\n<td style=\"padding: 8px; border: 1px solid #ddd;\">1<\/td>\n<td style=\"padding: 8px; border: 1px solid #ddd;\">10<\/td>\n<td style=\"padding: 8px; border: 1px solid #ddd; background-color: #f9f9f9;\" rowspan=\"4\">1.125<\/td>\n<td style=\"padding: 8px; border: 1px solid #ddd;\">20<\/td>\n<td style=\"padding: 8px; border: 1px solid #ddd;\">30<\/td>\n<td style=\"padding: 8px; border: 1px solid #ddd;\">0.04<\/td>\n<td style=\"padding: 8px; border: 1px solid #ddd;\">1<\/td>\n<td style=\"padding: 8px; border: 1px solid #ddd;\">10<\/td>\n<td style=\"padding: 8px; border: 1px solid #ddd;\">2.5\u00d710<sup>-15<\/sup><\/td>\n<\/tr>\n<p><!-- Row 602 --><\/p>\n<tr style=\"background-color: #f9f9f9;\">\n<td style=\"padding: 8px; border: 1px solid #ddd;\" colspan=\"2\">PDCA02-602<\/td>\n<td style=\"padding: 8px; border: 1px solid #ddd;\">1<\/td>\n<td style=\"padding: 8px; border: 1px solid #ddd;\">10<\/td>\n<td style=\"padding: 8px; border: 1px solid #ddd;\">20<\/td>\n<td style=\"padding: 8px; border: 1px solid #ddd;\">30<\/td>\n<td style=\"padding: 8px; border: 1px solid #ddd;\">0.04<\/td>\n<td style=\"padding: 8px; border: 1px solid #ddd;\">1<\/td>\n<td style=\"padding: 8px; border: 1px solid #ddd;\">10<\/td>\n<td style=\"padding: 8px; border: 1px solid #ddd;\">2.5\u00d710<sup>-15<\/sup><\/td>\n<\/tr>\n<p><!-- Row 611A PD A --><\/p>\n<tr>\n<td style=\"padding: 8px; border: 1px solid #ddd; border-bottom: none;\" rowspan=\"2\">PDCA02-611A<\/td>\n<td style=\"padding: 8px; border: 1px solid #ddd;\">PD A<\/td>\n<td style=\"padding: 8px; border: 1px solid #ddd;\">1<\/td>\n<td style=\"padding: 8px; border: 1px solid #ddd;\">10<\/td>\n<td style=\"padding: 8px; border: 1px solid #ddd;\">20<\/td>\n<td style=\"padding: 8px; border: 1px solid #ddd;\">30<\/td>\n<td style=\"padding: 8px; border: 1px solid #ddd;\">0.04<\/td>\n<td style=\"padding: 8px; border: 1px solid #ddd;\">1<\/td>\n<td style=\"padding: 8px; border: 1px solid #ddd;\">10<\/td>\n<td style=\"padding: 8px; border: 1px solid #ddd;\">2.5\u00d710<sup>-15<\/sup><\/td>\n<\/tr>\n<p><!-- Row 611A PD B --><\/p>\n<tr>\n<td style=\"padding: 8px; border: 1px solid #ddd;\">PD B<\/td>\n<td style=\"padding: 8px; border: 1px solid #ddd;\">3<\/td>\n<td style=\"padding: 8px; border: 1px solid #ddd;\">30<\/td>\n<td style=\"padding: 8px; border: 1px solid #ddd;\">55<\/td>\n<td style=\"padding: 8px; border: 1px solid #ddd;\">80<\/td>\n<td style=\"padding: 8px; border: 1px solid #ddd;\">0.12<\/td>\n<td style=\"padding: 8px; border: 1px solid #ddd;\">0.3<\/td>\n<td style=\"padding: 8px; border: 1px solid #ddd;\">3<\/td>\n<td style=\"padding: 8px; border: 1px solid #ddd;\">4.5\u00d710<sup>-15<\/sup><\/td>\n<\/tr>\n<\/tbody>\n<\/table>\n<p><img fetchpriority=\"high\" decoding=\"async\" class=\"aligncenter size-full wp-image-1397\" src=\"https:\/\/photo-detector.com\/wp-content\/uploads\/2026\/01\/3-High-Performance-Dual-PD-Datasheet-PDCA-Array-Optical-Switches-Datasheet-V1-scaled.webp\" alt=\"\" width=\"2560\" height=\"2072\" srcset=\"https:\/\/photo-detector.com\/wp-content\/uploads\/2026\/01\/3-High-Performance-Dual-PD-Datasheet-PDCA-Array-Optical-Switches-Datasheet-V1-scaled.webp 2560w, https:\/\/photo-detector.com\/wp-content\/uploads\/2026\/01\/3-High-Performance-Dual-PD-Datasheet-PDCA-Array-Optical-Switches-Datasheet-V1-300x243.webp 300w, https:\/\/photo-detector.com\/wp-content\/uploads\/2026\/01\/3-High-Performance-Dual-PD-Datasheet-PDCA-Array-Optical-Switches-Datasheet-V1-1024x829.webp 1024w, https:\/\/photo-detector.com\/wp-content\/uploads\/2026\/01\/3-High-Performance-Dual-PD-Datasheet-PDCA-Array-Optical-Switches-Datasheet-V1-768x622.webp 768w, https:\/\/photo-detector.com\/wp-content\/uploads\/2026\/01\/3-High-Performance-Dual-PD-Datasheet-PDCA-Array-Optical-Switches-Datasheet-V1-1536x1243.webp 1536w, https:\/\/photo-detector.com\/wp-content\/uploads\/2026\/01\/3-High-Performance-Dual-PD-Datasheet-PDCA-Array-Optical-Switches-Datasheet-V1-2048x1657.webp 2048w, https:\/\/photo-detector.com\/wp-content\/uploads\/2026\/01\/3-High-Performance-Dual-PD-Datasheet-PDCA-Array-Optical-Switches-Datasheet-V1-15x12.webp 15w, https:\/\/photo-detector.com\/wp-content\/uploads\/2026\/01\/3-High-Performance-Dual-PD-Datasheet-PDCA-Array-Optical-Switches-Datasheet-V1-600x486.webp 600w\" sizes=\"(max-width: 2560px) 100vw, 2560px\" \/> <img decoding=\"async\" class=\"aligncenter wp-image-1398 size-full\" src=\"https:\/\/photo-detector.com\/wp-content\/uploads\/2026\/01\/3-High-Performance-Dual-PD-Datasheet-PDCA-Array-Optical-Switches-Datasheet-V1_02-scaled.webp\" alt=\"Fotodiodo PIN doble\" width=\"2560\" height=\"1351\" srcset=\"https:\/\/photo-detector.com\/wp-content\/uploads\/2026\/01\/3-High-Performance-Dual-PD-Datasheet-PDCA-Array-Optical-Switches-Datasheet-V1_02-scaled.webp 2560w, https:\/\/photo-detector.com\/wp-content\/uploads\/2026\/01\/3-High-Performance-Dual-PD-Datasheet-PDCA-Array-Optical-Switches-Datasheet-V1_02-300x158.webp 300w, https:\/\/photo-detector.com\/wp-content\/uploads\/2026\/01\/3-High-Performance-Dual-PD-Datasheet-PDCA-Array-Optical-Switches-Datasheet-V1_02-1024x540.webp 1024w, https:\/\/photo-detector.com\/wp-content\/uploads\/2026\/01\/3-High-Performance-Dual-PD-Datasheet-PDCA-Array-Optical-Switches-Datasheet-V1_02-768x405.webp 768w, https:\/\/photo-detector.com\/wp-content\/uploads\/2026\/01\/3-High-Performance-Dual-PD-Datasheet-PDCA-Array-Optical-Switches-Datasheet-V1_02-1536x811.webp 1536w, https:\/\/photo-detector.com\/wp-content\/uploads\/2026\/01\/3-High-Performance-Dual-PD-Datasheet-PDCA-Array-Optical-Switches-Datasheet-V1_02-2048x1081.webp 2048w, https:\/\/photo-detector.com\/wp-content\/uploads\/2026\/01\/3-High-Performance-Dual-PD-Datasheet-PDCA-Array-Optical-Switches-Datasheet-V1_02-18x9.webp 18w, https:\/\/photo-detector.com\/wp-content\/uploads\/2026\/01\/3-High-Performance-Dual-PD-Datasheet-PDCA-Array-Optical-Switches-Datasheet-V1_02-600x317.webp 600w\" sizes=\"(max-width: 2560px) 100vw, 2560px\" \/><\/p>\n<p><strong>Rendimiento y fiabilidad<\/strong><br \/>\nLos ingenieros eligen la serie PDCA por su integridad de se\u00f1al superior. Este <strong>Fotodiodo PIN doble<\/strong> ofrece especificaciones l\u00edderes en el sector, como corriente oscura ultrabaja (m\u00e1x. 10pA) y baja capacitancia de uni\u00f3n. Estas caracter\u00edsticas minimizan las interferencias de ruido y garantizan un tiempo de respuesta r\u00e1pido (t\u00edp. 0,04\u03bcs), lo que resulta cr\u00edtico para las l\u00edneas de automatizaci\u00f3n de alta velocidad. El componente est\u00e1 alojado en un duradero encapsulado de pl\u00e1stico que admite la soldadura por reflujo sin plomo, lo que agiliza el proceso de montaje en superficie.<\/p>\n<p><strong>Aplicaciones de destino<\/strong><br \/>\nOptimizada para ofrecer precisi\u00f3n y velocidad, la serie PDCA <strong>Fotodiodo PIN doble<\/strong> est\u00e1 ampliamente integrado en:<\/p>\n<ul>\n<li><strong>Conmutadores \u00f3pticos:<\/strong> espec\u00edficamente para la supresi\u00f3n de fondo con el fin de detectar objetos independientemente de su color o fondo.<\/li>\n<li><strong>Detecci\u00f3n de posici\u00f3n:<\/strong> utilizando la matriz segmentada para proporcionar informaci\u00f3n precisa sobre la alineaci\u00f3n.<\/li>\n<li><strong>Automatizaci\u00f3n industrial:<\/strong> funcionando como un fotosensor fiable en rob\u00f3tica y sistemas transportadores.<\/li>\n<\/ul>\n<\/div>\n<p><!-- \u5e95\u90e8\u54c1\u724c\u4fe1\u606f (\u53ef\u9009) --><\/p>\n<div style=\"margin-top: 40px; padding-top: 20px; border-top: 2px solid #ddd; font-size: 12px; color: #888;\">\n<p><strong>BEEPHOTON TECHNOLOGY (CHANGZHOU) CO, LTD<\/strong><\/p>\n<\/div>\n<\/div>","protected":false},"excerpt":{"rendered":"<p><span class=\"ng-star-inserted\">La serie PDCA de Bee Photon es un producto de ingenier\u00eda de precisi\u00f3n\u00a0<\/span><strong class=\"ng-star-inserted\"><span class=\"ng-star-inserted\">Fotodiodo PIN doble<\/span><\/strong><span class=\"ng-star-inserted\">\u00a0dise\u00f1ado para la detecci\u00f3n industrial de gama alta. A diferencia de los detectores est\u00e1ndar de un solo elemento, este dispositivo basado en silicio presenta una estructura de matriz segmentada (PD A y PD B), lo que lo convierte en la soluci\u00f3n perfecta para la detecci\u00f3n diferencial y\u00a0<\/span><strong class=\"ng-star-inserted\"><span class=\"ng-star-inserted\">interruptores \u00f3pticos con supresi\u00f3n de fondo<\/span><\/strong><span class=\"ng-star-inserted\">. Con una amplia respuesta espectral de 350 nm a 1060 nm, garantiza un rendimiento vers\u00e1til en las longitudes de onda del visible y el infrarrojo cercano.<\/span><\/p>","protected":false},"featured_media":1399,"template":"","meta":[],"product_brand":[31],"product_cat":[25,37],"product_tag":[838,123,840,841,839],"class_list":{"0":"post-1396","1":"product","2":"type-product","3":"status-publish","4":"has-post-thumbnail","6":"product_brand-bee-photon","7":"product_cat-si-pin-photodiodes","8":"product_cat-pd-array","9":"product_tag-background-suppression-sensor","10":"product_tag-low-noise-photodiode","11":"product_tag-optical-position-sensor","12":"product_tag-reflow-soldering-photodiode","13":"product_tag-segmented-photodiode","15":"first","16":"instock","17":"shipping-taxable","18":"product-type-simple"},"_links":{"self":[{"href":"https:\/\/photo-detector.com\/es\/wp-json\/wp\/v2\/product\/1396","targetHints":{"allow":["GET"]}}],"collection":[{"href":"https:\/\/photo-detector.com\/es\/wp-json\/wp\/v2\/product"}],"about":[{"href":"https:\/\/photo-detector.com\/es\/wp-json\/wp\/v2\/types\/product"}],"wp:featuredmedia":[{"embeddable":true,"href":"https:\/\/photo-detector.com\/es\/wp-json\/wp\/v2\/media\/1399"}],"wp:attachment":[{"href":"https:\/\/photo-detector.com\/es\/wp-json\/wp\/v2\/media?parent=1396"}],"wp:term":[{"taxonomy":"product_brand","embeddable":true,"href":"https:\/\/photo-detector.com\/es\/wp-json\/wp\/v2\/product_brand?post=1396"},{"taxonomy":"product_cat","embeddable":true,"href":"https:\/\/photo-detector.com\/es\/wp-json\/wp\/v2\/product_cat?post=1396"},{"taxonomy":"product_tag","embeddable":true,"href":"https:\/\/photo-detector.com\/es\/wp-json\/wp\/v2\/product_tag?post=1396"}],"curies":[{"name":"wp","href":"https:\/\/api.w.org\/{rel}","templated":true}]}}