{"id":1447,"date":"2026-02-03T06:13:45","date_gmt":"2026-02-03T06:13:45","guid":{"rendered":"https:\/\/photo-detector.com\/?post_type=product&#038;p=1447"},"modified":"2026-02-03T06:13:48","modified_gmt":"2026-02-03T06:13:48","slug":"led-rojo-de-625-nm","status":"publish","type":"product","link":"https:\/\/photo-detector.com\/es\/producto\/led-rojo-de-625-nm\/","title":{"rendered":"LED rojo E628-10-201L4"},"content":{"rendered":"<div class=\"bee-product-detail\" style=\"font-family: 'Helvetica Neue', Helvetica, Arial, sans-serif; max-width: 100%; color: #333; line-height: 1.6;\">\n<p><!-- \u9876\u90e8\u6807\u9898\u533a (\u53ef\u9009\uff0c\u5982\u679cWooCommerce\u5df2\u6709\u6807\u9898\u53ef\u5220\u9664\u6b64\u884c) --><\/p>\n<h2 style=\"color: #e67e22; border-bottom: 2px solid #e67e22; padding-bottom: 10px; margin-bottom: 20px;\">E628-10-201L4 IR LED<\/h2>\n<p><!-- \u7279\u6027\u4e0e\u5e94\u7528 \u53cc\u680f\u5e03\u5c40 --><\/p>\n<div style=\"display: flex; flex-wrap: wrap; margin-bottom: 30px; gap: 20px;\">\n<div style=\"flex: 1; min-width: 250px;\">\n<h3 style=\"font-size: 18px; font-weight: bold; margin-bottom: 10px; color: #444;\">\u27a4 Caracter\u00edsticas<\/h3>\n<ul style=\"list-style-type: disc; padding-left: 20px;\">\n<li>Alta fiabilidad<\/li>\n<li>Alta luminosidad<\/li>\n<\/ul>\n<\/div>\n<div style=\"flex: 1; min-width: 250px;\">\n<h3 style=\"font-size: 18px; font-weight: bold; margin-bottom: 10px; color: #444;\">\u27a4 Aplicaci\u00f3n<\/h3>\n<ul style=\"list-style-type: disc; padding-left: 20px;\">\n<li>Conmutadores \u00f3pticos<\/li>\n<li>Codificador<\/li>\n<\/ul>\n<\/div>\n<\/div>\n<p><!-- \u8868\u683c 1: \u5149\u7535\u53c2\u6570 --><\/p>\n<h3 style=\"font-size: 18px; font-weight: bold; margin-top: 30px; margin-bottom: 15px; border-left: 5px solid #e67e22; padding-left: 10px;\">\u27a4 Caracter\u00edsticas el\u00e9ctricas y \u00f3pticas (Ta=25\u00b0C)<\/h3>\n<div style=\"overflow-x: auto;\">\n<table style=\"width: 100%; border-collapse: collapse; font-size: 14px; margin-bottom: 20px; border: 1px solid #ddd;\">\n<thead>\n<tr style=\"background-color: #f39c12; color: #fff;\">\n<th style=\"padding: 10px; border: 1px solid #ddd; text-align: left;\" rowspan=\"2\">Par\u00e1metro<\/th>\n<th style=\"padding: 10px; border: 1px solid #ddd; text-align: center;\" rowspan=\"2\">S\u00edmbolo<\/th>\n<th style=\"padding: 10px; border: 1px solid #ddd; text-align: center;\" rowspan=\"2\">Condici\u00f3n<\/th>\n<th style=\"padding: 10px; border: 1px solid #ddd; text-align: center;\" colspan=\"3\">E628-10-201L4<\/th>\n<th style=\"padding: 10px; border: 1px solid #ddd; text-align: center;\" rowspan=\"2\">Unidad<\/th>\n<\/tr>\n<tr style=\"background-color: #e67e22; color: #fff;\">\n<th style=\"padding: 8px; border: 1px solid #ddd; text-align: center;\">Min.<\/th>\n<th style=\"padding: 8px; border: 1px solid #ddd; text-align: center;\">Tipo.<\/th>\n<th style=\"padding: 8px; border: 1px solid #ddd; text-align: center;\">Max.<\/th>\n<\/tr>\n<\/thead>\n<tbody>\n<tr>\n<td style=\"padding: 8px; border: 1px solid #ddd;\">Tensi\u00f3n directa<\/td>\n<td style=\"padding: 8px; border: 1px solid #ddd; text-align: center;\">V<sub>f1<\/sub><\/td>\n<td style=\"padding: 8px; border: 1px solid #ddd; text-align: center;\">I<sub>f<\/sub>=50mA<\/td>\n<td style=\"padding: 8px; border: 1px solid #ddd; text-align: center;\">2<\/td>\n<td style=\"padding: 8px; border: 1px solid #ddd; text-align: center;\">&#8211;<\/td>\n<td style=\"padding: 8px; border: 1px solid #ddd; text-align: center;\">2.60<\/td>\n<td style=\"padding: 8px; border: 1px solid #ddd; text-align: center;\">V<\/td>\n<\/tr>\n<tr style=\"background-color: #f9f9f9;\">\n<td style=\"padding: 8px; border: 1px solid #ddd;\">Corriente inversa<\/td>\n<td style=\"padding: 8px; border: 1px solid #ddd; text-align: center;\">I<sub>r<\/sub><\/td>\n<td style=\"padding: 8px; border: 1px solid #ddd; text-align: center;\">V<sub>r<\/sub>=-5V<\/td>\n<td style=\"padding: 8px; border: 1px solid #ddd; text-align: center;\">&#8211;<\/td>\n<td style=\"padding: 8px; border: 1px solid #ddd; text-align: center;\">&#8211;<\/td>\n<td style=\"padding: 8px; border: 1px solid #ddd; text-align: center;\">10<\/td>\n<td style=\"padding: 8px; border: 1px solid #ddd; text-align: center;\">\u03bcA<\/td>\n<\/tr>\n<tr>\n<td style=\"padding: 8px; border: 1px solid #ddd;\">Longitud de onda de emisi\u00f3n m\u00e1xima<\/td>\n<td style=\"padding: 8px; border: 1px solid #ddd; text-align: center;\">\u03bb<sub>p<\/sub><\/td>\n<td style=\"padding: 8px; border: 1px solid #ddd; text-align: center;\">I<sub>f<\/sub>=50mA<\/td>\n<td style=\"padding: 8px; border: 1px solid #ddd; text-align: center;\">625<\/td>\n<td style=\"padding: 8px; border: 1px solid #ddd; text-align: center;\">&#8211;<\/td>\n<td style=\"padding: 8px; border: 1px solid #ddd; text-align: center;\">630<\/td>\n<td style=\"padding: 8px; border: 1px solid #ddd; text-align: center;\">nm<\/td>\n<\/tr>\n<p><!-- \u9ad8\u4eae\u884c --><\/p>\n<tr style=\"background-color: #fff8e1;\">\n<td style=\"padding: 8px; border: 1px solid #ddd; font-weight: bold;\">Flujo radiante<\/td>\n<td style=\"padding: 8px; border: 1px solid #ddd; text-align: center;\">\u03a6<sub>e<\/sub><\/td>\n<td style=\"padding: 8px; border: 1px solid #ddd; text-align: center;\">Si=50mA<\/td>\n<td style=\"padding: 8px; border: 1px solid #ddd; text-align: center;\">8<\/td>\n<td style=\"padding: 8px; border: 1px solid #ddd; text-align: center;\">10<\/td>\n<td style=\"padding: 8px; border: 1px solid #ddd; text-align: center;\">&#8211;<\/td>\n<td style=\"padding: 8px; border: 1px solid #ddd; text-align: center;\">mW<\/td>\n<\/tr>\n<tr style=\"background-color: #fff8e1;\">\n<td style=\"padding: 8px; border: 1px solid #ddd; font-weight: bold;\">\u00c1ngulo de emisi\u00f3n<\/td>\n<td style=\"padding: 8px; border: 1px solid #ddd; text-align: center;\">2\u03b8<sub>1\/2<\/sub><\/td>\n<td style=\"padding: 8px; border: 1px solid #ddd; text-align: center;\">I<sub>f<\/sub>=50mA<\/td>\n<td style=\"padding: 8px; border: 1px solid #ddd; text-align: center;\">&#8211;<\/td>\n<td style=\"padding: 8px; border: 1px solid #ddd; text-align: center;\">4<\/td>\n<td style=\"padding: 8px; border: 1px solid #ddd; text-align: center;\">6<\/td>\n<td style=\"padding: 8px; border: 1px solid #ddd; text-align: center;\">deg<\/td>\n<\/tr>\n<\/tbody>\n<\/table>\n<\/div>\n<p><!-- \u8868\u683c 2: \u6781\u9650\u53c2\u6570 --><\/p>\n<h3 style=\"font-size: 18px; font-weight: bold; margin-top: 30px; margin-bottom: 15px; border-left: 5px solid #e67e22; padding-left: 10px;\">\u27a4 Valores m\u00e1ximos absolutos<\/h3>\n<div style=\"overflow-x: auto;\">\n<table style=\"width: 100%; border-collapse: collapse; font-size: 14px; border: 1px solid #ddd;\">\n<thead>\n<tr style=\"background-color: #f39c12; color: #fff;\">\n<th style=\"padding: 10px; border: 1px solid #ddd; text-align: left;\">Par\u00e1metro<\/th>\n<th style=\"padding: 10px; border: 1px solid #ddd; text-align: center;\">S\u00edmbolo<\/th>\n<th style=\"padding: 10px; border: 1px solid #ddd; text-align: center;\">Condici\u00f3n<\/th>\n<th style=\"padding: 10px; border: 1px solid #ddd; text-align: center;\">E628-10-201L4<\/th>\n<th style=\"padding: 10px; border: 1px solid #ddd; text-align: center;\">Unidad<\/th>\n<\/tr>\n<\/thead>\n<tbody>\n<tr>\n<td style=\"padding: 8px; border: 1px solid #ddd;\">Corriente continua<\/td>\n<td style=\"padding: 8px; border: 1px solid #ddd; text-align: center;\">I<sub>f<\/sub><\/td>\n<td style=\"padding: 8px; border: 1px solid #ddd; text-align: center;\">Ta=25\u00b0C<\/td>\n<td style=\"padding: 8px; border: 1px solid #ddd; text-align: center;\">\u2264 60<\/td>\n<td style=\"padding: 8px; border: 1px solid #ddd; text-align: center;\">mA<\/td>\n<\/tr>\n<tr style=\"background-color: #f9f9f9;\">\n<td style=\"padding: 8px; border: 1px solid #ddd;\">Corriente de impulso hacia delante<\/td>\n<td style=\"padding: 8px; border: 1px solid #ddd; text-align: center;\">I<sub>fpm<\/sub><\/td>\n<td style=\"padding: 8px; border: 1px solid #ddd; text-align: center;\">Ta=25\u00b0C<\/td>\n<td style=\"padding: 8px; border: 1px solid #ddd; text-align: center;\">\u2264 100<\/td>\n<td style=\"padding: 8px; border: 1px solid #ddd; text-align: center;\">mA<\/td>\n<\/tr>\n<tr>\n<td style=\"padding: 8px; border: 1px solid #ddd;\">Tensi\u00f3n inversa<\/td>\n<td style=\"padding: 8px; border: 1px solid #ddd; text-align: center;\">V<sub>r<\/sub><\/td>\n<td style=\"padding: 8px; border: 1px solid #ddd; text-align: center;\">Ta=25\u00b0C<\/td>\n<td style=\"padding: 8px; border: 1px solid #ddd; text-align: center;\">\u2264 5<\/td>\n<td style=\"padding: 8px; border: 1px solid #ddd; text-align: center;\">V<\/td>\n<\/tr>\n<tr style=\"background-color: #f9f9f9;\">\n<td style=\"padding: 8px; border: 1px solid #ddd;\">Consumo de energ\u00eda<\/td>\n<td style=\"padding: 8px; border: 1px solid #ddd; text-align: center;\">P<\/td>\n<td style=\"padding: 8px; border: 1px solid #ddd; text-align: center;\">&#8211;<\/td>\n<td style=\"padding: 8px; border: 1px solid #ddd; text-align: center;\">\u2264 130<\/td>\n<td style=\"padding: 8px; border: 1px solid #ddd; text-align: center;\">mW<\/td>\n<\/tr>\n<tr>\n<td style=\"padding: 8px; border: 1px solid #ddd;\">Temperatura de almacenamiento<sup>1<\/sup><\/td>\n<td style=\"padding: 8px; border: 1px solid #ddd; text-align: center;\">T<sub>stg<\/sub><\/td>\n<td style=\"padding: 8px; border: 1px solid #ddd; text-align: center;\">&#8211;<\/td>\n<td style=\"padding: 8px; border: 1px solid #ddd; text-align: center;\">-40 a +105<\/td>\n<td style=\"padding: 8px; border: 1px solid #ddd; text-align: center;\">\u00b0C<\/td>\n<\/tr>\n<tr style=\"background-color: #f9f9f9;\">\n<td style=\"padding: 8px; border: 1px solid #ddd;\">Temperatura de funcionamiento<sup>1<\/sup><\/td>\n<td style=\"padding: 8px; border: 1px solid #ddd; text-align: center;\">T<sub>opr<\/sub><\/td>\n<td style=\"padding: 8px; border: 1px solid #ddd; text-align: center;\">&#8211;<\/td>\n<td style=\"padding: 8px; border: 1px solid #ddd; text-align: center;\">-40 a +105<\/td>\n<td style=\"padding: 8px; border: 1px solid #ddd; text-align: center;\">\u00b0C<\/td>\n<\/tr>\n<tr>\n<td style=\"padding: 8px; border: 1px solid #ddd;\">Temperatura de soldadura<\/td>\n<td style=\"padding: 8px; border: 1px solid #ddd; text-align: center;\">T<sub>sol<\/sub><\/td>\n<td style=\"padding: 8px; border: 1px solid #ddd; text-align: center;\">&#8211;<\/td>\n<td style=\"padding: 8px; border: 1px solid #ddd; text-align: center;\">260 (&lt;10s)<\/td>\n<td style=\"padding: 8px; border: 1px solid #ddd; text-align: center;\">\u00b0C<\/td>\n<\/tr>\n<\/tbody>\n<\/table>\n<\/div>\n<p style=\"font-size: 12px; color: #666; margin-top: 10px; font-style: italic;\">Nota 1: Sin condensaci\u00f3n de roc\u00edo.<\/p>\n<p><img fetchpriority=\"high\" decoding=\"async\" class=\"aligncenter wp-image-1448 size-full\" src=\"https:\/\/photo-detector.com\/wp-content\/uploads\/2026\/02\/4-TO-Package-IR-LED-E628-10-201L4Datasheet_Rev.A-TOPackage-IR-LED-E628-10-201L4Datasheet_Rev.A_03-scaled.webp\" alt=\"E628-10-201L4 Tabla de caracter\u00edsticas el\u00e9ctricas y \u00f3pticas del LED rojo de 625 nm que muestra la tensi\u00f3n y el flujo radiante\" width=\"2560\" height=\"2420\" srcset=\"https:\/\/photo-detector.com\/wp-content\/uploads\/2026\/02\/4-TO-Package-IR-LED-E628-10-201L4Datasheet_Rev.A-TOPackage-IR-LED-E628-10-201L4Datasheet_Rev.A_03-scaled.webp 2560w, https:\/\/photo-detector.com\/wp-content\/uploads\/2026\/02\/4-TO-Package-IR-LED-E628-10-201L4Datasheet_Rev.A-TOPackage-IR-LED-E628-10-201L4Datasheet_Rev.A_03-300x284.webp 300w, https:\/\/photo-detector.com\/wp-content\/uploads\/2026\/02\/4-TO-Package-IR-LED-E628-10-201L4Datasheet_Rev.A-TOPackage-IR-LED-E628-10-201L4Datasheet_Rev.A_03-1024x968.webp 1024w, https:\/\/photo-detector.com\/wp-content\/uploads\/2026\/02\/4-TO-Package-IR-LED-E628-10-201L4Datasheet_Rev.A-TOPackage-IR-LED-E628-10-201L4Datasheet_Rev.A_03-768x726.webp 768w, https:\/\/photo-detector.com\/wp-content\/uploads\/2026\/02\/4-TO-Package-IR-LED-E628-10-201L4Datasheet_Rev.A-TOPackage-IR-LED-E628-10-201L4Datasheet_Rev.A_03-1536x1452.webp 1536w, https:\/\/photo-detector.com\/wp-content\/uploads\/2026\/02\/4-TO-Package-IR-LED-E628-10-201L4Datasheet_Rev.A-TOPackage-IR-LED-E628-10-201L4Datasheet_Rev.A_03-2048x1936.webp 2048w, https:\/\/photo-detector.com\/wp-content\/uploads\/2026\/02\/4-TO-Package-IR-LED-E628-10-201L4Datasheet_Rev.A-TOPackage-IR-LED-E628-10-201L4Datasheet_Rev.A_03-13x12.webp 13w, https:\/\/photo-detector.com\/wp-content\/uploads\/2026\/02\/4-TO-Package-IR-LED-E628-10-201L4Datasheet_Rev.A-TOPackage-IR-LED-E628-10-201L4Datasheet_Rev.A_03-600x567.webp 600w\" sizes=\"(max-width: 2560px) 100vw, 2560px\" \/> <img decoding=\"async\" class=\"aligncenter wp-image-1449 size-full\" src=\"https:\/\/photo-detector.com\/wp-content\/uploads\/2026\/02\/4-TO-Package-IR-LED-E628-10-201L4Datasheet_Rev.A-TOPackage-IR-LED-E628-10-201L4Datasheet_Rev.A_04-scaled.webp\" alt=\"Esquemas dimensionales del LED rojo de alta potencia E628-10-201L4 de 625 nm\" width=\"2560\" height=\"2420\" srcset=\"https:\/\/photo-detector.com\/wp-content\/uploads\/2026\/02\/4-TO-Package-IR-LED-E628-10-201L4Datasheet_Rev.A-TOPackage-IR-LED-E628-10-201L4Datasheet_Rev.A_04-scaled.webp 2560w, https:\/\/photo-detector.com\/wp-content\/uploads\/2026\/02\/4-TO-Package-IR-LED-E628-10-201L4Datasheet_Rev.A-TOPackage-IR-LED-E628-10-201L4Datasheet_Rev.A_04-300x284.webp 300w, https:\/\/photo-detector.com\/wp-content\/uploads\/2026\/02\/4-TO-Package-IR-LED-E628-10-201L4Datasheet_Rev.A-TOPackage-IR-LED-E628-10-201L4Datasheet_Rev.A_04-1024x968.webp 1024w, https:\/\/photo-detector.com\/wp-content\/uploads\/2026\/02\/4-TO-Package-IR-LED-E628-10-201L4Datasheet_Rev.A-TOPackage-IR-LED-E628-10-201L4Datasheet_Rev.A_04-768x726.webp 768w, https:\/\/photo-detector.com\/wp-content\/uploads\/2026\/02\/4-TO-Package-IR-LED-E628-10-201L4Datasheet_Rev.A-TOPackage-IR-LED-E628-10-201L4Datasheet_Rev.A_04-1536x1452.webp 1536w, https:\/\/photo-detector.com\/wp-content\/uploads\/2026\/02\/4-TO-Package-IR-LED-E628-10-201L4Datasheet_Rev.A-TOPackage-IR-LED-E628-10-201L4Datasheet_Rev.A_04-2048x1936.webp 2048w, https:\/\/photo-detector.com\/wp-content\/uploads\/2026\/02\/4-TO-Package-IR-LED-E628-10-201L4Datasheet_Rev.A-TOPackage-IR-LED-E628-10-201L4Datasheet_Rev.A_04-13x12.webp 13w, https:\/\/photo-detector.com\/wp-content\/uploads\/2026\/02\/4-TO-Package-IR-LED-E628-10-201L4Datasheet_Rev.A-TOPackage-IR-LED-E628-10-201L4Datasheet_Rev.A_04-600x567.webp 600w\" sizes=\"(max-width: 2560px) 100vw, 2560px\" \/><\/p>\n<div class=\"node-slot\" data-v-37d25bc6=\"\" data-node-index=\"7\" data-node-type=\"paragraph\">\n<div class=\"node-content\" data-v-37d25bc6=\"\">\n<p class=\"paragraph-node\" dir=\"auto\" data-v-4e2afdbc=\"\" data-v-37d25bc6=\"\"><strong class=\"strong-node\" data-v-af3ce037=\"\" data-v-4e2afdbc=\"\"><span class=\"whitespace-pre-wrap break-words text-node\" data-v-56f30838=\"\" data-v-af3ce037=\"\">Principales caracter\u00edsticas y aplicaciones:<\/span><\/strong><\/p>\n<\/div>\n<\/div>\n<div class=\"node-slot\" data-v-37d25bc6=\"\" data-node-index=\"8\" data-node-type=\"list\">\n<div class=\"node-content\" data-v-37d25bc6=\"\">\n<ul class=\"list-node list-disc\" data-v-79057d57=\"\" data-v-37d25bc6=\"\">\n<li class=\"list-item pl-1.5 my-2\" dir=\"auto\" data-v-7a618746=\"\" data-v-79057d57=\"\">\n<div class=\"markstream-vue markdown-renderer\" data-v-37d25bc6=\"\" data-v-7a618746=\"\">\n<div class=\"node-slot\" data-v-37d25bc6=\"\" data-node-index=\"0\" data-node-type=\"paragraph\">\n<div class=\"node-content\" data-v-37d25bc6=\"\">\n<p class=\"paragraph-node\" dir=\"auto\" data-v-4e2afdbc=\"\" data-v-37d25bc6=\"\"><strong class=\"strong-node\" data-v-af3ce037=\"\" data-v-4e2afdbc=\"\"><span class=\"whitespace-pre-wrap break-words text-node\" data-v-56f30838=\"\" data-v-af3ce037=\"\">Longitud de onda precisa:<\/span><\/strong><span class=\"whitespace-pre-wrap break-words text-node\" data-v-4e2afdbc=\"\"> Con una longitud de onda de emisi\u00f3n pico entre 625 nm y 630 nm, este dispositivo ofrece un rendimiento espectral estable esencial para la calibraci\u00f3n \u00f3ptica.<\/span><\/p>\n<\/div>\n<\/div>\n<\/div>\n<\/li>\n<li class=\"list-item pl-1.5 my-2\" dir=\"auto\" data-v-7a618746=\"\" data-v-79057d57=\"\">\n<div class=\"markstream-vue markdown-renderer\" data-v-37d25bc6=\"\" data-v-7a618746=\"\">\n<div class=\"node-slot\" data-v-37d25bc6=\"\" data-node-index=\"0\" data-node-type=\"paragraph\">\n<div class=\"node-content\" data-v-37d25bc6=\"\">\n<p class=\"paragraph-node\" dir=\"auto\" data-v-4e2afdbc=\"\" data-v-37d25bc6=\"\"><strong class=\"strong-node\" data-v-af3ce037=\"\" data-v-4e2afdbc=\"\"><span class=\"whitespace-pre-wrap break-words text-node\" data-v-56f30838=\"\" data-v-af3ce037=\"\">Salida del haz focalizado:<\/span><\/strong><span class=\"whitespace-pre-wrap break-words text-node\" data-v-4e2afdbc=\"\"> El \u00e1ngulo de visi\u00f3n ultraestrecho de 4 grados garantiza una alta intensidad radiante (t\u00edp. 10mW) dirigida exactamente donde se necesita, minimizando la p\u00e9rdida de luz.<\/span><\/p>\n<\/div>\n<\/div>\n<\/div>\n<\/li>\n<li class=\"list-item pl-1.5 my-2\" dir=\"auto\" data-v-7a618746=\"\" data-v-79057d57=\"\">\n<div class=\"markstream-vue markdown-renderer\" data-v-37d25bc6=\"\" data-v-7a618746=\"\">\n<div class=\"node-slot\" data-v-37d25bc6=\"\" data-node-index=\"0\" data-node-type=\"paragraph\">\n<div class=\"node-content\" data-v-37d25bc6=\"\">\n<p class=\"paragraph-node\" dir=\"auto\" data-v-4e2afdbc=\"\" data-v-37d25bc6=\"\"><strong class=\"strong-node\" data-v-af3ce037=\"\" data-v-4e2afdbc=\"\"><span class=\"whitespace-pre-wrap break-words text-node\" data-v-56f30838=\"\" data-v-af3ce037=\"\">Dise\u00f1o industrial robusto:<\/span><\/strong><span class=\"whitespace-pre-wrap break-words text-node\" data-v-4e2afdbc=\"\"> Capaz de funcionar a temperaturas extremas que oscilan entre -40 \u00b0C y +105 \u00b0C, lo que garantiza su longevidad en entornos dif\u00edciles.<\/span><\/p>\n<\/div>\n<\/div>\n<\/div>\n<\/li>\n<li class=\"list-item pl-1.5 my-2\" dir=\"auto\" data-v-7a618746=\"\" data-v-79057d57=\"\">\n<div class=\"markstream-vue markdown-renderer\" data-v-37d25bc6=\"\" data-v-7a618746=\"\">\n<div class=\"node-slot\" data-v-37d25bc6=\"\" data-node-index=\"0\" data-node-type=\"paragraph\">\n<div class=\"node-content\" data-v-37d25bc6=\"\">\n<p class=\"paragraph-node\" dir=\"auto\" data-v-4e2afdbc=\"\" data-v-37d25bc6=\"\"><strong class=\"strong-node\" data-v-af3ce037=\"\" data-v-4e2afdbc=\"\"><span class=\"whitespace-pre-wrap break-words text-node\" data-v-56f30838=\"\" data-v-af3ce037=\"\">Uso vers\u00e1til:<\/span><\/strong><span class=\"whitespace-pre-wrap break-words text-node\" data-v-4e2afdbc=\"\"> Espec\u00edficamente optimizado para su uso en <\/span><strong class=\"strong-node\" data-v-af3ce037=\"\" data-v-4e2afdbc=\"\"><span class=\"whitespace-pre-wrap break-words text-node\" data-v-56f30838=\"\" data-v-af3ce037=\"\">conmutadores \u00f3pticos<\/span><\/strong><span class=\"whitespace-pre-wrap break-words text-node\" data-v-4e2afdbc=\"\">, alta resoluci\u00f3n <\/span><strong class=\"strong-node\" data-v-af3ce037=\"\" data-v-4e2afdbc=\"\"><span class=\"whitespace-pre-wrap break-words text-node\" data-v-56f30838=\"\" data-v-af3ce037=\"\">codificadores<\/span><\/strong><span class=\"whitespace-pre-wrap break-words text-node\" data-v-4e2afdbc=\"\">, y sensores industriales que requieren una fuente puntual fiable de luz roja.<\/span><\/p>\n<\/div>\n<\/div>\n<\/div>\n<\/li>\n<\/ul>\n<\/div>\n<\/div>\n<div class=\"node-slot\" data-v-37d25bc6=\"\" data-node-index=\"9\" data-node-type=\"paragraph\">\n<div class=\"node-content\" data-v-37d25bc6=\"\">\n<p class=\"paragraph-node\" dir=\"auto\" data-v-4e2afdbc=\"\" data-v-37d25bc6=\"\"><span class=\"whitespace-pre-wrap break-words text-node\" data-v-4e2afdbc=\"\">Tanto si est\u00e1 dise\u00f1ando codificadores \u00f3pticos de nueva generaci\u00f3n como sistemas de detecci\u00f3n robustos, el <\/span><strong class=\"strong-node\" data-v-af3ce037=\"\" data-v-4e2afdbc=\"\"><span class=\"whitespace-pre-wrap break-words text-node\" data-v-56f30838=\"\" data-v-af3ce037=\"\">E628-10-201L4 LED rojo de 625 nm<\/span><\/strong><span class=\"whitespace-pre-wrap break-words text-node\" data-v-4e2afdbc=\"\"> ofrece la estabilidad el\u00e9ctrica y la eficacia \u00f3ptica que exige su proyecto.<\/span><\/p>\n<\/div>\n<\/div>\n<\/div>","protected":false},"excerpt":{"rendered":"<div class=\"node-slot\" data-v-37d25bc6=\"\" data-node-index=\"5\" data-node-type=\"paragraph\">\n<div class=\"node-content\" data-v-37d25bc6=\"\">\n<p class=\"paragraph-node\" dir=\"auto\" data-v-4e2afdbc=\"\" data-v-37d25bc6=\"\"><strong class=\"strong-node\" data-v-af3ce037=\"\" data-v-4e2afdbc=\"\"><span class=\"whitespace-pre-wrap break-words text-node\" data-v-56f30838=\"\" data-v-af3ce037=\"\">LED rojo de 625 nm de alto rendimiento para aplicaciones \u00f3pticas de precisi\u00f3n<\/span><\/strong><\/p>\n<\/div>\n<\/div>\n<div class=\"node-slot\" data-v-37d25bc6=\"\" data-node-index=\"6\" data-node-type=\"paragraph\">\n<div class=\"node-content\" data-v-37d25bc6=\"\">\n<p class=\"paragraph-node\" dir=\"auto\" data-v-4e2afdbc=\"\" data-v-37d25bc6=\"\"><span class=\"whitespace-pre-wrap break-words text-node\" data-v-4e2afdbc=\"\">En <\/span><strong class=\"strong-node\" data-v-af3ce037=\"\" data-v-4e2afdbc=\"\"><span class=\"whitespace-pre-wrap break-words text-node\" data-v-56f30838=\"\" data-v-af3ce037=\"\">E628-10-201L4<\/span><\/strong><span class=\"whitespace-pre-wrap break-words text-node\" data-v-4e2afdbc=\"\"> de Bee Photon es una <\/span><strong class=\"strong-node\" data-v-af3ce037=\"\" data-v-4e2afdbc=\"\"><span class=\"whitespace-pre-wrap break-words text-node\" data-v-56f30838=\"\" data-v-af3ce037=\"\">LED rojo de 625 nm<\/span><\/strong><span class=\"whitespace-pre-wrap break-words text-node\" data-v-4e2afdbc=\"\"> dise\u00f1ada para ofrecer una gran luminosidad y una fiabilidad excepcional en aplicaciones industriales exigentes. Dise\u00f1ada con un \u00e1ngulo de emisi\u00f3n estrecho de 4 grados, esta <\/span><strong class=\"strong-node\" data-v-af3ce037=\"\" data-v-4e2afdbc=\"\"><span class=\"whitespace-pre-wrap break-words text-node\" data-v-56f30838=\"\" data-v-af3ce037=\"\">Emisor LED rojo de alta potencia<\/span><\/strong><span class=\"whitespace-pre-wrap break-words text-node\" data-v-4e2afdbc=\"\"> proporciona una salida de luz focalizada, lo que la convierte en la soluci\u00f3n perfecta para tareas de detecci\u00f3n y se\u00f1alizaci\u00f3n \u00f3ptica de precisi\u00f3n en las que la exactitud es primordial.<\/span><\/p>\n<\/div>\n<\/div>","protected":false},"featured_media":1450,"template":"","meta":[],"product_brand":[31],"product_cat":[30],"product_tag":[854,852,855,853,700],"class_list":{"0":"post-1447","1":"product","2":"type-product","3":"status-publish","4":"has-post-thumbnail","6":"product_brand-bee-photon","7":"product_cat-light-source","8":"product_tag-625nm-red-led","9":"product_tag-high-luminosity-led","10":"product_tag-led-for-encoders","11":"product_tag-narrow-beam-led","12":"product_tag-optical-switch-sensor","14":"first","15":"instock","16":"shipping-taxable","17":"product-type-simple"},"_links":{"self":[{"href":"https:\/\/photo-detector.com\/es\/wp-json\/wp\/v2\/product\/1447","targetHints":{"allow":["GET"]}}],"collection":[{"href":"https:\/\/photo-detector.com\/es\/wp-json\/wp\/v2\/product"}],"about":[{"href":"https:\/\/photo-detector.com\/es\/wp-json\/wp\/v2\/types\/product"}],"wp:featuredmedia":[{"embeddable":true,"href":"https:\/\/photo-detector.com\/es\/wp-json\/wp\/v2\/media\/1450"}],"wp:attachment":[{"href":"https:\/\/photo-detector.com\/es\/wp-json\/wp\/v2\/media?parent=1447"}],"wp:term":[{"taxonomy":"product_brand","embeddable":true,"href":"https:\/\/photo-detector.com\/es\/wp-json\/wp\/v2\/product_brand?post=1447"},{"taxonomy":"product_cat","embeddable":true,"href":"https:\/\/photo-detector.com\/es\/wp-json\/wp\/v2\/product_cat?post=1447"},{"taxonomy":"product_tag","embeddable":true,"href":"https:\/\/photo-detector.com\/es\/wp-json\/wp\/v2\/product_tag?post=1447"}],"curies":[{"name":"wp","href":"https:\/\/api.w.org\/{rel}","templated":true}]}}