{"id":1458,"date":"2026-02-04T03:09:42","date_gmt":"2026-02-04T03:09:42","guid":{"rendered":"https:\/\/photo-detector.com\/?post_type=product&#038;p=1458"},"modified":"2026-02-04T03:09:45","modified_gmt":"2026-02-04T03:09:45","slug":"855nm-nir-led","status":"publish","type":"product","link":"https:\/\/photo-detector.com\/es\/producto\/855nm-nir-led\/","title":{"rendered":"NIR LED E850-25-001-L20"},"content":{"rendered":"<div style=\"font-family: 'Helvetica Neue', Helvetica, Arial, sans-serif; color: #333; line-height: 1.6; max-width: 100%;\">\n<p><!-- Product Header --><\/p>\n<div style=\"border-bottom: 3px solid #f39c12; padding-bottom: 15px; margin-bottom: 25px;\">\n<h1 style=\"margin: 0; color: #f39c12; font-size: 28px; font-weight: bold;\">E850-25-001-L20<\/h1>\n<p><span style=\"font-size: 18px; color: #555; font-weight: 500;\">LED NIR (LED de infrarrojo cercano)<\/span><\/p>\n<\/div>\n<p><!-- Features & Applications Section --><\/p>\n<div style=\"display: flex; flex-wrap: wrap; margin-bottom: 40px; gap: 40px;\"><!-- Features --><\/p>\n<div style=\"flex: 1; min-width: 280px;\">\n<h3 style=\"color: #333; border-left: 5px solid #f39c12; padding-left: 12px; margin-top: 0; margin-bottom: 15px;\">Caracter\u00edsticas<\/h3>\n<ul style=\"list-style-type: disc; margin-left: 20px; padding-left: 0; color: #444;\">\n<li style=\"margin-bottom: 8px;\">Alta fiabilidad<\/li>\n<li style=\"margin-bottom: 8px;\">Alta luminosidad<\/li>\n<\/ul>\n<\/div>\n<p><!-- Application --><\/p>\n<div style=\"flex: 1; min-width: 280px;\">\n<h3 style=\"color: #333; border-left: 5px solid #f39c12; padding-left: 12px; margin-top: 0; margin-bottom: 15px;\">Aplicaci\u00f3n<\/h3>\n<ul style=\"list-style-type: disc; margin-left: 20px; padding-left: 0; color: #444;\">\n<li style=\"margin-bottom: 8px;\">Conmutadores \u00f3pticos<\/li>\n<\/ul>\n<\/div>\n<\/div>\n<p><!-- Table 1: Electrical and Optical Characteristics --><\/p>\n<div style=\"margin-bottom: 40px;\">\n<h3 style=\"color: #333; margin-bottom: 15px; font-weight: 600;\">Caracter\u00edsticas el\u00e9ctricas y \u00f3pticas (Ta=22\u00b0C)<\/h3>\n<div style=\"overflow-x: auto; border: 1px solid #e5e5e5;\">\n<table style=\"width: 100%; border-collapse: collapse; font-size: 14px; min-width: 600px;\">\n<thead>\n<tr style=\"background-color: #f39c12; color: #fff;\">\n<th style=\"padding: 12px 15px; text-align: left; font-weight: 600; width: 30%;\">Par\u00e1metro<\/th>\n<th style=\"padding: 12px 15px; text-align: center; font-weight: 600;\">S\u00edmbolo<\/th>\n<th style=\"padding: 12px 15px; text-align: center; font-weight: 600;\">Condici\u00f3n<\/th>\n<th style=\"padding: 12px 15px; text-align: center; font-weight: 600;\">Min.<\/th>\n<th style=\"padding: 12px 15px; text-align: center; font-weight: 600;\">Tipo.<\/th>\n<th style=\"padding: 12px 15px; text-align: center; font-weight: 600;\">Max.<\/th>\n<th style=\"padding: 12px 15px; text-align: center; font-weight: 600;\">Unidad<\/th>\n<\/tr>\n<\/thead>\n<tbody>\n<tr style=\"border-bottom: 1px solid #eee;\">\n<td style=\"padding: 10px 15px;\">Tensi\u00f3n directa<\/td>\n<td style=\"padding: 10px 15px; text-align: center;\">V<sub>f1<\/sub><\/td>\n<td style=\"padding: 10px 15px; text-align: center;\">I<sub>f<\/sub>=20 mA<\/td>\n<td style=\"padding: 10px 15px; text-align: center;\">&#8211;<\/td>\n<td style=\"padding: 10px 15px; text-align: center;\">1.45<\/td>\n<td style=\"padding: 10px 15px; text-align: center;\">1.70<\/td>\n<td style=\"padding: 10px 15px; text-align: center;\">V<\/td>\n<\/tr>\n<tr style=\"background-color: #f9f9f9; border-bottom: 1px solid #eee;\">\n<td style=\"padding: 10px 15px;\">Corriente inversa<\/td>\n<td style=\"padding: 10px 15px; text-align: center;\">I<sub>r<\/sub><\/td>\n<td style=\"padding: 10px 15px; text-align: center;\">V<sub>r<\/sub>=-5V<\/td>\n<td style=\"padding: 10px 15px; text-align: center;\">&#8211;<\/td>\n<td style=\"padding: 10px 15px; text-align: center;\">&#8211;<\/td>\n<td style=\"padding: 10px 15px; text-align: center;\">2<\/td>\n<td style=\"padding: 10px 15px; text-align: center;\">\u03bcA<\/td>\n<\/tr>\n<tr style=\"border-bottom: 1px solid #eee;\">\n<td style=\"padding: 10px 15px;\">Longitud de onda de emisi\u00f3n m\u00e1xima<\/td>\n<td style=\"padding: 10px 15px; text-align: center;\">\u03bb<sub>p<\/sub><\/td>\n<td style=\"padding: 10px 15px; text-align: center;\">I<sub>f<\/sub>=20 mA<\/td>\n<td style=\"padding: 10px 15px; text-align: center;\">&#8211;<\/td>\n<td style=\"padding: 10px 15px; text-align: center;\">855<\/td>\n<td style=\"padding: 10px 15px; text-align: center;\">&#8211;<\/td>\n<td style=\"padding: 10px 15px; text-align: center;\">nm<\/td>\n<\/tr>\n<tr style=\"background-color: #f9f9f9; border-bottom: 1px solid #eee;\">\n<td style=\"padding: 10px 15px;\">Intensidad radiante<\/td>\n<td style=\"padding: 10px 15px; text-align: center;\">I<sub>e<\/sub><\/td>\n<td style=\"padding: 10px 15px; text-align: center;\">I<sub>f<\/sub>=20 mA<\/td>\n<td style=\"padding: 10px 15px; text-align: center;\">&#8211;<\/td>\n<td style=\"padding: 10px 15px; text-align: center;\">25<\/td>\n<td style=\"padding: 10px 15px; text-align: center;\">&#8211;<\/td>\n<td style=\"padding: 10px 15px; text-align: center;\">mW\/sr<\/td>\n<\/tr>\n<tr style=\"border-bottom: 1px solid #eee;\">\n<td style=\"padding: 10px 15px;\">\u00c1ngulo de emisi\u00f3n<\/td>\n<td style=\"padding: 10px 15px; text-align: center;\">2\u03b8<sub>1\/2<\/sub><\/td>\n<td style=\"padding: 10px 15px; text-align: center;\">I<sub>f<\/sub>=20 mA<\/td>\n<td style=\"padding: 10px 15px; text-align: center;\">&#8211;<\/td>\n<td style=\"padding: 10px 15px; text-align: center;\">20<\/td>\n<td style=\"padding: 10px 15px; text-align: center;\">&#8211;<\/td>\n<td style=\"padding: 10px 15px; text-align: center;\">deg<\/td>\n<\/tr>\n<\/tbody>\n<\/table>\n<\/div>\n<\/div>\n<p><!-- Table 2: Absolute Maximum Ratings --><\/p>\n<div style=\"margin-bottom: 30px;\">\n<h3 style=\"color: #333; margin-bottom: 15px; font-weight: 600;\">Valores m\u00e1ximos absolutos<\/h3>\n<div style=\"overflow-x: auto; border: 1px solid #e5e5e5;\">\n<table style=\"width: 100%; border-collapse: collapse; font-size: 14px; min-width: 600px;\">\n<thead>\n<tr style=\"background-color: #f39c12; color: #fff;\">\n<th style=\"padding: 12px 15px; text-align: left; font-weight: 600; width: 30%;\">Par\u00e1metro<\/th>\n<th style=\"padding: 12px 15px; text-align: center; font-weight: 600;\">S\u00edmbolo<\/th>\n<th style=\"padding: 12px 15px; text-align: center; font-weight: 600;\">Condici\u00f3n<\/th>\n<th style=\"padding: 12px 15px; text-align: center; font-weight: 600;\">Valores<\/th>\n<th style=\"padding: 12px 15px; text-align: center; font-weight: 600;\">Unidad<\/th>\n<\/tr>\n<\/thead>\n<tbody>\n<tr style=\"border-bottom: 1px solid #eee;\">\n<td style=\"padding: 10px 15px;\">Corriente directa<\/td>\n<td style=\"padding: 10px 15px; text-align: center;\">I<sub>f<\/sub><\/td>\n<td style=\"padding: 10px 15px; text-align: center;\">Ta=22\u00b0C<\/td>\n<td style=\"padding: 10px 15px; text-align: center;\">\u2264 65<\/td>\n<td style=\"padding: 10px 15px; text-align: center;\">mA<\/td>\n<\/tr>\n<tr style=\"background-color: #f9f9f9; border-bottom: 1px solid #eee;\">\n<td style=\"padding: 10px 15px;\">Temperatura de uni\u00f3n<\/td>\n<td style=\"padding: 10px 15px; text-align: center;\">T<sub>j<\/sub><\/td>\n<td style=\"padding: 10px 15px; text-align: center;\">&#8211;<\/td>\n<td style=\"padding: 10px 15px; text-align: center;\">\u2264 125<\/td>\n<td style=\"padding: 10px 15px; text-align: center;\">\u00b0C<\/td>\n<\/tr>\n<tr style=\"border-bottom: 1px solid #eee;\">\n<td style=\"padding: 10px 15px;\">Temperatura de almacenamiento<sup>1<\/sup><\/td>\n<td style=\"padding: 10px 15px; text-align: center;\">T<sub>stg<\/sub><\/td>\n<td style=\"padding: 10px 15px; text-align: center;\">&#8211;<\/td>\n<td style=\"padding: 10px 15px; text-align: center;\">-40 a +100<\/td>\n<td style=\"padding: 10px 15px; text-align: center;\">\u00b0C<\/td>\n<\/tr>\n<tr style=\"background-color: #f9f9f9; border-bottom: 1px solid #eee;\">\n<td style=\"padding: 10px 15px;\">Temperatura de funcionamiento<sup>1<\/sup><\/td>\n<td style=\"padding: 10px 15px; text-align: center;\">T<sub>opr<\/sub><\/td>\n<td style=\"padding: 10px 15px; text-align: center;\">&#8211;<\/td>\n<td style=\"padding: 10px 15px; text-align: center;\">-40 a +85<\/td>\n<td style=\"padding: 10px 15px; text-align: center;\">\u00b0C<\/td>\n<\/tr>\n<tr style=\"border-bottom: 1px solid #eee;\">\n<td style=\"padding: 10px 15px;\">Temperatura de soldadura<\/td>\n<td style=\"padding: 10px 15px; text-align: center;\">T<sub>sol<\/sub><\/td>\n<td style=\"padding: 10px 15px; text-align: center;\">&#8211;<\/td>\n<td style=\"padding: 10px 15px; text-align: center;\">260 ( &lt; 10s )<\/td>\n<td style=\"padding: 10px 15px; text-align: center;\">\u00b0C<\/td>\n<\/tr>\n<\/tbody>\n<\/table>\n<\/div>\n<p style=\"font-size: 13px; color: #777; margin-top: 10px; font-style: italic;\">Nota 1: Sin condensaci\u00f3n de roc\u00edo.<\/p>\n<p><img fetchpriority=\"high\" decoding=\"async\" class=\"aligncenter wp-image-1459 size-full\" src=\"https:\/\/photo-detector.com\/wp-content\/uploads\/2026\/02\/4-SMD-Package-NIR-LED-E850-25-001-L20Datasheet_Rev.A-Beephoton-LED-E850-15-301Datasheet_Rev.B_02-scaled.webp\" alt=\"Ficha t\u00e9cnica de las caracter\u00edsticas el\u00e9ctricas y \u00f3pticas del LED NIR de 855 nm\" width=\"2560\" height=\"2420\" srcset=\"https:\/\/photo-detector.com\/wp-content\/uploads\/2026\/02\/4-SMD-Package-NIR-LED-E850-25-001-L20Datasheet_Rev.A-Beephoton-LED-E850-15-301Datasheet_Rev.B_02-scaled.webp 2560w, https:\/\/photo-detector.com\/wp-content\/uploads\/2026\/02\/4-SMD-Package-NIR-LED-E850-25-001-L20Datasheet_Rev.A-Beephoton-LED-E850-15-301Datasheet_Rev.B_02-300x284.webp 300w, https:\/\/photo-detector.com\/wp-content\/uploads\/2026\/02\/4-SMD-Package-NIR-LED-E850-25-001-L20Datasheet_Rev.A-Beephoton-LED-E850-15-301Datasheet_Rev.B_02-1024x968.webp 1024w, https:\/\/photo-detector.com\/wp-content\/uploads\/2026\/02\/4-SMD-Package-NIR-LED-E850-25-001-L20Datasheet_Rev.A-Beephoton-LED-E850-15-301Datasheet_Rev.B_02-768x726.webp 768w, https:\/\/photo-detector.com\/wp-content\/uploads\/2026\/02\/4-SMD-Package-NIR-LED-E850-25-001-L20Datasheet_Rev.A-Beephoton-LED-E850-15-301Datasheet_Rev.B_02-1536x1452.webp 1536w, https:\/\/photo-detector.com\/wp-content\/uploads\/2026\/02\/4-SMD-Package-NIR-LED-E850-25-001-L20Datasheet_Rev.A-Beephoton-LED-E850-15-301Datasheet_Rev.B_02-2048x1936.webp 2048w, https:\/\/photo-detector.com\/wp-content\/uploads\/2026\/02\/4-SMD-Package-NIR-LED-E850-25-001-L20Datasheet_Rev.A-Beephoton-LED-E850-15-301Datasheet_Rev.B_02-13x12.webp 13w, https:\/\/photo-detector.com\/wp-content\/uploads\/2026\/02\/4-SMD-Package-NIR-LED-E850-25-001-L20Datasheet_Rev.A-Beephoton-LED-E850-15-301Datasheet_Rev.B_02-600x567.webp 600w\" sizes=\"(max-width: 2560px) 100vw, 2560px\" \/> <img decoding=\"async\" class=\"aligncenter wp-image-1460 size-full\" src=\"https:\/\/photo-detector.com\/wp-content\/uploads\/2026\/02\/4-SMD-Package-NIR-LED-E850-25-001-L20Datasheet_Rev.A-Beephoton-LED-E850-15-301Datasheet_Rev.B_03-scaled.webp\" alt=\"Dimensiones mec\u00e1nicas y vista lateral del LED infrarrojo de alta luminosidad Bee Photon\" width=\"2560\" height=\"2420\" srcset=\"https:\/\/photo-detector.com\/wp-content\/uploads\/2026\/02\/4-SMD-Package-NIR-LED-E850-25-001-L20Datasheet_Rev.A-Beephoton-LED-E850-15-301Datasheet_Rev.B_03-scaled.webp 2560w, https:\/\/photo-detector.com\/wp-content\/uploads\/2026\/02\/4-SMD-Package-NIR-LED-E850-25-001-L20Datasheet_Rev.A-Beephoton-LED-E850-15-301Datasheet_Rev.B_03-300x284.webp 300w, https:\/\/photo-detector.com\/wp-content\/uploads\/2026\/02\/4-SMD-Package-NIR-LED-E850-25-001-L20Datasheet_Rev.A-Beephoton-LED-E850-15-301Datasheet_Rev.B_03-1024x968.webp 1024w, https:\/\/photo-detector.com\/wp-content\/uploads\/2026\/02\/4-SMD-Package-NIR-LED-E850-25-001-L20Datasheet_Rev.A-Beephoton-LED-E850-15-301Datasheet_Rev.B_03-768x726.webp 768w, https:\/\/photo-detector.com\/wp-content\/uploads\/2026\/02\/4-SMD-Package-NIR-LED-E850-25-001-L20Datasheet_Rev.A-Beephoton-LED-E850-15-301Datasheet_Rev.B_03-1536x1452.webp 1536w, https:\/\/photo-detector.com\/wp-content\/uploads\/2026\/02\/4-SMD-Package-NIR-LED-E850-25-001-L20Datasheet_Rev.A-Beephoton-LED-E850-15-301Datasheet_Rev.B_03-2048x1936.webp 2048w, https:\/\/photo-detector.com\/wp-content\/uploads\/2026\/02\/4-SMD-Package-NIR-LED-E850-25-001-L20Datasheet_Rev.A-Beephoton-LED-E850-15-301Datasheet_Rev.B_03-13x12.webp 13w, https:\/\/photo-detector.com\/wp-content\/uploads\/2026\/02\/4-SMD-Package-NIR-LED-E850-25-001-L20Datasheet_Rev.A-Beephoton-LED-E850-15-301Datasheet_Rev.B_03-600x567.webp 600w\" sizes=\"(max-width: 2560px) 100vw, 2560px\" \/><\/p>\n<p class=\"ng-star-inserted\"><strong class=\"ng-star-inserted\"><span class=\"ng-star-inserted\">Principales caracter\u00edsticas y ventajas<\/span><\/strong><\/p>\n<ul class=\"ng-star-inserted\">\n<li class=\"ng-star-inserted\">\n<p class=\"ng-star-inserted\"><strong class=\"ng-star-inserted\"><span class=\"ng-star-inserted\">Longitud de onda de precisi\u00f3n:<\/span><\/strong><span class=\"ng-star-inserted\">\u00a0En\u00a0<\/span><strong class=\"ng-star-inserted\"><span class=\"ng-star-inserted\">LED NIR de 855 nm<\/span><\/strong><span class=\"ng-star-inserted\">\u00a0proporciona una longitud de onda de emisi\u00f3n de pico estable, lo que la hace ideal para sistemas sensibles al espectro.<\/span><\/p>\n<\/li>\n<li class=\"ng-star-inserted\">\n<p class=\"ng-star-inserted\"><strong class=\"ng-star-inserted\"><span class=\"ng-star-inserted\">Salida focalizada:<\/span><\/strong><span class=\"ng-star-inserted\">\u00a0Con un \u00e1ngulo de media intensidad de 20\u00b0, este LED concentra eficazmente la energ\u00eda luminosa, mejorando la relaci\u00f3n se\u00f1al\/ruido en la detecci\u00f3n a larga distancia.<\/span><\/p>\n<\/li>\n<li class=\"ng-star-inserted\">\n<p class=\"ng-star-inserted\"><strong class=\"ng-star-inserted\"><span class=\"ng-star-inserted\">Alta luminosidad:<\/span><\/strong><span class=\"ng-star-inserted\">\u00a0Dise\u00f1ados para ofrecer una luminosidad superior, garantizan una transmisi\u00f3n n\u00edtida de la se\u00f1al incluso en entornos dif\u00edciles.<\/span><\/p>\n<\/li>\n<\/ul>\n<p class=\"ng-star-inserted\"><strong class=\"ng-star-inserted\"><span class=\"ng-star-inserted\">Aplicaciones de destino<\/span><\/strong><br class=\"ng-star-inserted\" \/><span class=\"ng-star-inserted\">Dise\u00f1ado principalmente como fuente de luz para\u00a0<\/span><strong class=\"ng-star-inserted\"><span class=\"ng-star-inserted\">conmutadores \u00f3pticos<\/span><\/strong><span class=\"ng-star-inserted\">, Este\u00a0<\/span><strong class=\"ng-star-inserted\"><span class=\"ng-star-inserted\">LED NIR de 855 nm<\/span><\/strong><span class=\"ng-star-inserted\">\u00a0tambi\u00e9n es adecuado para:<\/span><\/p>\n<ul class=\"ng-star-inserted\">\n<li class=\"ng-star-inserted\">\n<p class=\"ng-star-inserted\"><span class=\"ng-star-inserted\">Codificadores y sensores industriales.<\/span><\/p>\n<\/li>\n<li class=\"ng-star-inserted\">\n<p class=\"ng-star-inserted\"><span class=\"ng-star-inserted\">Sistemas de vigilancia de seguridad que requieren iluminaci\u00f3n invisible.<\/span><\/p>\n<\/li>\n<li class=\"ng-star-inserted\">\n<p class=\"ng-star-inserted\"><span class=\"ng-star-inserted\">Sistemas de control de automatizaci\u00f3n.<\/span><\/p>\n<\/li>\n<\/ul>\n<\/div>\n<\/div>","protected":false},"excerpt":{"rendered":"<p><span class=\"ng-star-inserted\">El E850-25-001-L20 es un equipo de alto rendimiento\u00a0<\/span><strong class=\"ng-star-inserted\"><span class=\"ng-star-inserted\">LED NIR de 855 nm<\/span><\/strong><span class=\"ng-star-inserted\">\u00a0dise\u00f1ado para aplicaciones industriales exigentes. Fabricado por Bee Photon, este\u00a0<\/span><strong class=\"ng-star-inserted\"><span class=\"ng-star-inserted\">emisor de infrarrojos<\/span><\/strong><span class=\"ng-star-inserted\">\u00a0presenta un estrecho \u00e1ngulo de emisi\u00f3n de 20 grados, que proporciona una alta intensidad radiante de 25 mW\/sr adaptada a la detecci\u00f3n de precisi\u00f3n. Su robusto dise\u00f1o garantiza una alta fiabilidad y un rendimiento constante en un amplio rango de temperaturas de funcionamiento.<\/span><\/p>","protected":false},"featured_media":1461,"template":"","meta":[],"product_brand":[31],"product_cat":[30],"product_tag":[862,856,853,850],"class_list":{"0":"post-1458","1":"product","2":"type-product","3":"status-publish","4":"has-post-thumbnail","6":"product_brand-bee-photon","7":"product_cat-light-source","8":"product_tag-high-radiant-intensity","9":"product_tag-infrared-emitter","10":"product_tag-narrow-beam-led","11":"product_tag-optical-switches","13":"first","14":"instock","15":"shipping-taxable","16":"product-type-simple"},"_links":{"self":[{"href":"https:\/\/photo-detector.com\/es\/wp-json\/wp\/v2\/product\/1458","targetHints":{"allow":["GET"]}}],"collection":[{"href":"https:\/\/photo-detector.com\/es\/wp-json\/wp\/v2\/product"}],"about":[{"href":"https:\/\/photo-detector.com\/es\/wp-json\/wp\/v2\/types\/product"}],"wp:featuredmedia":[{"embeddable":true,"href":"https:\/\/photo-detector.com\/es\/wp-json\/wp\/v2\/media\/1461"}],"wp:attachment":[{"href":"https:\/\/photo-detector.com\/es\/wp-json\/wp\/v2\/media?parent=1458"}],"wp:term":[{"taxonomy":"product_brand","embeddable":true,"href":"https:\/\/photo-detector.com\/es\/wp-json\/wp\/v2\/product_brand?post=1458"},{"taxonomy":"product_cat","embeddable":true,"href":"https:\/\/photo-detector.com\/es\/wp-json\/wp\/v2\/product_cat?post=1458"},{"taxonomy":"product_tag","embeddable":true,"href":"https:\/\/photo-detector.com\/es\/wp-json\/wp\/v2\/product_tag?post=1458"}],"curies":[{"name":"wp","href":"https:\/\/api.w.org\/{rel}","templated":true}]}}