{"id":756,"date":"2025-11-05T01:49:47","date_gmt":"2025-11-05T01:49:47","guid":{"rendered":"https:\/\/photo-detector.com\/?post_type=product&#038;p=756"},"modified":"2026-02-06T05:47:24","modified_gmt":"2026-02-06T05:47:24","slug":"fotodiodo-smd-si-pin","status":"publish","type":"product","link":"https:\/\/photo-detector.com\/es\/producto\/fotodiodo-smd-si-pin\/","title":{"rendered":"Fotodiodo PIN de Si con sensibilidad NIR mejorada (430-1100nm) PDCP08-201"},"content":{"rendered":"<table>\n<tbody>\n<tr>\n<td style=\"background-color: #f4a320; width: 1395px; text-align: center;\" colspan=\"9\" width=\"1395\"><strong><b>DP de Si con sensibilidad NIR mejorada<\/b><\/strong><strong><b>\u00a0(430-1100nm)<\/b><\/strong><\/td>\n<\/tr>\n<tr>\n<td style=\"text-align: center;\" rowspan=\"3\" width=\"151\"><strong><b>Tipo <\/b><\/strong><strong><b>N<\/b><\/strong><strong><b>o.<\/b><\/strong><\/p>\n<p>&nbsp;<\/td>\n<td style=\"text-align: center;\" rowspan=\"2\" width=\"156\"><strong><b>Sensibilidad m\u00e1xima longitud de onda<\/b><\/strong><\/td>\n<td style=\"text-align: center;\" width=\"171\"><strong><b>Fotosensibilidad<\/b><\/strong><\/td>\n<td style=\"text-align: center;\" width=\"90\"><strong><b>Corriente oscura<\/b><\/strong><\/td>\n<td style=\"text-align: center;\" width=\"121\"><strong><b>Capacidad de uni\u00f3n<\/b><\/strong><\/td>\n<td style=\"text-align: center;\" width=\"141\"><strong><b>Tiempo de subida<\/b><\/strong><\/td>\n<td style=\"text-align: center;\" rowspan=\"2\" width=\"160\"><strong><b>Tama\u00f1o del \u00e1rea fotosensible<\/b><\/strong><\/td>\n<td style=\"text-align: center;\" rowspan=\"3\" width=\"101\"><strong><b>Material para ventanas<\/b><\/strong><\/p>\n<p>&nbsp;<\/td>\n<td style=\"text-align: center;\" rowspan=\"3\" width=\"301\"><strong><b>Paquete<\/b><\/strong><\/p>\n<p>&nbsp;<\/td>\n<\/tr>\n<tr>\n<td style=\"text-align: center;\" width=\"171\">@\u03bb<sub>p<\/sub><\/td>\n<td style=\"text-align: center;\" width=\"90\">V<sub>R<\/sub>=10mV<\/td>\n<td style=\"text-align: center;\" width=\"121\">V<sub>R<\/sub>=0V<\/td>\n<td style=\"text-align: center;\" width=\"141\">V<sub>R<\/sub>=0V; R<sub>L<\/sub>=1k\u03a9<\/td>\n<\/tr>\n<tr>\n<td style=\"text-align: center;\" width=\"156\">[nm]<\/td>\n<td style=\"text-align: center;\" width=\"171\">[A\/W]<\/td>\n<td style=\"text-align: center;\" width=\"90\">[pA]<\/td>\n<td style=\"text-align: center;\" width=\"121\">[pF]<\/td>\n<td style=\"text-align: center;\" width=\"141\">[\u03bcs]<\/td>\n<td style=\"text-align: center;\" width=\"160\">[mm]<\/td>\n<\/tr>\n<tr>\n<td style=\"text-align: center;\" width=\"151\">PDCP003-201<\/td>\n<td style=\"text-align: center;\" rowspan=\"6\" width=\"156\">940<\/td>\n<td style=\"text-align: center;\" width=\"171\">0.58<\/td>\n<td style=\"text-align: center;\" width=\"90\">10<\/td>\n<td style=\"text-align: center;\" width=\"121\">5<\/td>\n<td style=\"text-align: center;\" width=\"141\">0.01<\/td>\n<td style=\"text-align: center;\" width=\"160\">0.54\u00d70.54<\/td>\n<td style=\"text-align: center;\" width=\"101\">Resina (CR)<\/td>\n<td style=\"text-align: center;\" width=\"301\">Pl\u00e1stico (SMD)<\/td>\n<\/tr>\n<tr>\n<td style=\"text-align: center;\" width=\"151\">PDCP08-201<\/td>\n<td style=\"text-align: center;\" width=\"171\">0.70<\/td>\n<td style=\"text-align: center;\" width=\"90\">20<\/td>\n<td style=\"text-align: center;\" width=\"121\">70<\/td>\n<td style=\"text-align: center;\" width=\"141\">0.15<\/td>\n<td style=\"text-align: center;\" width=\"160\">2.9\u00d72.9<\/td>\n<td style=\"text-align: center;\" width=\"101\">Resina (CR)<\/td>\n<td style=\"text-align: center;\" width=\"301\">Pl\u00e1stico (SMD)<\/td>\n<\/tr>\n<tr>\n<td style=\"text-align: center;\" width=\"151\">PDCP08-301<\/td>\n<td style=\"text-align: center;\" width=\"171\">0.70<\/td>\n<td style=\"text-align: center;\" width=\"90\">20<\/td>\n<td style=\"text-align: center;\" width=\"121\">70<\/td>\n<td style=\"text-align: center;\" width=\"141\">0.15<\/td>\n<td style=\"text-align: center;\" width=\"160\">2.9\u00d72.9<\/td>\n<td style=\"text-align: center;\" width=\"101\">Resina (CR)<\/td>\n<td style=\"text-align: center;\" width=\"301\">Pl\u00e1stico\/Side-look\/DIP<\/td>\n<\/tr>\n<tr>\n<td style=\"text-align: center;\" width=\"151\">PDCP08-401<\/td>\n<td style=\"text-align: center;\" width=\"171\">0.70<\/td>\n<td style=\"text-align: center;\" width=\"90\">20<\/td>\n<td style=\"text-align: center;\" width=\"121\">70<\/td>\n<td style=\"text-align: center;\" width=\"141\">0.15<\/td>\n<td style=\"text-align: center;\" width=\"160\">2.9\u00d72.9<\/td>\n<td style=\"text-align: center;\" width=\"101\">Resina (CR)<\/td>\n<td style=\"text-align: center;\" width=\"301\">Pl\u00e1stico\/Lente esf\u00e9rica\/DIP<\/td>\n<\/tr>\n<tr>\n<td style=\"text-align: center;\" width=\"151\">PDCP08-403<\/td>\n<td style=\"text-align: center;\" width=\"171\">0.70<\/td>\n<td style=\"text-align: center;\" width=\"90\">20<\/td>\n<td style=\"text-align: center;\" width=\"121\">70<\/td>\n<td style=\"text-align: center;\" width=\"141\">0.15<\/td>\n<td style=\"text-align: center;\" width=\"160\">2.9\u00d72.9<\/td>\n<td style=\"text-align: center;\" width=\"101\">Resina (CR)<\/td>\n<td style=\"text-align: center;\" width=\"301\">Pl\u00e1stico\/Lente esf\u00e9rica\/DIP<\/td>\n<\/tr>\n<tr>\n<td style=\"text-align: center;\" width=\"151\">PDCP08-501<\/td>\n<td style=\"text-align: center;\" width=\"171\">0,2 @520nm<\/p>\n<p>0.70@\u03bb<sub>p<\/sub><\/td>\n<td style=\"text-align: center;\" width=\"90\">20<\/td>\n<td style=\"text-align: center;\" width=\"121\">70<\/td>\n<td style=\"text-align: center;\" width=\"141\">0.15<\/td>\n<td style=\"text-align: center;\" width=\"160\">2.9\u00d72.9<\/td>\n<td style=\"text-align: center;\" width=\"101\">Resina (CR)<\/td>\n<td style=\"text-align: center;\" width=\"301\">Pl\u00e1stico (SMD)<\/td>\n<\/tr>\n<tr>\n<td style=\"text-align: center;\" width=\"151\">PDCP08-502<\/td>\n<td style=\"text-align: center;\" width=\"156\">920<\/td>\n<td style=\"text-align: center;\" width=\"171\">0,35 @520nm<\/p>\n<p>0.60@\u03bb<sub>p<\/sub><\/td>\n<td style=\"text-align: center;\" width=\"90\">5<\/td>\n<td style=\"text-align: center;\" width=\"121\">125<\/td>\n<td style=\"text-align: center;\" width=\"141\">0.27<\/td>\n<td style=\"text-align: center;\" width=\"160\">2.9\u00d72.8<\/td>\n<td style=\"text-align: center;\" width=\"101\">Resina (CR)<\/td>\n<td style=\"text-align: center;\" width=\"301\">Pl\u00e1stico (SMD)<\/td>\n<\/tr>\n<\/tbody>\n<\/table>\n<p><img fetchpriority=\"high\" decoding=\"async\" class=\"aligncenter size-full wp-image-757\" src=\"https:\/\/photo-detector.com\/wp-content\/uploads\/2025\/11\/PDCP08-201-pic-scaled.webp\" alt=\"PDCP08-201-pic\" width=\"2560\" height=\"2420\" srcset=\"https:\/\/photo-detector.com\/wp-content\/uploads\/2025\/11\/PDCP08-201-pic-scaled.webp 2560w, https:\/\/photo-detector.com\/wp-content\/uploads\/2025\/11\/PDCP08-201-pic-300x284.webp 300w, https:\/\/photo-detector.com\/wp-content\/uploads\/2025\/11\/PDCP08-201-pic-1024x968.webp 1024w, https:\/\/photo-detector.com\/wp-content\/uploads\/2025\/11\/PDCP08-201-pic-768x726.webp 768w, https:\/\/photo-detector.com\/wp-content\/uploads\/2025\/11\/PDCP08-201-pic-1536x1452.webp 1536w, https:\/\/photo-detector.com\/wp-content\/uploads\/2025\/11\/PDCP08-201-pic-2048x1936.webp 2048w, https:\/\/photo-detector.com\/wp-content\/uploads\/2025\/11\/PDCP08-201-pic-600x567.webp 600w\" sizes=\"(max-width: 2560px) 100vw, 2560px\" \/><\/p>","protected":false},"excerpt":{"rendered":"<p><span class=\"ng-star-inserted\">En\u00a0<\/span><strong class=\"ng-star-inserted\"><span class=\"ng-star-inserted\">PDCP08-201<\/span><\/strong><span class=\"ng-star-inserted\">\u00a0es un sistema de alto rendimiento\u00a0<\/span><strong class=\"ng-star-inserted\"><span class=\"ng-star-inserted\">Fotodiodo SMD Si PIN<\/span><\/strong><span class=\"ng-star-inserted\">\u00a0dise\u00f1ado para la comunicaci\u00f3n \u00f3ptica de precisi\u00f3n y la detecci\u00f3n m\u00e9dica[.<\/span><a class=\"ng-star-inserted\" href=\"https:\/\/www.google.com\/url?sa=E&amp;q=https%3A%2F%2Fphoto-detector.com%2Fproduct%2Fsmd-si-pin-photodiode%2F\" target=\"_blank\" rel=\"noopener\"><span class=\"ng-star-inserted\">1<\/span><\/a><span class=\"ng-star-inserted\">] Con una gran \u00e1rea activa de 2,9\u00d72,9 mm, una sensibilidad NIR mejorada (0,70 A\/W) y una corriente oscura ultrabaja (20 pA), este\u00a0<\/span><strong class=\"ng-star-inserted\"><span class=\"ng-star-inserted\">Fotodiodo SMD Si PIN<\/span><\/strong><span class=\"ng-star-inserted\">\u00a0garantiza una detecci\u00f3n de se\u00f1ales y una fiabilidad superiores en un encapsulado compacto de montaje superficial.<\/span><\/p>","protected":false},"featured_media":758,"template":"","meta":[],"product_brand":[31],"product_cat":[25,33],"product_tag":[125,215,216,191,214,103,213,212],"class_list":{"0":"post-756","1":"product","2":"type-product","3":"status-publish","4":"has-post-thumbnail","6":"product_brand-bee-photon","7":"product_cat-si-pin-photodiodes","8":"product_cat-nir-sensitivity-enchanced","9":"product_tag-high-speed-photodiode","10":"product_tag-infrared-detector","11":"product_tag-medical-sensor","12":"product_tag-nir-photodiode","13":"product_tag-optical-communication-sensor","14":"product_tag-silicon-pin-photodiode","15":"product_tag-smd-photodetector","16":"product_tag-smd-si-pin-photodiode","17":"pa_dark-current-208","18":"pa_junction-capacitance-59","19":"pa_package-plasticsmd","20":"pa_peak-sensitivity-wavelength-206","21":"pa_photosensitive-area-size-2-9x2-9","22":"pa_photosensitivity-0-70","23":"pa_rise-time-0-15","24":"pa_window-material-resincr","26":"first","27":"instock","28":"shipping-taxable","29":"product-type-simple"},"_links":{"self":[{"href":"https:\/\/photo-detector.com\/es\/wp-json\/wp\/v2\/product\/756","targetHints":{"allow":["GET"]}}],"collection":[{"href":"https:\/\/photo-detector.com\/es\/wp-json\/wp\/v2\/product"}],"about":[{"href":"https:\/\/photo-detector.com\/es\/wp-json\/wp\/v2\/types\/product"}],"wp:featuredmedia":[{"embeddable":true,"href":"https:\/\/photo-detector.com\/es\/wp-json\/wp\/v2\/media\/758"}],"wp:attachment":[{"href":"https:\/\/photo-detector.com\/es\/wp-json\/wp\/v2\/media?parent=756"}],"wp:term":[{"taxonomy":"product_brand","embeddable":true,"href":"https:\/\/photo-detector.com\/es\/wp-json\/wp\/v2\/product_brand?post=756"},{"taxonomy":"product_cat","embeddable":true,"href":"https:\/\/photo-detector.com\/es\/wp-json\/wp\/v2\/product_cat?post=756"},{"taxonomy":"product_tag","embeddable":true,"href":"https:\/\/photo-detector.com\/es\/wp-json\/wp\/v2\/product_tag?post=756"}],"curies":[{"name":"wp","href":"https:\/\/api.w.org\/{rel}","templated":true}]}}