{"id":786,"date":"2025-11-05T07:00:25","date_gmt":"2025-11-05T07:00:25","guid":{"rendered":"https:\/\/photo-detector.com\/?post_type=product&#038;p=786"},"modified":"2025-11-05T07:15:05","modified_gmt":"2025-11-05T07:15:05","slug":"fotodiodos-si-pin-con-centelleador","status":"publish","type":"product","link":"https:\/\/photo-detector.com\/es\/producto\/fotodiodos-si-pin-con-centelleador\/","title":{"rendered":"Fotodiodo PIN de Si con centelleador PDCD34-102"},"content":{"rendered":"<table>\n<tbody>\n<tr>\n<td style=\"background-color: #f4a320; width: 1396px; text-align: center; vertical-align: middle;\" colspan=\"9\" width=\"1396\"><strong><b>Si PD con centelleador<\/b><\/strong><b><\/b><\/td>\n<\/tr>\n<tr>\n<td style=\"text-align: center; vertical-align: middle;\" rowspan=\"3\" width=\"226\"><strong><b>Tipo <\/b><\/strong><strong><b>N<\/b><\/strong><strong><b>o.<\/b><\/strong><\/td>\n<td style=\"text-align: center; vertical-align: middle;\" rowspan=\"2\" width=\"172\"><strong><b>Fotosensibilidad<\/b><\/strong><\/td>\n<td style=\"text-align: center; vertical-align: middle;\" rowspan=\"2\" width=\"124\"><strong><b>Sensibilidad a los rayos X<\/b><\/strong><\/td>\n<td style=\"text-align: center; vertical-align: middle;\" width=\"133\"><strong><b>Corriente oscura<\/b><\/strong><\/td>\n<td style=\"text-align: center; vertical-align: middle;\" width=\"220\"><strong><b>Capacidad de uni\u00f3n<\/b><\/strong><\/td>\n<td style=\"text-align: center; vertical-align: middle;\" width=\"151\"><strong><b>Tiempo de subida<\/b><\/strong><\/td>\n<td style=\"text-align: center; vertical-align: middle;\" rowspan=\"2\" width=\"156\"><strong><b>Tama\u00f1o del \u00e1rea fotosensible<\/b><\/strong><\/td>\n<td style=\"text-align: center; vertical-align: middle;\" rowspan=\"3\" width=\"118\"><strong><b>Centelleador<\/b><\/strong><\/td>\n<td style=\"text-align: center; vertical-align: middle;\" rowspan=\"3\" width=\"92\"><strong><b>Paquete<\/b><\/strong><\/td>\n<\/tr>\n<tr>\n<td style=\"text-align: center; vertical-align: middle;\" width=\"133\">V<sub>R<\/sub>=10mV<\/td>\n<td style=\"text-align: center; vertical-align: middle;\" width=\"220\">V<sub>R<\/sub>=0V<\/td>\n<td style=\"text-align: center; vertical-align: middle;\" width=\"151\">V<sub>R<\/sub>=0V; R<sub>L<\/sub>=1k\u03a9<\/td>\n<\/tr>\n<tr>\n<td style=\"text-align: center; vertical-align: middle;\" width=\"172\">[A\/W]<\/td>\n<td style=\"text-align: center; vertical-align: middle;\" width=\"124\">[nA]<\/td>\n<td style=\"text-align: center; vertical-align: middle;\" width=\"133\">[pA]<\/td>\n<td style=\"text-align: center; vertical-align: middle;\" width=\"220\">[pF]<\/td>\n<td style=\"text-align: center; vertical-align: middle;\" width=\"151\">[\u03bcs]<\/td>\n<td style=\"text-align: center; vertical-align: middle;\" width=\"156\">[mm]<\/td>\n<\/tr>\n<tr>\n<td style=\"text-align: center; vertical-align: middle;\" width=\"226\">PDCD34-102<\/td>\n<td style=\"text-align: center; vertical-align: middle;\" width=\"172\">0,40@560nm<\/td>\n<td style=\"text-align: center; vertical-align: middle;\" width=\"124\">34<\/td>\n<td style=\"text-align: center; vertical-align: middle;\" width=\"133\">5<\/td>\n<td style=\"text-align: center; vertical-align: middle;\" width=\"220\">400<\/td>\n<td style=\"text-align: center; vertical-align: middle;\" width=\"151\">0.9<\/td>\n<td style=\"text-align: center; vertical-align: middle;\" width=\"156\">5.8\u00d75.8<\/td>\n<td style=\"text-align: center; vertical-align: middle;\" width=\"118\">GOS<\/td>\n<td style=\"text-align: center; vertical-align: middle;\" width=\"92\">DIP<\/td>\n<\/tr>\n<\/tbody>\n<\/table>\n<p><img fetchpriority=\"high\" decoding=\"async\" class=\"aligncenter size-full wp-image-787\" src=\"https:\/\/photo-detector.com\/wp-content\/uploads\/2025\/11\/PDCD34-102-pic-scaled.webp\" alt=\"PDCD34-102-pic\" width=\"2560\" height=\"2420\" srcset=\"https:\/\/photo-detector.com\/wp-content\/uploads\/2025\/11\/PDCD34-102-pic-scaled.webp 2560w, https:\/\/photo-detector.com\/wp-content\/uploads\/2025\/11\/PDCD34-102-pic-300x284.webp 300w, https:\/\/photo-detector.com\/wp-content\/uploads\/2025\/11\/PDCD34-102-pic-1024x968.webp 1024w, https:\/\/photo-detector.com\/wp-content\/uploads\/2025\/11\/PDCD34-102-pic-768x726.webp 768w, https:\/\/photo-detector.com\/wp-content\/uploads\/2025\/11\/PDCD34-102-pic-1536x1452.webp 1536w, https:\/\/photo-detector.com\/wp-content\/uploads\/2025\/11\/PDCD34-102-pic-2048x1936.webp 2048w, https:\/\/photo-detector.com\/wp-content\/uploads\/2025\/11\/PDCD34-102-pic-600x567.webp 600w\" sizes=\"(max-width: 2560px) 100vw, 2560px\" \/><\/p>","protected":false},"excerpt":{"rendered":"<p>Los fotodiodos PIN de Si con centelleador de Bee Photon ofrecen una detecci\u00f3n superior de rayos X y gamma. Nuestro fotodiodo con centelleador GOS garantiza una elevada emisi\u00f3n de luz y un m\u00ednimo resplandor posterior para obtener im\u00e1genes precisas.<\/p>","protected":false},"featured_media":788,"template":"","meta":[],"product_brand":[31],"product_cat":[25,36],"product_tag":[305,308,301,307,302,304,306,300,303],"class_list":{"0":"post-786","1":"product","2":"type-product","3":"status-publish","4":"has-post-thumbnail","6":"product_brand-bee-photon","7":"product_cat-si-pin-photodiodes","8":"product_cat-with-scintillantor","9":"product_tag-ct-scanner-component","10":"product_tag-dip-package-photodiode","11":"product_tag-gos-scintillator","12":"product_tag-ndt-sensor","13":"product_tag-photodiode-detector","14":"product_tag-radiation-detection","15":"product_tag-security-inspection","16":"product_tag-si-pin-photodiodes-with-scintillator","17":"product_tag-x-ray-sensor","18":"pa_dark-current-57","19":"pa_junction-capacitance-169","20":"pa_package-dip","21":"pa_photosensitive-area-size-5-8x5-8","22":"pa_photosensitivity-0-40560nm","23":"pa_rise-time-0-9","24":"pa_scintillator-gos","25":"pa_x-ray-sensitivity-298","27":"first","28":"instock","29":"shipping-taxable","30":"product-type-simple"},"_links":{"self":[{"href":"https:\/\/photo-detector.com\/es\/wp-json\/wp\/v2\/product\/786","targetHints":{"allow":["GET"]}}],"collection":[{"href":"https:\/\/photo-detector.com\/es\/wp-json\/wp\/v2\/product"}],"about":[{"href":"https:\/\/photo-detector.com\/es\/wp-json\/wp\/v2\/types\/product"}],"wp:featuredmedia":[{"embeddable":true,"href":"https:\/\/photo-detector.com\/es\/wp-json\/wp\/v2\/media\/788"}],"wp:attachment":[{"href":"https:\/\/photo-detector.com\/es\/wp-json\/wp\/v2\/media?parent=786"}],"wp:term":[{"taxonomy":"product_brand","embeddable":true,"href":"https:\/\/photo-detector.com\/es\/wp-json\/wp\/v2\/product_brand?post=786"},{"taxonomy":"product_cat","embeddable":true,"href":"https:\/\/photo-detector.com\/es\/wp-json\/wp\/v2\/product_cat?post=786"},{"taxonomy":"product_tag","embeddable":true,"href":"https:\/\/photo-detector.com\/es\/wp-json\/wp\/v2\/product_tag?post=786"}],"curies":[{"name":"wp","href":"https:\/\/api.w.org\/{rel}","templated":true}]}}