{"id":790,"date":"2025-11-06T01:06:18","date_gmt":"2025-11-06T01:06:18","guid":{"rendered":"https:\/\/photo-detector.com\/?post_type=product&#038;p=790"},"modified":"2025-11-06T01:06:18","modified_gmt":"2025-11-06T01:06:18","slug":"a-18-ingaas-pin-fotodiodo","status":"publish","type":"product","link":"https:\/\/photo-detector.com\/es\/producto\/a-18-ingaas-pin-fotodiodo\/","title":{"rendered":"Fotodiodo PIN de InGaAs de 800-1700nm PDIT005-224A"},"content":{"rendered":"<table>\n<tbody>\n<tr>\n<td style=\"background-color: #f4a320; width: 1395px; text-align: center; vertical-align: middle;\" colspan=\"9\" width=\"1395\"><strong><b>800-1700nm InGaAs PD<\/b><\/strong><\/td>\n<\/tr>\n<tr>\n<td style=\"text-align: center; vertical-align: middle;\" rowspan=\"2\" width=\"266\"><strong><b>Tipo <\/b><\/strong><strong><b>N<\/b><\/strong><strong><b>o.<\/b><\/strong><\/td>\n<td style=\"text-align: center; vertical-align: middle;\" rowspan=\"2\" width=\"119\"><strong><b>Sensibilidad m\u00e1xima longitud de onda<\/b><\/strong><\/td>\n<td style=\"text-align: center; vertical-align: middle;\" rowspan=\"2\" width=\"164\"><strong><b>Fotosensibilidad<\/b><\/strong><\/td>\n<td style=\"text-align: center; vertical-align: middle;\" width=\"95\"><strong><b>Corriente oscura<\/b><\/strong><\/td>\n<td style=\"text-align: center; vertical-align: middle;\" width=\"126\"><strong><b>Empalme<\/b><\/strong><strong><b>\u00a0<\/b><\/strong><strong><b>capacitancia<\/b><\/strong><\/td>\n<td style=\"text-align: center; vertical-align: middle;\" width=\"130\"><strong><b>Frecuencia de corte<\/b><\/strong><\/td>\n<td style=\"text-align: center; vertical-align: middle;\" rowspan=\"2\" width=\"146\"><strong><b>Tama\u00f1o del \u00e1rea fotosensible<\/b><\/strong><\/td>\n<td style=\"text-align: center; vertical-align: middle;\" rowspan=\"2\" width=\"117\"><strong><b>Material para ventanas<\/b><\/strong><\/td>\n<td style=\"text-align: center; vertical-align: middle;\" rowspan=\"2\" width=\"227\"><strong><b>Paquete<\/b><\/strong><\/td>\n<\/tr>\n<tr>\n<td style=\"text-align: center; vertical-align: middle;\" width=\"95\">V<sub>R<\/sub>=5V<\/td>\n<td style=\"text-align: center; vertical-align: middle;\" width=\"126\">V<sub>R<\/sub>=5V<\/td>\n<td style=\"text-align: center; vertical-align: middle;\" width=\"130\">V<sub>R<\/sub>=5V;R<sub>L<\/sub>=50\u03a9<\/td>\n<\/tr>\n<tr>\n<td style=\"text-align: center; vertical-align: middle;\" width=\"266\"><\/td>\n<td style=\"text-align: center; vertical-align: middle;\" width=\"119\">[nm]<\/td>\n<td style=\"text-align: center; vertical-align: middle;\" width=\"164\">[A\/W]<\/td>\n<td style=\"text-align: center; vertical-align: middle;\" width=\"95\">[nA]<\/td>\n<td style=\"text-align: center; vertical-align: middle;\" width=\"126\">[pF]<\/td>\n<td style=\"text-align: center; vertical-align: middle;\" width=\"130\">[hz]<\/td>\n<td style=\"text-align: center; vertical-align: middle;\" width=\"146\">[mm]<\/td>\n<td style=\"text-align: center; vertical-align: middle;\" width=\"117\"><\/td>\n<td style=\"text-align: center; vertical-align: middle;\" width=\"227\"><\/td>\n<\/tr>\n<tr>\n<td style=\"text-align: center; vertical-align: middle;\" width=\"266\">PDIT005-224A<\/td>\n<td style=\"text-align: center; vertical-align: middle;\" rowspan=\"17\" width=\"119\">1550<\/td>\n<td style=\"text-align: center; vertical-align: middle;\" rowspan=\"17\" width=\"164\">1,0@1310nm<\/p>\n<p>1,05@1550nm<\/td>\n<td style=\"text-align: center; vertical-align: middle;\" width=\"95\">0.05<\/td>\n<td style=\"text-align: center; vertical-align: middle;\" width=\"126\">0.7<\/td>\n<td style=\"text-align: center; vertical-align: middle;\" width=\"130\">6G<\/td>\n<td style=\"text-align: center; vertical-align: middle;\" width=\"146\">\u03a60.05<\/td>\n<td style=\"text-align: center; vertical-align: middle;\" width=\"117\">\u00a0Lente<\/td>\n<td style=\"text-align: center; vertical-align: middle;\" width=\"227\">TO18\/Tipo B 3PIN<\/td>\n<\/tr>\n<tr>\n<td style=\"text-align: center; vertical-align: middle;\" width=\"266\">PDIT007-224A<\/td>\n<td style=\"text-align: center; vertical-align: middle;\" width=\"95\">0.06<\/td>\n<td style=\"text-align: center; vertical-align: middle;\" width=\"126\">1<\/td>\n<td style=\"text-align: center; vertical-align: middle;\" width=\"130\">4G<\/td>\n<td style=\"text-align: center; vertical-align: middle;\" width=\"146\">\u03a60.075<\/td>\n<td style=\"text-align: center; vertical-align: middle;\" width=\"117\">\u00a0Lente<\/td>\n<td style=\"text-align: center; vertical-align: middle;\" width=\"227\">TO18\/Tipo B 3PIN<\/td>\n<\/tr>\n<tr>\n<td style=\"text-align: center; vertical-align: middle;\" width=\"266\">PDIT03-201N<\/td>\n<td style=\"text-align: center; vertical-align: middle;\" width=\"95\">0.08<\/td>\n<td style=\"text-align: center; vertical-align: middle;\" width=\"126\">8<\/td>\n<td style=\"text-align: center; vertical-align: middle;\" width=\"130\">500M<\/td>\n<td style=\"text-align: center; vertical-align: middle;\" width=\"146\">\u03a60.3<\/td>\n<td style=\"text-align: center; vertical-align: middle;\" width=\"117\">Borosilicato<\/td>\n<td style=\"text-align: center; vertical-align: middle;\" width=\"227\">TO18\/2PIN<\/td>\n<\/tr>\n<tr>\n<td style=\"text-align: center; vertical-align: middle;\" width=\"266\">PDIT03-232N<\/td>\n<td style=\"text-align: center; vertical-align: middle;\" width=\"95\">0.08<\/td>\n<td style=\"text-align: center; vertical-align: middle;\" width=\"126\">8<\/td>\n<td style=\"text-align: center; vertical-align: middle;\" width=\"130\">500M<\/td>\n<td style=\"text-align: center; vertical-align: middle;\" width=\"146\">\u03a60.3<\/td>\n<td style=\"text-align: center; vertical-align: middle;\" width=\"117\">Lente<\/td>\n<td style=\"text-align: center; vertical-align: middle;\" width=\"227\">TO25\/2PIN<\/td>\n<\/tr>\n<tr>\n<td style=\"text-align: center; vertical-align: middle;\" width=\"266\">PDIT03-231N<\/td>\n<td style=\"text-align: center; vertical-align: middle;\" width=\"95\">0.08<\/td>\n<td style=\"text-align: center; vertical-align: middle;\" width=\"126\">8<\/td>\n<td style=\"text-align: center; vertical-align: middle;\" width=\"130\">500M<\/td>\n<td style=\"text-align: center; vertical-align: middle;\" width=\"146\">\u03a60.3<\/td>\n<td style=\"text-align: center; vertical-align: middle;\" width=\"117\">Borosilicato<\/td>\n<td style=\"text-align: center; vertical-align: middle;\" width=\"227\">TO25\/2PIN<\/td>\n<\/tr>\n<tr>\n<td style=\"text-align: center; vertical-align: middle;\" width=\"266\">PDIT03-224A<\/td>\n<td style=\"text-align: center; vertical-align: middle;\" width=\"95\">0.08<\/td>\n<td style=\"text-align: center; vertical-align: middle;\" width=\"126\">8<\/td>\n<td style=\"text-align: center; vertical-align: middle;\" width=\"130\">500M<\/td>\n<td style=\"text-align: center; vertical-align: middle;\" width=\"146\">\u03a60.3<\/td>\n<td style=\"text-align: center; vertical-align: middle;\" width=\"117\">Lente<\/td>\n<td style=\"text-align: center; vertical-align: middle;\" width=\"227\">TO18\/Tipo B 3PIN<\/td>\n<\/tr>\n<tr>\n<td style=\"text-align: center; vertical-align: middle;\" width=\"266\">PDIT05-201N<\/td>\n<td style=\"text-align: center; vertical-align: middle;\" width=\"95\">0.2<\/td>\n<td style=\"text-align: center; vertical-align: middle;\" width=\"126\">20<\/td>\n<td style=\"text-align: center; vertical-align: middle;\" width=\"130\">&#8212;<\/td>\n<td style=\"text-align: center; vertical-align: middle;\" width=\"146\">\u03a60.5<\/td>\n<td style=\"text-align: center; vertical-align: middle;\" width=\"117\">Borosilicato<\/td>\n<td style=\"text-align: center; vertical-align: middle;\" width=\"227\">TO18\/2PIN<\/td>\n<\/tr>\n<tr>\n<td style=\"text-align: center; vertical-align: middle;\" width=\"266\">PDIT05-222N<\/td>\n<td style=\"text-align: center; vertical-align: middle;\" width=\"95\">0.2<\/td>\n<td style=\"text-align: center; vertical-align: middle;\" width=\"126\">20<\/td>\n<td style=\"text-align: center; vertical-align: middle;\" width=\"130\">&#8212;<\/td>\n<td style=\"text-align: center; vertical-align: middle;\" width=\"146\">\u03a60.5<\/td>\n<td style=\"text-align: center; vertical-align: middle;\" width=\"117\">Lente esf\u00e9rica<\/td>\n<td style=\"text-align: center; vertical-align: middle;\" width=\"227\">TO18\/Tipo B 3PIN<\/td>\n<\/tr>\n<tr>\n<td style=\"text-align: center; vertical-align: middle;\" width=\"266\">PDIT05-224A<\/td>\n<td style=\"text-align: center; vertical-align: middle;\" width=\"95\">0.2<\/td>\n<td style=\"text-align: center; vertical-align: middle;\" width=\"126\">20<\/td>\n<td style=\"text-align: center; vertical-align: middle;\" width=\"130\">&#8212;<\/td>\n<td style=\"text-align: center; vertical-align: middle;\" width=\"146\">\u03a60.5<\/td>\n<td style=\"text-align: center; vertical-align: middle;\" width=\"117\">Borosilicato<\/td>\n<td style=\"text-align: center; vertical-align: middle;\" width=\"227\">TO18\/Tipo B 3PIN<\/td>\n<\/tr>\n<tr>\n<td style=\"text-align: center; vertical-align: middle;\" width=\"266\">PDIT10-221N<\/td>\n<td style=\"text-align: center; vertical-align: middle;\" width=\"95\">0.35<\/td>\n<td style=\"text-align: center; vertical-align: middle;\" width=\"126\">40<\/td>\n<td style=\"text-align: center; vertical-align: middle;\" width=\"130\">&#8212;<\/td>\n<td style=\"text-align: center; vertical-align: middle;\" width=\"146\">\u03a61.0<\/td>\n<td style=\"text-align: center; vertical-align: middle;\" width=\"117\">Lente esf\u00e9rica<\/td>\n<td style=\"text-align: center; vertical-align: middle;\" width=\"227\">TO18\/Tipo B 3PIN<\/td>\n<\/tr>\n<tr>\n<td style=\"text-align: center; vertical-align: middle;\" width=\"266\">PDIT10-222N<\/td>\n<td style=\"text-align: center; vertical-align: middle;\" width=\"95\">0.35<\/td>\n<td style=\"text-align: center; vertical-align: middle;\" width=\"126\">40<\/td>\n<td style=\"text-align: center; vertical-align: middle;\" width=\"130\">&#8212;<\/td>\n<td style=\"text-align: center; vertical-align: middle;\" width=\"146\">\u03a61.0<\/td>\n<td style=\"text-align: center; vertical-align: middle;\" width=\"117\">Borosilicato<\/td>\n<td style=\"text-align: center; vertical-align: middle;\" width=\"227\">TO18\/Tipo B 3PIN<\/td>\n<\/tr>\n<tr>\n<td style=\"text-align: center; vertical-align: middle;\" width=\"266\">PDIT20-001<\/td>\n<td style=\"text-align: center; vertical-align: middle;\" width=\"95\">2<\/td>\n<td style=\"text-align: center; vertical-align: middle;\" width=\"126\">210<\/td>\n<td style=\"text-align: center; vertical-align: middle;\" width=\"130\">&#8212;<\/td>\n<td style=\"text-align: center; vertical-align: middle;\" width=\"146\">\u03a62.0<\/td>\n<td style=\"text-align: center; vertical-align: middle;\" width=\"117\">Borosilicato<\/td>\n<td style=\"text-align: center; vertical-align: middle;\" width=\"227\">TO5\/2PIN<\/td>\n<\/tr>\n<tr>\n<td style=\"text-align: center; vertical-align: middle;\" width=\"266\">PDIT30-001<\/td>\n<td style=\"text-align: center; vertical-align: middle;\" width=\"95\">3<\/td>\n<td style=\"text-align: center; vertical-align: middle;\" width=\"126\">500<\/td>\n<td style=\"text-align: center; vertical-align: middle;\" width=\"130\">&#8212;<\/td>\n<td style=\"text-align: center; vertical-align: middle;\" width=\"146\">\u03a63.0<\/td>\n<td style=\"text-align: center; vertical-align: middle;\" width=\"117\">Borosilicato<\/td>\n<td style=\"text-align: center; vertical-align: middle;\" width=\"227\">TO5\/2PIN<\/td>\n<\/tr>\n<tr>\n<td style=\"text-align: center; vertical-align: middle;\" width=\"266\">PDIP03-103<\/td>\n<td style=\"text-align: center; vertical-align: middle;\" width=\"95\">0.08<\/td>\n<td style=\"text-align: center; vertical-align: middle;\" width=\"126\">8<\/td>\n<td style=\"text-align: center; vertical-align: middle;\" width=\"130\">&#8212;<\/td>\n<td style=\"text-align: center; vertical-align: middle;\" width=\"146\">\u03a60.3<\/td>\n<td style=\"text-align: center; vertical-align: middle;\" width=\"117\">Resina<\/td>\n<td style=\"text-align: center; vertical-align: middle;\" width=\"227\">Pl\u00e1stico\/DIP<\/td>\n<\/tr>\n<tr>\n<td style=\"text-align: center; vertical-align: middle;\" width=\"266\">PDIP005-201<\/td>\n<td style=\"text-align: center; vertical-align: middle;\" width=\"95\">0.05<\/td>\n<td style=\"text-align: center; vertical-align: middle;\" width=\"126\">0.7<\/td>\n<td style=\"text-align: center; vertical-align: middle;\" width=\"130\">&#8212;<\/td>\n<td style=\"text-align: center; vertical-align: middle;\" width=\"146\">\u03a60.05<\/td>\n<td style=\"text-align: center; vertical-align: middle;\" width=\"117\">Resina<\/td>\n<td style=\"text-align: center; vertical-align: middle;\" width=\"227\">Pl\u00e1stico\/SMD<\/td>\n<\/tr>\n<tr>\n<td style=\"text-align: center; vertical-align: middle;\" width=\"266\">PDIP03-201<\/td>\n<td style=\"text-align: center; vertical-align: middle;\" width=\"95\">0.08<\/td>\n<td style=\"text-align: center; vertical-align: middle;\" width=\"126\">8<\/td>\n<td style=\"text-align: center; vertical-align: middle;\" width=\"130\">&#8212;<\/td>\n<td style=\"text-align: center; vertical-align: middle;\" width=\"146\">\u03a60.3<\/td>\n<td style=\"text-align: center; vertical-align: middle;\" width=\"117\">Resina<\/td>\n<td style=\"text-align: center; vertical-align: middle;\" width=\"227\">Pl\u00e1stico\/SMD<\/td>\n<\/tr>\n<tr>\n<td style=\"text-align: center; vertical-align: middle;\" width=\"266\">PDIP05-201<\/td>\n<td style=\"text-align: center; vertical-align: middle;\" width=\"95\">0.2<\/td>\n<td style=\"text-align: center; vertical-align: middle;\" width=\"126\">20<\/td>\n<td style=\"text-align: center; vertical-align: middle;\" width=\"130\">&#8212;<\/td>\n<td style=\"text-align: center; vertical-align: middle;\" width=\"146\">\u03a60.5<\/td>\n<td style=\"text-align: center; vertical-align: middle;\" width=\"117\">Resina<\/td>\n<td style=\"text-align: center; vertical-align: middle;\" width=\"227\">Pl\u00e1stico\/SMD<\/td>\n<\/tr>\n<\/tbody>\n<\/table>\n<p><img fetchpriority=\"high\" decoding=\"async\" class=\"aligncenter size-full wp-image-791\" src=\"https:\/\/photo-detector.com\/wp-content\/uploads\/2025\/11\/PDIT005-224A-pic-scaled.webp\" alt=\"PDIT005-224A-pic\" width=\"2560\" height=\"2420\" srcset=\"https:\/\/photo-detector.com\/wp-content\/uploads\/2025\/11\/PDIT005-224A-pic-scaled.webp 2560w, https:\/\/photo-detector.com\/wp-content\/uploads\/2025\/11\/PDIT005-224A-pic-300x284.webp 300w, https:\/\/photo-detector.com\/wp-content\/uploads\/2025\/11\/PDIT005-224A-pic-1024x968.webp 1024w, https:\/\/photo-detector.com\/wp-content\/uploads\/2025\/11\/PDIT005-224A-pic-768x726.webp 768w, https:\/\/photo-detector.com\/wp-content\/uploads\/2025\/11\/PDIT005-224A-pic-1536x1452.webp 1536w, https:\/\/photo-detector.com\/wp-content\/uploads\/2025\/11\/PDIT005-224A-pic-2048x1936.webp 2048w, https:\/\/photo-detector.com\/wp-content\/uploads\/2025\/11\/PDIT005-224A-pic-600x567.webp 600w\" sizes=\"(max-width: 2560px) 100vw, 2560px\" \/><\/p>","protected":false},"excerpt":{"rendered":"<p>El fotodiodo PIN TO-18 InGaAs de Bee Photon ofrece un rendimiento excepcional para la detecci\u00f3n y el control industriales. Este robusto fotodiodo ofrece una alta fiabilidad para sus aplicaciones m\u00e1s cr\u00edticas.<\/p>","protected":false},"featured_media":792,"template":"","meta":[],"product_brand":[31],"product_cat":[26],"product_tag":[153,151,318,319,316,317],"class_list":{"0":"post-790","1":"product","2":"type-product","3":"status-publish","4":"has-post-thumbnail","6":"product_brand-bee-photon","7":"product_cat-ingaas-pin-photodiodes","8":"product_tag-automation-components","9":"product_tag-industrial-sensor","10":"product_tag-ingaas-pin","11":"product_tag-nir-photodetector","12":"product_tag-to-18-ingaas-pin-photodiode","13":"product_tag-to-18-photodiode","14":"pa_cut-off-frequency-6g","15":"pa_dark-current-0-05","16":"pa_junction-capacitance-0-7","17":"pa_package-to18-type-b-3pin","18":"pa_peak-sensitivity-wavelength-91","19":"pa_photosensitive-area-size-0-05","20":"pa_photosensitivity-1-01310nm","21":"pa_photosensitivity-1-051550nm","22":"pa_window-material-lens","24":"first","25":"instock","26":"shipping-taxable","27":"product-type-simple"},"_links":{"self":[{"href":"https:\/\/photo-detector.com\/es\/wp-json\/wp\/v2\/product\/790","targetHints":{"allow":["GET"]}}],"collection":[{"href":"https:\/\/photo-detector.com\/es\/wp-json\/wp\/v2\/product"}],"about":[{"href":"https:\/\/photo-detector.com\/es\/wp-json\/wp\/v2\/types\/product"}],"wp:featuredmedia":[{"embeddable":true,"href":"https:\/\/photo-detector.com\/es\/wp-json\/wp\/v2\/media\/792"}],"wp:attachment":[{"href":"https:\/\/photo-detector.com\/es\/wp-json\/wp\/v2\/media?parent=790"}],"wp:term":[{"taxonomy":"product_brand","embeddable":true,"href":"https:\/\/photo-detector.com\/es\/wp-json\/wp\/v2\/product_brand?post=790"},{"taxonomy":"product_cat","embeddable":true,"href":"https:\/\/photo-detector.com\/es\/wp-json\/wp\/v2\/product_cat?post=790"},{"taxonomy":"product_tag","embeddable":true,"href":"https:\/\/photo-detector.com\/es\/wp-json\/wp\/v2\/product_tag?post=790"}],"curies":[{"name":"wp","href":"https:\/\/api.w.org\/{rel}","templated":true}]}}