{"id":802,"date":"2025-11-06T02:11:32","date_gmt":"2025-11-06T02:11:32","guid":{"rendered":"https:\/\/photo-detector.com\/?post_type=product&#038;p=802"},"modified":"2025-11-06T02:23:34","modified_gmt":"2025-11-06T02:23:34","slug":"900-2600nm-fotodiodo-ingaas","status":"publish","type":"product","link":"https:\/\/photo-detector.com\/es\/producto\/900-2600nm-fotodiodo-ingaas\/","title":{"rendered":"Fotodiodo PIN de InGaAs de 900-2600nm PDIT05-413"},"content":{"rendered":"<table>\n<tbody>\n<tr>\n<td style=\"width: 1395px; background-color: #f4a320; text-align: center; vertical-align: middle;\" colspan=\"8\" width=\"1395\"><strong><b>900-2600nm InGaAs PD<\/b><\/strong><strong><b>(900-2600nm)<\/b><\/strong><\/td>\n<\/tr>\n<tr>\n<td style=\"text-align: center; vertical-align: middle;\" rowspan=\"2\" width=\"234\"><strong><b>Tipo <\/b><\/strong><strong><b>N<\/b><\/strong><strong><b>o.<\/b><\/strong><\/td>\n<td style=\"text-align: center; vertical-align: middle;\" rowspan=\"2\" width=\"127\"><strong><b>Sensibilidad m\u00e1xima longitud de onda<\/b><\/strong><\/td>\n<td style=\"text-align: center; vertical-align: middle;\" rowspan=\"2\" width=\"176\"><strong><b>Fotosensibilidad<\/b><\/strong><\/td>\n<td style=\"text-align: center; vertical-align: middle;\" width=\"114\"><strong><b>Corriente oscura<\/b><\/strong><\/td>\n<td style=\"text-align: center; vertical-align: middle;\" width=\"145\"><strong><b>Capacidad de uni\u00f3n<\/b><\/strong><\/td>\n<td style=\"text-align: center; vertical-align: middle;\" rowspan=\"2\" width=\"170\"><strong><b>Tama\u00f1o del \u00e1rea fotosensible<\/b><\/strong><\/td>\n<td style=\"text-align: center; vertical-align: middle;\" rowspan=\"2\" width=\"178\"><strong><b>Ventana<\/b><\/strong><strong><b>\u00a0<\/b><\/strong><strong><b>material<\/b><\/strong><\/td>\n<td style=\"text-align: center; vertical-align: middle;\" rowspan=\"2\" width=\"249\"><strong><b>Paquete<\/b><\/strong><\/td>\n<\/tr>\n<tr>\n<td style=\"text-align: center; vertical-align: middle;\" width=\"114\">V<sub>R<\/sub>=0.1V<\/td>\n<td style=\"text-align: center; vertical-align: middle;\" width=\"145\">V<sub>R<\/sub>=0.1V<\/td>\n<\/tr>\n<tr>\n<td style=\"text-align: center; vertical-align: middle;\" width=\"234\"><\/td>\n<td style=\"text-align: center; vertical-align: middle;\" width=\"127\">[nm]<\/td>\n<td style=\"text-align: center; vertical-align: middle;\" width=\"176\">[A\/W]<\/td>\n<td style=\"text-align: center; vertical-align: middle;\" width=\"114\">[\u03bcA]<\/td>\n<td style=\"text-align: center; vertical-align: middle;\" width=\"145\">[pF]<\/td>\n<td style=\"text-align: center; vertical-align: middle;\" width=\"170\">[mm]<\/td>\n<td style=\"text-align: center; vertical-align: middle;\" width=\"178\"><\/td>\n<td style=\"text-align: center; vertical-align: middle;\" width=\"249\"><\/td>\n<\/tr>\n<tr>\n<td style=\"text-align: center; vertical-align: middle;\" width=\"234\">PDIT03-413<\/td>\n<td style=\"text-align: center; vertical-align: middle;\" rowspan=\"7\" width=\"127\">2200<\/td>\n<td style=\"text-align: center; vertical-align: middle;\" rowspan=\"7\" width=\"176\">0,7@1550nm<\/p>\n<p>1,2@2200nm<\/td>\n<td style=\"text-align: center; vertical-align: middle;\" width=\"114\">0.5<\/td>\n<td style=\"text-align: center; vertical-align: middle;\" width=\"145\">40<\/td>\n<td style=\"text-align: center; vertical-align: middle;\" width=\"170\">\u03a60.3<\/td>\n<td style=\"text-align: center; vertical-align: middle;\" width=\"178\">Borosilicato<\/td>\n<td style=\"text-align: center; vertical-align: middle;\" width=\"249\">TO18\/Tipo C 3PIN<\/td>\n<\/tr>\n<tr>\n<td style=\"text-align: center; vertical-align: middle;\" width=\"234\">PDIT03-414<\/td>\n<td style=\"text-align: center; vertical-align: middle;\" width=\"114\">0.5<\/td>\n<td style=\"text-align: center; vertical-align: middle;\" width=\"145\">40<\/td>\n<td style=\"text-align: center; vertical-align: middle;\" width=\"170\">\u03a60.3<\/td>\n<td style=\"text-align: center; vertical-align: middle;\" width=\"178\">Lente<\/td>\n<td style=\"text-align: center; vertical-align: middle;\" width=\"249\">TO18\/Tipo C 3PIN<\/td>\n<\/tr>\n<tr>\n<td style=\"text-align: center; vertical-align: middle;\" width=\"234\">PDIT05-413<\/td>\n<td style=\"text-align: center; vertical-align: middle;\" width=\"114\">8<\/td>\n<td style=\"text-align: center; vertical-align: middle;\" width=\"145\">100<\/td>\n<td style=\"text-align: center; vertical-align: middle;\" width=\"170\">\u03a60.5<\/td>\n<td style=\"text-align: center; vertical-align: middle;\" width=\"178\">Borosilicato<\/td>\n<td style=\"text-align: center; vertical-align: middle;\" width=\"249\">TO18\/Tipo C 3PIN<\/td>\n<\/tr>\n<tr>\n<td style=\"text-align: center; vertical-align: middle;\" width=\"234\">PDIT05-412<\/td>\n<td style=\"text-align: center; vertical-align: middle;\" width=\"114\">8<\/td>\n<td style=\"text-align: center; vertical-align: middle;\" width=\"145\">100<\/td>\n<td style=\"text-align: center; vertical-align: middle;\" width=\"170\">\u03a60.5<\/td>\n<td style=\"text-align: center; vertical-align: middle;\" width=\"178\">\u00a0\u00a0\u00a0\u00a0Lente esf\u00e9rica<\/td>\n<td style=\"text-align: center; vertical-align: middle;\" width=\"249\">TO18\/Tipo C 3PIN<\/td>\n<\/tr>\n<tr>\n<td style=\"text-align: center; vertical-align: middle;\" width=\"234\">PDIT10-413<\/td>\n<td style=\"text-align: center; vertical-align: middle;\" width=\"114\">45<\/td>\n<td style=\"text-align: center; vertical-align: middle;\" width=\"145\">330<\/td>\n<td style=\"text-align: center; vertical-align: middle;\" width=\"170\">\u03a61.0<\/td>\n<td style=\"text-align: center; vertical-align: middle;\" width=\"178\">Borosilicato<\/td>\n<td style=\"text-align: center; vertical-align: middle;\" width=\"249\">TO18\/Tipo C 3PIN<\/td>\n<\/tr>\n<tr>\n<td style=\"text-align: center; vertical-align: middle;\" width=\"234\">PDIT10-412<\/td>\n<td style=\"text-align: center; vertical-align: middle;\" width=\"114\">45<\/td>\n<td style=\"text-align: center; vertical-align: middle;\" width=\"145\">330<\/td>\n<td style=\"text-align: center; vertical-align: middle;\" width=\"170\">\u03a61.0<\/td>\n<td style=\"text-align: center; vertical-align: middle;\" width=\"178\">Lente esf\u00e9rica<\/td>\n<td style=\"text-align: center; vertical-align: middle;\" width=\"249\">TO18\/Tipo C 3PIN<\/td>\n<\/tr>\n<tr>\n<td style=\"text-align: center; vertical-align: middle;\" width=\"234\">PDIT20-401<\/td>\n<td style=\"text-align: center; vertical-align: middle;\" width=\"114\">100<\/td>\n<td style=\"text-align: center; vertical-align: middle;\" width=\"145\">1200<\/td>\n<td style=\"text-align: center; vertical-align: middle;\" width=\"170\">\u03a62.0<\/td>\n<td style=\"text-align: center; vertical-align: middle;\" width=\"178\">Borosilicato<\/td>\n<td style=\"text-align: center; vertical-align: middle;\" width=\"249\">TO5\/2PIN<\/td>\n<\/tr>\n<\/tbody>\n<\/table>\n<p><img fetchpriority=\"high\" decoding=\"async\" class=\"aligncenter size-full wp-image-803\" src=\"https:\/\/photo-detector.com\/wp-content\/uploads\/2025\/11\/PDIT05-413-pic-scaled.webp\" alt=\"PDIT05-413-pic\" width=\"2560\" height=\"2420\" srcset=\"https:\/\/photo-detector.com\/wp-content\/uploads\/2025\/11\/PDIT05-413-pic-scaled.webp 2560w, https:\/\/photo-detector.com\/wp-content\/uploads\/2025\/11\/PDIT05-413-pic-300x284.webp 300w, https:\/\/photo-detector.com\/wp-content\/uploads\/2025\/11\/PDIT05-413-pic-1024x968.webp 1024w, https:\/\/photo-detector.com\/wp-content\/uploads\/2025\/11\/PDIT05-413-pic-768x726.webp 768w, https:\/\/photo-detector.com\/wp-content\/uploads\/2025\/11\/PDIT05-413-pic-1536x1452.webp 1536w, https:\/\/photo-detector.com\/wp-content\/uploads\/2025\/11\/PDIT05-413-pic-2048x1936.webp 2048w, https:\/\/photo-detector.com\/wp-content\/uploads\/2025\/11\/PDIT05-413-pic-600x567.webp 600w\" sizes=\"(max-width: 2560px) 100vw, 2560px\" \/><\/p>","protected":false},"excerpt":{"rendered":"<p>Experimente un rendimiento superior con nuestro fotodiodo InGaAs de 900-2600 nm, ideal para comunicaci\u00f3n \u00f3ptica y detecci\u00f3n de alta velocidad. El fotodiodo de Bee Photon garantiza una alta fiabilidad y un bajo nivel de ruido.<\/p>","protected":false},"featured_media":804,"template":"","meta":[],"product_brand":[31],"product_cat":[26],"product_tag":[352,354,356,353,191,355],"class_list":{"0":"post-802","1":"product","2":"type-product","3":"status-publish","4":"has-post-thumbnail","6":"product_brand-bee-photon","7":"product_cat-ingaas-pin-photodiodes","8":"product_tag-900-2600nm-ingaas-photodiode","9":"product_tag-900-2600nm-sensor","10":"product_tag-fiber-optic-components","11":"product_tag-ingaas-detector","12":"product_tag-nir-photodiode","13":"product_tag-to-can-photodiode","14":"pa_dark-current-256","15":"pa_junction-capacitance-350","16":"pa_package-to18-type-c-3pin","17":"pa_peak-sensitivity-wavelength-347","18":"pa_photosensitive-area-size-0-5","19":"pa_photosensitivity-0-71550nm","20":"pa_photosensitivity-1-22200nm","21":"pa_window-material-borosilicate","23":"first","24":"instock","25":"shipping-taxable","26":"product-type-simple"},"_links":{"self":[{"href":"https:\/\/photo-detector.com\/es\/wp-json\/wp\/v2\/product\/802","targetHints":{"allow":["GET"]}}],"collection":[{"href":"https:\/\/photo-detector.com\/es\/wp-json\/wp\/v2\/product"}],"about":[{"href":"https:\/\/photo-detector.com\/es\/wp-json\/wp\/v2\/types\/product"}],"wp:featuredmedia":[{"embeddable":true,"href":"https:\/\/photo-detector.com\/es\/wp-json\/wp\/v2\/media\/804"}],"wp:attachment":[{"href":"https:\/\/photo-detector.com\/es\/wp-json\/wp\/v2\/media?parent=802"}],"wp:term":[{"taxonomy":"product_brand","embeddable":true,"href":"https:\/\/photo-detector.com\/es\/wp-json\/wp\/v2\/product_brand?post=802"},{"taxonomy":"product_cat","embeddable":true,"href":"https:\/\/photo-detector.com\/es\/wp-json\/wp\/v2\/product_cat?post=802"},{"taxonomy":"product_tag","embeddable":true,"href":"https:\/\/photo-detector.com\/es\/wp-json\/wp\/v2\/product_tag?post=802"}],"curies":[{"name":"wp","href":"https:\/\/api.w.org\/{rel}","templated":true}]}}