{"id":821,"date":"2025-11-06T06:18:55","date_gmt":"2025-11-06T06:18:55","guid":{"rendered":"https:\/\/photo-detector.com\/?post_type=product&#038;p=821"},"modified":"2025-11-06T06:18:55","modified_gmt":"2025-11-06T06:18:55","slug":"proveedor-de-modulos-fotodiodos-oem","status":"publish","type":"product","link":"https:\/\/photo-detector.com\/es\/producto\/proveedor-de-modulos-fotodiodos-oem\/","title":{"rendered":"M\u00f3dulo fotodiodo\uff08Salida anal\u00f3gica\uff09PDTM-A"},"content":{"rendered":"<table>\n<tbody>\n<tr>\n<td style=\"background-color: #f4a320; width: 1395px; text-align: center; vertical-align: middle;\" colspan=\"5\" width=\"1395\"><strong><b>M\u00f3dulo fotodiodo\uff08Salida anal\u00f3gica\uff09<\/b><\/strong><\/td>\n<\/tr>\n<tr>\n<td style=\"text-align: center; vertical-align: middle;\" width=\"465\"><strong><b>Tipo <\/b><\/strong><strong><b>N<\/b><\/strong><strong><b>o.<\/b><\/strong><\/td>\n<td style=\"text-align: center; vertical-align: middle;\" colspan=\"4\" width=\"930\"><strong><b>PDTM-A<\/b><\/strong><\/td>\n<\/tr>\n<tr>\n<td style=\"text-align: center; vertical-align: middle;\" width=\"465\">Rendimiento de la DP<\/td>\n<td style=\"text-align: center; vertical-align: middle;\" colspan=\"4\" width=\"930\">Personalizado<\/td>\n<\/tr>\n<tr>\n<td style=\"text-align: center; vertical-align: middle;\" width=\"465\">Tensi\u00f3n de entrada<\/td>\n<td style=\"text-align: center; vertical-align: middle;\" colspan=\"4\" width=\"930\">6-12V<\/td>\n<\/tr>\n<tr>\n<td style=\"text-align: center; vertical-align: middle;\" width=\"465\">Impedancia<strong><b>\u00a0<\/b><\/strong>Zt (V\/A)<\/td>\n<td style=\"text-align: center; vertical-align: middle;\" width=\"232\">1.5\u00d710\u2074<\/td>\n<td style=\"text-align: center; vertical-align: middle;\" width=\"232\">4.5\u00d710\u2074<\/td>\n<td style=\"text-align: center; vertical-align: middle;\" width=\"232\">2\u00d710\u2075<\/td>\n<td style=\"text-align: center; vertical-align: middle;\" width=\"232\">1\u00d710\u2078<\/td>\n<\/tr>\n<tr>\n<td style=\"text-align: center; vertical-align: middle;\" width=\"465\">Frecuencia de corte fc-3Db<\/td>\n<td style=\"text-align: center; vertical-align: middle;\" width=\"232\">100khz<\/td>\n<td style=\"text-align: center; vertical-align: middle;\" width=\"232\">100khz<\/td>\n<td style=\"text-align: center; vertical-align: middle;\" width=\"232\">100khz<\/td>\n<td style=\"text-align: center; vertical-align: middle;\" width=\"232\">1khz<\/td>\n<\/tr>\n<tr>\n<td style=\"text-align: center; vertical-align: middle;\" width=\"465\">Contornos dimensionales (mm)<\/td>\n<td style=\"text-align: center; vertical-align: middle;\" colspan=\"4\" width=\"930\">51\u00d725.5\u00d724<\/td>\n<\/tr>\n<tr>\n<td style=\"text-align: center; vertical-align: middle;\" width=\"465\">Temperatura de funcionamiento<\/td>\n<td style=\"text-align: center; vertical-align: middle;\" colspan=\"4\" width=\"930\">0~50\u2103<\/td>\n<\/tr>\n<tr>\n<td style=\"text-align: center; vertical-align: middle;\" width=\"465\">Temperatura de almacenamiento<\/td>\n<td style=\"text-align: center; vertical-align: middle;\" colspan=\"4\" width=\"930\">-10~60\u2103<\/td>\n<\/tr>\n<\/tbody>\n<\/table>","protected":false},"excerpt":{"rendered":"<p>Bee Photon es uno de los principales proveedores de m\u00f3dulos de fotodiodos OEM para necesidades personalizadas. Conf\u00ede en un proveedor de m\u00f3dulos de fotodiodo OEM con experiencia para sus instrumentos \u00f3pticos de precisi\u00f3n.<\/p>","protected":false},"featured_media":822,"template":"","meta":[],"product_brand":[31],"product_cat":[28],"product_tag":[426,180,427,424,184,425],"class_list":{"0":"post-821","1":"product","2":"type-product","3":"status-publish","4":"has-post-thumbnail","6":"product_brand-bee-photon","7":"product_cat-photodiode-module","8":"product_tag-b2b-optical-components","9":"product_tag-custom-photodiode","10":"product_tag-oem-photodiode-module-supplier","11":"product_tag-optical-odm-service","12":"product_tag-photodetector-manufacturer","13":"product_tag-sensor-integration","14":"pa_input-voltage-6-12v","15":"pa_pd-performance-customized","17":"first","18":"instock","19":"shipping-taxable","20":"product-type-simple"},"_links":{"self":[{"href":"https:\/\/photo-detector.com\/es\/wp-json\/wp\/v2\/product\/821","targetHints":{"allow":["GET"]}}],"collection":[{"href":"https:\/\/photo-detector.com\/es\/wp-json\/wp\/v2\/product"}],"about":[{"href":"https:\/\/photo-detector.com\/es\/wp-json\/wp\/v2\/types\/product"}],"wp:featuredmedia":[{"embeddable":true,"href":"https:\/\/photo-detector.com\/es\/wp-json\/wp\/v2\/media\/822"}],"wp:attachment":[{"href":"https:\/\/photo-detector.com\/es\/wp-json\/wp\/v2\/media?parent=821"}],"wp:term":[{"taxonomy":"product_brand","embeddable":true,"href":"https:\/\/photo-detector.com\/es\/wp-json\/wp\/v2\/product_brand?post=821"},{"taxonomy":"product_cat","embeddable":true,"href":"https:\/\/photo-detector.com\/es\/wp-json\/wp\/v2\/product_cat?post=821"},{"taxonomy":"product_tag","embeddable":true,"href":"https:\/\/photo-detector.com\/es\/wp-json\/wp\/v2\/product_tag?post=821"}],"curies":[{"name":"wp","href":"https:\/\/api.w.org\/{rel}","templated":true}]}}