{"id":823,"date":"2025-11-06T06:45:45","date_gmt":"2025-11-06T06:45:45","guid":{"rendered":"https:\/\/photo-detector.com\/?post_type=product&#038;p=823"},"modified":"2025-11-06T06:58:25","modified_gmt":"2025-11-06T06:58:25","slug":"interruptor-de-ganancia-de-dos-niveles-foto-ic","status":"publish","type":"product","link":"https:\/\/photo-detector.com\/es\/producto\/interruptor-de-ganancia-de-dos-niveles-foto-ic\/","title":{"rendered":"Foto IC serie PDTC"},"content":{"rendered":"<table>\n<tbody>\n<tr>\n<td style=\"background-color: #f4a320; width: 1396px; text-align: center; vertical-align: middle;\" colspan=\"5\" width=\"1396\"><strong><b>Serie PDTC<\/b><\/strong><\/td>\n<\/tr>\n<tr>\n<td style=\"text-align: center; vertical-align: middle;\" rowspan=\"2\" width=\"349\"><strong><b>Tipo <\/b><\/strong><strong><b>N<\/b><\/strong><strong><b>o.<\/b><\/strong><\/td>\n<td style=\"text-align: center; vertical-align: middle;\" rowspan=\"2\" width=\"349\"><strong><b>Condiciones de la prueba<\/b><\/strong><\/td>\n<td style=\"text-align: center; vertical-align: middle;\" colspan=\"2\" width=\"349\"><strong><b>PDTC04-5\/20K-001<\/b><\/strong><\/p>\n<p><strong><b>PDTC008-5\/20K-001<\/b><\/strong><\/td>\n<td style=\"text-align: center; vertical-align: middle;\" rowspan=\"2\" width=\"349\"><strong><b>Unidad<\/b><\/strong><\/td>\n<\/tr>\n<tr>\n<td style=\"text-align: center; vertical-align: middle;\" width=\"174\"><strong><b>Min<\/b><\/strong><\/td>\n<td style=\"text-align: center; vertical-align: middle;\" width=\"174\"><strong><b>Max<\/b><\/strong><\/td>\n<\/tr>\n<tr>\n<td style=\"text-align: center; vertical-align: middle;\" width=\"349\">Gama de respuesta espectral<\/td>\n<td style=\"text-align: center; vertical-align: middle;\" width=\"349\">&#8211;<\/td>\n<td style=\"text-align: center; vertical-align: middle;\" width=\"174\">430<\/td>\n<td style=\"text-align: center; vertical-align: middle;\" width=\"174\">1100<\/td>\n<td style=\"text-align: center; vertical-align: middle;\" width=\"349\">nm<\/td>\n<\/tr>\n<tr>\n<td style=\"text-align: center; vertical-align: middle;\" rowspan=\"2\" width=\"349\">Nivel \u00f3ptico de entrada<\/td>\n<td style=\"text-align: center; vertical-align: middle;\" width=\"349\">CTRL = 0<\/td>\n<td style=\"text-align: center; vertical-align: middle;\" width=\"174\">&#8211;<\/td>\n<td style=\"text-align: center; vertical-align: middle;\" width=\"174\">500@TIA-OUT<\/p>\n<p>115@AMP-OUT<\/td>\n<td style=\"text-align: center; vertical-align: middle;\" width=\"349\">uW<\/td>\n<\/tr>\n<tr>\n<td style=\"text-align: center; vertical-align: middle;\" width=\"349\">CTRL = 1<\/td>\n<td style=\"text-align: center; vertical-align: middle;\" width=\"174\">&#8211;<\/td>\n<td style=\"text-align: center; vertical-align: middle;\" width=\"174\">130<\/td>\n<td style=\"text-align: center; vertical-align: middle;\" width=\"349\">uW<\/td>\n<\/tr>\n<tr>\n<td style=\"text-align: center; vertical-align: middle;\" rowspan=\"2\" width=\"349\">Aumento TIA<\/td>\n<td style=\"text-align: center; vertical-align: middle;\" width=\"349\">CTRL = 0<\/td>\n<td style=\"text-align: center; vertical-align: middle;\" colspan=\"2\" width=\"349\">5000<\/td>\n<td style=\"text-align: center; vertical-align: middle;\" width=\"349\">V\/A<\/td>\n<\/tr>\n<tr>\n<td style=\"text-align: center; vertical-align: middle;\" width=\"349\">CTRL = 1<\/td>\n<td style=\"text-align: center; vertical-align: middle;\" colspan=\"2\" width=\"349\">20000<\/td>\n<td style=\"text-align: center; vertical-align: middle;\" width=\"349\">V\/A<\/td>\n<\/tr>\n<tr>\n<td style=\"text-align: center; vertical-align: middle;\" rowspan=\"2\" width=\"349\">Ancho de banda<\/td>\n<td style=\"text-align: center; vertical-align: middle;\" width=\"349\">CTRL = 0<\/td>\n<td style=\"text-align: center; vertical-align: middle;\" colspan=\"2\" width=\"349\">113<\/td>\n<td style=\"text-align: center; vertical-align: middle;\" width=\"349\">MHz<\/td>\n<\/tr>\n<tr>\n<td style=\"text-align: center; vertical-align: middle;\" width=\"349\">CTRL = 1<\/td>\n<td style=\"text-align: center; vertical-align: middle;\" colspan=\"2\" width=\"349\">90<\/td>\n<td style=\"text-align: center; vertical-align: middle;\" width=\"349\">MHz<\/td>\n<\/tr>\n<tr>\n<td style=\"text-align: center; vertical-align: middle;\" width=\"349\">Rango de tensi\u00f3n de salida de<\/p>\n<p>amplificador transimpetico<\/td>\n<td style=\"text-align: center; vertical-align: middle;\" width=\"349\">&#8211;<\/td>\n<td style=\"text-align: center; vertical-align: middle;\" width=\"174\">0.6<\/td>\n<td style=\"text-align: center; vertical-align: middle;\" width=\"174\">1.9<\/td>\n<td style=\"text-align: center; vertical-align: middle;\" width=\"349\">V<\/td>\n<\/tr>\n<tr>\n<td style=\"text-align: center; vertical-align: middle;\" width=\"349\">Rango de tensi\u00f3n de salida de<\/p>\n<p>amplificador de tensi\u00f3n<\/td>\n<td style=\"text-align: center; vertical-align: middle;\" width=\"349\">&#8211;<\/td>\n<td style=\"text-align: center; vertical-align: middle;\" width=\"174\">1.16<\/td>\n<td style=\"text-align: center; vertical-align: middle;\" width=\"174\">2.447<\/td>\n<td style=\"text-align: center; vertical-align: middle;\" width=\"349\">V<\/td>\n<\/tr>\n<tr>\n<td style=\"text-align: center; vertical-align: middle;\" width=\"349\">Talla<\/td>\n<td style=\"text-align: center; vertical-align: middle;\" width=\"349\">&#8211;<\/td>\n<td style=\"text-align: center; vertical-align: middle;\" colspan=\"2\" width=\"349\">1.2*3.9*6.7<\/td>\n<td style=\"text-align: center; vertical-align: middle;\" width=\"349\">mm<\/td>\n<\/tr>\n<\/tbody>\n<\/table>\n<p><img fetchpriority=\"high\" decoding=\"async\" class=\"aligncenter size-full wp-image-825\" src=\"https:\/\/photo-detector.com\/wp-content\/uploads\/2025\/11\/Functional-diagram.webp\" alt=\"\" width=\"1280\" height=\"800\" srcset=\"https:\/\/photo-detector.com\/wp-content\/uploads\/2025\/11\/Functional-diagram.webp 1280w, https:\/\/photo-detector.com\/wp-content\/uploads\/2025\/11\/Functional-diagram-300x188.webp 300w, https:\/\/photo-detector.com\/wp-content\/uploads\/2025\/11\/Functional-diagram-1024x640.webp 1024w, https:\/\/photo-detector.com\/wp-content\/uploads\/2025\/11\/Functional-diagram-768x480.webp 768w, https:\/\/photo-detector.com\/wp-content\/uploads\/2025\/11\/Functional-diagram-600x375.webp 600w\" sizes=\"(max-width: 1280px) 100vw, 1280px\" \/><\/p>","protected":false},"excerpt":{"rendered":"<p>Nuestro Photo IC con interruptor de ganancia de dos niveles proporciona una detecci\u00f3n \u00f3ptica precisa para la automatizaci\u00f3n industrial. Este avanzado foto IC cuenta con un interruptor de ganancia ajustable, asegurando un rendimiento fiable<\/p>","protected":false},"featured_media":824,"template":"","meta":[],"product_brand":[31],"product_cat":[29],"product_tag":[433,432,375,434,100,431,429,430,428],"class_list":{"0":"post-823","1":"product","2":"type-product","3":"status-publish","4":"has-post-thumbnail","6":"product_brand-bee-photon","7":"product_cat-photo-ic","8":"product_tag-adjustable-gain-sensor","9":"product_tag-high-sensitivity-photodetector","10":"product_tag-industrial-automation","11":"product_tag-light-sensor-ic","12":"product_tag-optical-sensor","13":"product_tag-optical-switch-ic","14":"product_tag-photo-ic","15":"product_tag-photonic-integrated-circuit","16":"product_tag-two-level-gain-switch-photo-ic","18":"first","19":"instock","20":"shipping-taxable","21":"product-type-simple"},"_links":{"self":[{"href":"https:\/\/photo-detector.com\/es\/wp-json\/wp\/v2\/product\/823","targetHints":{"allow":["GET"]}}],"collection":[{"href":"https:\/\/photo-detector.com\/es\/wp-json\/wp\/v2\/product"}],"about":[{"href":"https:\/\/photo-detector.com\/es\/wp-json\/wp\/v2\/types\/product"}],"wp:featuredmedia":[{"embeddable":true,"href":"https:\/\/photo-detector.com\/es\/wp-json\/wp\/v2\/media\/824"}],"wp:attachment":[{"href":"https:\/\/photo-detector.com\/es\/wp-json\/wp\/v2\/media?parent=823"}],"wp:term":[{"taxonomy":"product_brand","embeddable":true,"href":"https:\/\/photo-detector.com\/es\/wp-json\/wp\/v2\/product_brand?post=823"},{"taxonomy":"product_cat","embeddable":true,"href":"https:\/\/photo-detector.com\/es\/wp-json\/wp\/v2\/product_cat?post=823"},{"taxonomy":"product_tag","embeddable":true,"href":"https:\/\/photo-detector.com\/es\/wp-json\/wp\/v2\/product_tag?post=823"}],"curies":[{"name":"wp","href":"https:\/\/api.w.org\/{rel}","templated":true}]}}