{"id":829,"date":"2025-11-06T07:39:31","date_gmt":"2025-11-06T07:39:31","guid":{"rendered":"https:\/\/photo-detector.com\/?post_type=product&#038;p=829"},"modified":"2025-11-06T07:43:15","modified_gmt":"2025-11-06T07:43:15","slug":"galvanometro-escaner-fuente-de-luz","status":"publish","type":"product","link":"https:\/\/photo-detector.com\/es\/producto\/galvanometro-escaner-fuente-de-luz\/","title":{"rendered":"Fuente de luz LED serie E850-15-202"},"content":{"rendered":"<table>\n<tbody>\n<tr>\n<td style=\"background-color: #f4a320; width: 1400px; text-align: center; vertical-align: middle;\" colspan=\"7\" width=\"1400\"><strong><b>LED<\/b><\/strong><strong><b>\u00a0serie<\/b><\/strong><\/td>\n<\/tr>\n<tr>\n<td style=\"text-align: center; vertical-align: middle;\" rowspan=\"2\" width=\"222\"><strong><b>No. de tipo.<\/b><\/strong><\/td>\n<td style=\"text-align: center; vertical-align: middle;\" width=\"179\"><strong><b>Sensibilidad m\u00e1xima longitud de onda<\/b><\/strong><\/td>\n<td style=\"text-align: center; vertical-align: middle;\" width=\"177\"><strong><b>Tensi\u00f3n directa<\/b><\/strong><\/td>\n<td style=\"text-align: center; vertical-align: middle;\" width=\"148\"><strong><b>Intensidad luminosa<\/b><\/strong><\/td>\n<td style=\"text-align: center; vertical-align: middle;\" width=\"180\"><strong><b>\u00c1ngulo de media intensidad<\/b><\/strong><\/td>\n<td style=\"text-align: center; vertical-align: middle;\" rowspan=\"2\" width=\"213\"><strong><b>Material para ventanas<\/b><\/strong><\/td>\n<td style=\"text-align: center; vertical-align: middle;\" rowspan=\"2\" width=\"279\"><strong><b>Paquete<\/b><\/strong><\/td>\n<\/tr>\n<tr>\n<td style=\"text-align: center; vertical-align: middle;\" width=\"179\">[nm]<\/td>\n<td style=\"text-align: center; vertical-align: middle;\" width=\"177\">[V]<\/td>\n<td style=\"text-align: center; vertical-align: middle;\" width=\"148\">[mW]<\/td>\n<td style=\"text-align: center; vertical-align: middle;\" width=\"180\">[deg]<\/td>\n<\/tr>\n<tr>\n<td style=\"text-align: center; vertical-align: middle;\" width=\"222\">E850-15-301<\/td>\n<td style=\"text-align: center; vertical-align: middle;\" width=\"179\">850<\/td>\n<td style=\"text-align: center; vertical-align: middle;\" width=\"177\">1.5<\/td>\n<td style=\"text-align: center; vertical-align: middle;\" width=\"148\">15<\/td>\n<td style=\"text-align: center; vertical-align: middle;\" width=\"180\">100<\/td>\n<td style=\"text-align: center; vertical-align: middle;\" width=\"213\">Resina<\/td>\n<td style=\"text-align: center; vertical-align: middle;\" width=\"279\">TO18\/2PIN<\/td>\n<\/tr>\n<tr>\n<td style=\"text-align: center; vertical-align: middle;\" width=\"222\">E850-15-202<\/td>\n<td style=\"text-align: center; vertical-align: middle;\" width=\"179\">850<\/td>\n<td style=\"text-align: center; vertical-align: middle;\" width=\"177\">1.5<\/td>\n<td style=\"text-align: center; vertical-align: middle;\" width=\"148\">15<\/td>\n<td style=\"text-align: center; vertical-align: middle;\" width=\"180\">10<\/td>\n<td style=\"text-align: center; vertical-align: middle;\" width=\"213\">Lente esf\u00e9rica<\/td>\n<td style=\"text-align: center; vertical-align: middle;\" width=\"279\">TO18\/2PIN<\/td>\n<\/tr>\n<tr>\n<td style=\"text-align: center; vertical-align: middle;\" width=\"222\">E940-15-301<\/td>\n<td style=\"text-align: center; vertical-align: middle;\" width=\"179\">940<\/td>\n<td style=\"text-align: center; vertical-align: middle;\" width=\"177\">1.2<\/td>\n<td style=\"text-align: center; vertical-align: middle;\" width=\"148\">15<\/td>\n<td style=\"text-align: center; vertical-align: middle;\" width=\"180\">100<\/td>\n<td style=\"text-align: center; vertical-align: middle;\" width=\"213\">Resina<\/td>\n<td style=\"text-align: center; vertical-align: middle;\" width=\"279\">TO18\/2PIN<\/td>\n<\/tr>\n<tr>\n<td style=\"text-align: center; vertical-align: middle;\" width=\"222\">E850-30-101<\/td>\n<td style=\"text-align: center; vertical-align: middle;\" width=\"179\">850<\/td>\n<td style=\"text-align: center; vertical-align: middle;\" width=\"177\">1.4<\/td>\n<td style=\"text-align: center; vertical-align: middle;\" width=\"148\">30<\/td>\n<td style=\"text-align: center; vertical-align: middle;\" width=\"180\">20<\/td>\n<td style=\"text-align: center; vertical-align: middle;\" width=\"213\">Resina<\/td>\n<td style=\"text-align: center; vertical-align: middle;\" width=\"279\">3mm Pl\u00e1stico\/DIP<\/td>\n<\/tr>\n<tr>\n<td style=\"text-align: center; vertical-align: middle;\" width=\"222\">E660-10-001<\/td>\n<td style=\"text-align: center; vertical-align: middle;\" width=\"179\">650<\/td>\n<td style=\"text-align: center; vertical-align: middle;\" width=\"177\">2<\/td>\n<td style=\"text-align: center; vertical-align: middle;\" width=\"148\">10<\/td>\n<td style=\"text-align: center; vertical-align: middle;\" width=\"180\">120<\/td>\n<td style=\"text-align: center; vertical-align: middle;\" width=\"213\">Resina<\/td>\n<td style=\"text-align: center; vertical-align: middle;\" width=\"279\">Pl\u00e1stico\/SMD<\/td>\n<\/tr>\n<\/tbody>\n<\/table>\n<p><img fetchpriority=\"high\" decoding=\"async\" class=\"aligncenter size-full wp-image-827\" src=\"https:\/\/photo-detector.com\/wp-content\/uploads\/2025\/11\/Radiation-angle-curve.webp\" alt=\"Curva del \u00e1ngulo de radiaci\u00f3n\" width=\"1280\" height=\"800\" srcset=\"https:\/\/photo-detector.com\/wp-content\/uploads\/2025\/11\/Radiation-angle-curve.webp 1280w, https:\/\/photo-detector.com\/wp-content\/uploads\/2025\/11\/Radiation-angle-curve-300x188.webp 300w, https:\/\/photo-detector.com\/wp-content\/uploads\/2025\/11\/Radiation-angle-curve-1024x640.webp 1024w, https:\/\/photo-detector.com\/wp-content\/uploads\/2025\/11\/Radiation-angle-curve-768x480.webp 768w, https:\/\/photo-detector.com\/wp-content\/uploads\/2025\/11\/Radiation-angle-curve-600x375.webp 600w\" sizes=\"(max-width: 1280px) 100vw, 1280px\" \/><\/p>","protected":false},"excerpt":{"rendered":"<p>Esta fuente de luz galvanom\u00e9trica para esc\u00e1neres ofrece un brillo y una precisi\u00f3n superiores. Dise\u00f1ada para ofrecer precisi\u00f3n, nuestra fuente de luz TO18 garantiza una alta fiabilidad en los sistemas de escaneado.<\/p>","protected":false},"featured_media":828,"template":"","meta":[],"product_brand":[31],"product_cat":[30],"product_tag":[450,451,454,455,452,457,456,453],"class_list":{"0":"post-829","1":"product","2":"type-product","3":"status-publish","4":"has-post-thumbnail","6":"product_brand-bee-photon","7":"product_cat-light-source","8":"product_tag-galvanometer-scanner-light-source","9":"product_tag-galvo-scanner-led","10":"product_tag-high-brightness-led","11":"product_tag-industrial-laser","12":"product_tag-laser-scanning-source","13":"product_tag-machine-vision-light-source","14":"product_tag-photoelectric-encoder","15":"product_tag-to18-ball-lens","16":"pa_angle-of-half-intensity-449","17":"pa_forward-voltage-1-5","18":"pa_luminous-intensity-438","19":"pa_package-to18-2pin","20":"pa_peak-sensitivity-wavelength-436","21":"pa_window-material-ball-lens","23":"first","24":"instock","25":"shipping-taxable","26":"product-type-simple"},"_links":{"self":[{"href":"https:\/\/photo-detector.com\/es\/wp-json\/wp\/v2\/product\/829","targetHints":{"allow":["GET"]}}],"collection":[{"href":"https:\/\/photo-detector.com\/es\/wp-json\/wp\/v2\/product"}],"about":[{"href":"https:\/\/photo-detector.com\/es\/wp-json\/wp\/v2\/types\/product"}],"wp:featuredmedia":[{"embeddable":true,"href":"https:\/\/photo-detector.com\/es\/wp-json\/wp\/v2\/media\/828"}],"wp:attachment":[{"href":"https:\/\/photo-detector.com\/es\/wp-json\/wp\/v2\/media?parent=829"}],"wp:term":[{"taxonomy":"product_brand","embeddable":true,"href":"https:\/\/photo-detector.com\/es\/wp-json\/wp\/v2\/product_brand?post=829"},{"taxonomy":"product_cat","embeddable":true,"href":"https:\/\/photo-detector.com\/es\/wp-json\/wp\/v2\/product_cat?post=829"},{"taxonomy":"product_tag","embeddable":true,"href":"https:\/\/photo-detector.com\/es\/wp-json\/wp\/v2\/product_tag?post=829"}],"curies":[{"name":"wp","href":"https:\/\/api.w.org\/{rel}","templated":true}]}}