{"id":912,"date":"2025-11-17T05:29:47","date_gmt":"2025-11-17T05:29:47","guid":{"rendered":"https:\/\/photo-detector.com\/?post_type=product&#038;p=912"},"modified":"2026-02-09T01:27:57","modified_gmt":"2026-02-09T01:27:57","slug":"fotodiodo-si-pin-de-alta-fiabilidad","status":"publish","type":"product","link":"https:\/\/photo-detector.com\/es\/producto\/fotodiodo-si-pin-de-alta-fiabilidad\/","title":{"rendered":"Si PIN Photodiode Array Dual PD PDCA02-101"},"content":{"rendered":"<table>\n<tbody>\n<tr>\n<td style=\"background-color: #f4a320; width: 1392px; text-align: center; vertical-align: middle;\" colspan=\"6\" width=\"1392\"><strong><b>Doble DP<\/b><\/strong><\/td>\n<\/tr>\n<tr>\n<td style=\"text-align: center; vertical-align: middle;\" width=\"312\"><strong><b>Tipo <\/b><\/strong><strong><b>N<\/b><\/strong><strong><b>o.<\/b><\/strong><\/td>\n<td style=\"text-align: center; vertical-align: middle;\" width=\"216\">PDCA02-101<\/td>\n<td style=\"text-align: center; vertical-align: middle;\" width=\"216\">PDCA02-102<\/td>\n<td style=\"text-align: center; vertical-align: middle;\" width=\"216\">PDCA02-103<\/td>\n<td style=\"text-align: center; vertical-align: middle;\" width=\"216\">PDCA02-104<\/td>\n<td style=\"text-align: center; vertical-align: middle;\" width=\"216\">PDCA02-201<\/td>\n<\/tr>\n<tr>\n<td style=\"text-align: center; vertical-align: middle;\" width=\"312\"><strong><b>Tama\u00f1o del envase (mm)<\/b><\/strong><\/td>\n<td style=\"text-align: center; vertical-align: middle;\" width=\"216\">9.2\u00d74.0\u00d72.0<\/td>\n<td style=\"text-align: center; vertical-align: middle;\" width=\"216\">4\u00d73\u00d71.1<\/td>\n<td style=\"text-align: center; vertical-align: middle;\" width=\"216\">16.5\u00d714.5\u00d71.5<\/td>\n<td style=\"text-align: center; vertical-align: middle;\" width=\"216\">5.4\u00d74.1\u00d71.1<\/td>\n<td style=\"text-align: center; vertical-align: middle;\" width=\"216\">TO5<\/td>\n<\/tr>\n<tr>\n<td style=\"text-align: center; vertical-align: middle;\" width=\"312\"><strong><b>Tama\u00f1o del \u00e1rea fotosensible<\/b><\/strong><strong><b>\u00a0(mm)<\/b><\/strong><\/td>\n<td style=\"text-align: center; vertical-align: middle;\" width=\"216\">4.5\u00d72.5\u30012.5\u00d72.5<\/td>\n<td style=\"text-align: center; vertical-align: middle;\" width=\"216\">2 - 1.6\u00d70.9<\/td>\n<td style=\"text-align: center; vertical-align: middle;\" width=\"216\">2 - 10\u00d75<\/td>\n<td style=\"text-align: center; vertical-align: middle;\" width=\"216\">2 - 1.5\u00d71<\/td>\n<td style=\"text-align: center; vertical-align: middle;\" width=\"216\">2 - 3\u00d71.5<\/td>\n<\/tr>\n<\/tbody>\n<\/table>\n<p><strong>Matriz de fotodiodos PIN de Si de alta fiabilidad<\/strong> garantiza un rendimiento excepcional para sus requisitos de detecci\u00f3n m\u00e1s cr\u00edticos. El modelo PDCA02-101 es un fotodetector especializado de doble elemento dise\u00f1ado por Bee Photon para ofrecer una estabilidad y precisi\u00f3n inigualables en sistemas \u00f3pticos complejos.<\/p>\n<p>A diferencia de los detectores est\u00e1ndar, este <strong>Matriz de fotodiodos PIN de Si de alta fiabilidad<\/strong> cuenta con un robusto dise\u00f1o personalizado que minimiza el ruido de la se\u00f1al y maximiza la sensibilidad en una amplia gama espectral. <strong>9,2 \u00d7 4,0 \u00d7 2,0 mm<\/strong>, por lo que es la opci\u00f3n ideal para instrumentos con limitaciones de espacio que no pueden renunciar a la calidad.<\/p>\n<p><strong>Caracter\u00edsticas principales de PDCA02-101:<\/strong><\/p>\n<ul>\n<li><strong>Estructura avanzada de doble elemento:<\/strong> Dotado de dos zonas fotosensibles distintas (<strong>4,5 \u00d7 2,5 mm<\/strong> y <strong>2,5 \u00d7 2,5 mm<\/strong>), lo que permite una detecci\u00f3n diferencial y una detecci\u00f3n precisa de la posici\u00f3n.<\/li>\n<li><strong>Estabilidad superior:<\/strong> Dise\u00f1ado para mantener una capacidad de respuesta constante durante largos periodos de funcionamiento, lo que reduce la necesidad de recalibrado frecuente.<\/li>\n<li><strong>Baja corriente oscura:<\/strong> Optimizada eficazmente para detectar se\u00f1ales de baja luminosidad con una elevada relaci\u00f3n se\u00f1al\/ruido.<\/li>\n<\/ul>\n<p>Tanto si est\u00e1 desarrollando equipos de diagn\u00f3stico m\u00e9dico, sensores de automatizaci\u00f3n industrial o instrumentos anal\u00edticos de precisi\u00f3n, el <strong>Matriz de fotodiodos PIN de Si de alta fiabilidad<\/strong> Al integrar el PDCA02-101, se asegura de que su sistema se beneficia del compromiso de Bee Photon con la calidad y las soluciones optoelectr\u00f3nicas de alto rendimiento. Actualice hoy mismo sus capacidades de detecci\u00f3n con un detector dise\u00f1ado para ser fiable.<\/p>","protected":false},"excerpt":{"rendered":"<p>La matriz de fotodiodos PIN de Si de alta fiabilidad (modelo: PDCA02-101) es un detector de doble elemento de alta calidad dise\u00f1ado para la detecci\u00f3n \u00f3ptica de precisi\u00f3n. Con un encapsulado compacto de 9,2\u00d74,0\u00d72,0 mm y distintas \u00e1reas fotosensibles, este sensor ofrece una estabilidad superior y una baja corriente oscura para aplicaciones industriales y m\u00e9dicas exigentes.<\/p>","protected":false},"featured_media":917,"template":"","meta":[],"product_brand":[31],"product_cat":[25,37],"product_tag":[528,525,526,105,527,524],"class_list":{"0":"post-912","1":"product","2":"type-product","3":"status-publish","4":"has-post-thumbnail","6":"product_brand-bee-photon","7":"product_cat-si-pin-photodiodes","8":"product_cat-pd-array","9":"product_tag-custom-photodiode-array","10":"product_tag-dual-pd","11":"product_tag-high-reliability","12":"product_tag-high-stability","13":"product_tag-optical-sensing","14":"product_tag-si-pin-photodiode-array","15":"pa_photosensitive-area-size-2-5x2-5","16":"pa_photosensitive-area-size-4-5x2-5","18":"first","19":"instock","20":"shipping-taxable","21":"product-type-simple"},"_links":{"self":[{"href":"https:\/\/photo-detector.com\/es\/wp-json\/wp\/v2\/product\/912","targetHints":{"allow":["GET"]}}],"collection":[{"href":"https:\/\/photo-detector.com\/es\/wp-json\/wp\/v2\/product"}],"about":[{"href":"https:\/\/photo-detector.com\/es\/wp-json\/wp\/v2\/types\/product"}],"wp:featuredmedia":[{"embeddable":true,"href":"https:\/\/photo-detector.com\/es\/wp-json\/wp\/v2\/media\/917"}],"wp:attachment":[{"href":"https:\/\/photo-detector.com\/es\/wp-json\/wp\/v2\/media?parent=912"}],"wp:term":[{"taxonomy":"product_brand","embeddable":true,"href":"https:\/\/photo-detector.com\/es\/wp-json\/wp\/v2\/product_brand?post=912"},{"taxonomy":"product_cat","embeddable":true,"href":"https:\/\/photo-detector.com\/es\/wp-json\/wp\/v2\/product_cat?post=912"},{"taxonomy":"product_tag","embeddable":true,"href":"https:\/\/photo-detector.com\/es\/wp-json\/wp\/v2\/product_tag?post=912"}],"curies":[{"name":"wp","href":"https:\/\/api.w.org\/{rel}","templated":true}]}}