{"id":913,"date":"2025-11-17T05:18:02","date_gmt":"2025-11-17T05:18:02","guid":{"rendered":"https:\/\/photo-detector.com\/?post_type=product&#038;p=913"},"modified":"2026-02-09T01:14:59","modified_gmt":"2026-02-09T01:14:59","slug":"cuadrante-pin-fotodiodo","status":"publish","type":"product","link":"https:\/\/photo-detector.com\/es\/producto\/cuadrante-pin-fotodiodo\/","title":{"rendered":"Matriz de fotodiodos PIN de Si de cuatro cuadrantes PD PDCA04-101"},"content":{"rendered":"<table class=\"aligncenter\">\n<tbody>\n<tr>\n<td style=\"background-color: #f4a320; width: 745px; text-align: center; vertical-align: middle;\" colspan=\"3\" width=\"745\"><strong><b>PD de cuatro cuadrantes<\/b><\/strong><\/td>\n<td style=\"background-color: #f4a320; width: 214px; text-align: center; vertical-align: middle;\" width=\"214\"><strong><b>3\u00d73 p\u00edxeles PD<\/b><\/strong><\/td>\n<\/tr>\n<tr>\n<td style=\"vertical-align: middle; text-align: center;\" width=\"314\"><strong><b>Tipo <\/b><\/strong><strong><b>N<\/b><\/strong><strong><b>o.<\/b><\/strong><\/td>\n<td style=\"vertical-align: middle; text-align: center;\" width=\"214\">PDCA04-101<\/td>\n<td style=\"vertical-align: middle; text-align: center;\" width=\"216\">PDCA04-102<\/td>\n<td style=\"vertical-align: middle; text-align: center;\" width=\"214\">PDCA09-101<\/td>\n<\/tr>\n<tr>\n<td style=\"vertical-align: middle; text-align: center;\" width=\"314\"><strong><b>Paquete <\/b><\/strong><strong><b>talla<\/b><\/strong><strong><b>\u00a0(mm)<\/b><\/strong><\/td>\n<td style=\"vertical-align: middle; text-align: center;\" width=\"214\">10.6\u00d78.8\u00d71.5<\/td>\n<td style=\"vertical-align: middle; text-align: center;\" width=\"216\">16.5\u00d714.5\u00d71.5<\/td>\n<td style=\"vertical-align: middle; text-align: center;\" width=\"214\">7.2\u00d77.2\u00d71.5<\/td>\n<\/tr>\n<tr>\n<td style=\"vertical-align: middle; text-align: center;\" width=\"314\"><strong><b>Tama\u00f1o del \u00e1rea fotosensible<\/b><\/strong><strong><b>\u00a0(mm)<\/b><\/strong><\/td>\n<td style=\"vertical-align: middle; text-align: center;\" width=\"214\">4 - 2.5\u00d72.5<\/td>\n<td style=\"vertical-align: middle; text-align: center;\" width=\"216\">4 - 5\u00d75<\/td>\n<td style=\"vertical-align: middle; text-align: center;\" width=\"214\">9 - 1.1\u00d71.1<\/td>\n<\/tr>\n<\/tbody>\n<\/table>\n<p><img fetchpriority=\"high\" decoding=\"async\" class=\"aligncenter size-full wp-image-915\" src=\"https:\/\/photo-detector.com\/wp-content\/uploads\/2025\/11\/PDCA04-101-pic-scaled.webp\" alt=\"PDCA04-101-pic\" width=\"2560\" height=\"2420\" srcset=\"https:\/\/photo-detector.com\/wp-content\/uploads\/2025\/11\/PDCA04-101-pic-scaled.webp 2560w, https:\/\/photo-detector.com\/wp-content\/uploads\/2025\/11\/PDCA04-101-pic-300x284.webp 300w, https:\/\/photo-detector.com\/wp-content\/uploads\/2025\/11\/PDCA04-101-pic-1024x968.webp 1024w, https:\/\/photo-detector.com\/wp-content\/uploads\/2025\/11\/PDCA04-101-pic-768x726.webp 768w, https:\/\/photo-detector.com\/wp-content\/uploads\/2025\/11\/PDCA04-101-pic-1536x1452.webp 1536w, https:\/\/photo-detector.com\/wp-content\/uploads\/2025\/11\/PDCA04-101-pic-2048x1936.webp 2048w, https:\/\/photo-detector.com\/wp-content\/uploads\/2025\/11\/PDCA04-101-pic-600x567.webp 600w\" sizes=\"(max-width: 2560px) 100vw, 2560px\" \/><\/p>","protected":false},"excerpt":{"rendered":"<p>El fotodiodo PIN cuadrante de Bee Photon garantiza una alineaci\u00f3n del haz l\u00e1ser y una detecci\u00f3n de posici\u00f3n de alta precisi\u00f3n. Este detector ofrece una precisi\u00f3n superior para sus sistemas \u00f3pticos. Nuestros fotodiodos de cuadrante proporcionan una excelente uniformidad para obtener resultados fiables.<\/p>","protected":false},"featured_media":914,"template":"","meta":[],"product_brand":[31],"product_cat":[25,37],"product_tag":[534,530,533,532,100,531,529,173],"class_list":{"0":"post-913","1":"product","2":"type-product","3":"status-publish","4":"has-post-thumbnail","6":"product_brand-bee-photon","7":"product_cat-si-pin-photodiodes","8":"product_cat-pd-array","9":"product_tag-beam-centering","10":"product_tag-four-quadrant-detector","11":"product_tag-high-precision","12":"product_tag-laser-alignment","13":"product_tag-optical-sensor","14":"product_tag-position-sensing","15":"product_tag-quadrant-pin-photodiode","16":"product_tag-si-pin-diode","18":"first","19":"instock","20":"shipping-taxable","21":"product-type-simple"},"_links":{"self":[{"href":"https:\/\/photo-detector.com\/es\/wp-json\/wp\/v2\/product\/913","targetHints":{"allow":["GET"]}}],"collection":[{"href":"https:\/\/photo-detector.com\/es\/wp-json\/wp\/v2\/product"}],"about":[{"href":"https:\/\/photo-detector.com\/es\/wp-json\/wp\/v2\/types\/product"}],"wp:featuredmedia":[{"embeddable":true,"href":"https:\/\/photo-detector.com\/es\/wp-json\/wp\/v2\/media\/914"}],"wp:attachment":[{"href":"https:\/\/photo-detector.com\/es\/wp-json\/wp\/v2\/media?parent=913"}],"wp:term":[{"taxonomy":"product_brand","embeddable":true,"href":"https:\/\/photo-detector.com\/es\/wp-json\/wp\/v2\/product_brand?post=913"},{"taxonomy":"product_cat","embeddable":true,"href":"https:\/\/photo-detector.com\/es\/wp-json\/wp\/v2\/product_cat?post=913"},{"taxonomy":"product_tag","embeddable":true,"href":"https:\/\/photo-detector.com\/es\/wp-json\/wp\/v2\/product_tag?post=913"}],"curies":[{"name":"wp","href":"https:\/\/api.w.org\/{rel}","templated":true}]}}