{"id":918,"date":"2025-11-17T05:30:48","date_gmt":"2025-11-17T05:30:48","guid":{"rendered":"https:\/\/photo-detector.com\/?post_type=product&#038;p=918"},"modified":"2026-02-09T01:40:35","modified_gmt":"2026-02-09T01:40:35","slug":"matriz-de-fotodiodos-para-transmision-de-datos","status":"publish","type":"product","link":"https:\/\/photo-detector.com\/es\/producto\/matriz-de-fotodiodos-para-transmision-de-datos\/","title":{"rendered":"Si PIN Photodiode Array Dual PD PDCA02-103"},"content":{"rendered":"<table>\n<tbody>\n<tr>\n<td style=\"background-color: #f4a320; width: 1392px; text-align: center; vertical-align: middle;\" colspan=\"6\" width=\"1392\"><strong><b>Doble DP<\/b><\/strong><\/td>\n<\/tr>\n<tr>\n<td style=\"text-align: center; vertical-align: middle;\" width=\"312\"><strong><b>Tipo <\/b><\/strong><strong><b>N<\/b><\/strong><strong><b>o.<\/b><\/strong><\/td>\n<td style=\"text-align: center; vertical-align: middle;\" width=\"216\">PDCA02-101<\/td>\n<td style=\"text-align: center; vertical-align: middle;\" width=\"216\">PDCA02-102<\/td>\n<td style=\"text-align: center; vertical-align: middle;\" width=\"216\">PDCA02-103<\/td>\n<td style=\"text-align: center; vertical-align: middle;\" width=\"216\">PDCA02-104<\/td>\n<td style=\"text-align: center; vertical-align: middle;\" width=\"216\">PDCA02-201<\/td>\n<\/tr>\n<tr>\n<td style=\"text-align: center; vertical-align: middle;\" width=\"312\"><strong><b>Tama\u00f1o del envase (mm)<\/b><\/strong><\/td>\n<td style=\"text-align: center; vertical-align: middle;\" width=\"216\">9.2\u00d74.0\u00d72.0<\/td>\n<td style=\"text-align: center; vertical-align: middle;\" width=\"216\">4\u00d73\u00d71.1<\/td>\n<td style=\"text-align: center; vertical-align: middle;\" width=\"216\">16.5\u00d714.5\u00d71.5<\/td>\n<td style=\"text-align: center; vertical-align: middle;\" width=\"216\">5.4\u00d74.1\u00d71.1<\/td>\n<td style=\"text-align: center; vertical-align: middle;\" width=\"216\">TO5<\/td>\n<\/tr>\n<tr>\n<td style=\"text-align: center; vertical-align: middle;\" width=\"312\"><strong><b>Tama\u00f1o del \u00e1rea fotosensible<\/b><\/strong><strong><b>\u00a0(mm)<\/b><\/strong><\/td>\n<td style=\"text-align: center; vertical-align: middle;\" width=\"216\">4.5\u00d72.5\u30012.5\u00d72.5<\/td>\n<td style=\"text-align: center; vertical-align: middle;\" width=\"216\">2 - 1.6\u00d70.9<\/td>\n<td style=\"text-align: center; vertical-align: middle;\" width=\"216\">2 - 10\u00d75<\/td>\n<td style=\"text-align: center; vertical-align: middle;\" width=\"216\">2 - 1.5\u00d71<\/td>\n<td style=\"text-align: center; vertical-align: middle;\" width=\"216\">2 - 3\u00d71.5<\/td>\n<\/tr>\n<\/tbody>\n<\/table>\n<p><img fetchpriority=\"high\" decoding=\"async\" class=\"aligncenter size-full wp-image-919\" src=\"https:\/\/photo-detector.com\/wp-content\/uploads\/2025\/11\/PDCA02-103-pic-scaled.webp\" alt=\"PDCA02-103-pic\" width=\"2560\" height=\"2420\" srcset=\"https:\/\/photo-detector.com\/wp-content\/uploads\/2025\/11\/PDCA02-103-pic-scaled.webp 2560w, https:\/\/photo-detector.com\/wp-content\/uploads\/2025\/11\/PDCA02-103-pic-300x284.webp 300w, https:\/\/photo-detector.com\/wp-content\/uploads\/2025\/11\/PDCA02-103-pic-1024x968.webp 1024w, https:\/\/photo-detector.com\/wp-content\/uploads\/2025\/11\/PDCA02-103-pic-768x726.webp 768w, https:\/\/photo-detector.com\/wp-content\/uploads\/2025\/11\/PDCA02-103-pic-1536x1452.webp 1536w, https:\/\/photo-detector.com\/wp-content\/uploads\/2025\/11\/PDCA02-103-pic-2048x1936.webp 2048w, https:\/\/photo-detector.com\/wp-content\/uploads\/2025\/11\/PDCA02-103-pic-600x567.webp 600w\" sizes=\"(max-width: 2560px) 100vw, 2560px\" \/><\/p>\n<p><strong>Maximice la integridad de la se\u00f1al con la matriz de fotodiodos PIN de silicio PDCA02-103<\/strong><\/p>\n<p>Eleve sus sistemas \u00f3pticos con el <strong>PDCA02-103<\/strong>, una soluci\u00f3n de primera calidad dise\u00f1ada espec\u00edficamente para aplicaciones industriales y comerciales exigentes. Como <strong>Matriz de fotodiodos para transmisi\u00f3n de datos<\/strong>, este componente est\u00e1 dise\u00f1ado para convertir se\u00f1ales \u00f3pticas en datos el\u00e9ctricos con una precisi\u00f3n y fiabilidad inigualables.<\/p>\n<p><strong>Rendimiento y especificaciones inigualables<\/strong><\/p>\n<p>El PDCA02-103 destaca en la gama Bee Photon por su configuraci\u00f3n espec\u00edfica. A diferencia de los fotodiodos est\u00e1ndar, este modelo cuenta con un <strong>Doble PD (doble elemento)<\/strong> por lo que resulta ideal para tareas de detecci\u00f3n diferencial y procesamiento de se\u00f1ales.<\/p>\n<ul>\n<li><strong>Amplia zona activa:<\/strong> Con una superficie fotosensible de <strong>2 - 10\u00d75 mm<\/strong>, La nueva tecnolog\u00eda de detecci\u00f3n \u00f3ptica, que ofrece una capacidad superior de captaci\u00f3n de luz, reduce significativamente la p\u00e9rdida de se\u00f1al y simplifica la alineaci\u00f3n \u00f3ptica.<\/li>\n<li><strong>Embalaje optimizado:<\/strong> Alojado en un resistente <strong>16,5\u00d714,5\u00d71,5 mm<\/strong> equilibra la robustez f\u00edsica con la facilidad de integraci\u00f3n en las placas de circuitos existentes.<\/li>\n<\/ul>\n<p><strong>\u00bfPor qu\u00e9 elegir nuestra matriz de fotodiodos para la transmisi\u00f3n de datos?<\/strong><\/p>\n<p>En el vertiginoso mundo de la fibra \u00f3ptica y las comunicaciones l\u00e1ser, la estabilidad es clave. Este <strong>Matriz de fotodiodos para transmisi\u00f3n de datos<\/strong> utiliza la avanzada tecnolog\u00eda PIN de silicio para ofrecer una alta capacidad de respuesta y un bajo rendimiento de corriente oscura. Tanto si est\u00e1 desarrollando enlaces \u00f3pticos de alta velocidad, detectores de detecci\u00f3n de posici\u00f3n o sistemas de alineaci\u00f3n l\u00e1ser, el PDCA02-103 le ofrece la precisi\u00f3n que su proyecto requiere.<\/p>\n<p><strong>Caracter\u00edsticas principales:<\/strong><\/p>\n<ul>\n<li><strong>Alta sensibilidad:<\/strong> El dise\u00f1o de doble elemento de gran tama\u00f1o maximiza la captura de la se\u00f1al.<\/li>\n<li><strong>Personalizable:<\/strong> Como fabricante l\u00edder, Bee Photon puede adaptar esta <strong>Matriz de fotodiodos para transmisi\u00f3n de datos<\/strong> para satisfacer sus requisitos espec\u00edficos de longitud de onda o conexi\u00f3n.<\/li>\n<li><strong>Funcionamiento fiable:<\/strong> Construidas para soportar entornos operativos rigurosos manteniendo una producci\u00f3n constante.<\/li>\n<\/ul>\n<p>Actualice hoy mismo su capacidad de transmisi\u00f3n de datos con el PDCA02-103, la mejor opci\u00f3n para la precisi\u00f3n \u00f3ptica.<\/p>","protected":false},"excerpt":{"rendered":"<p>En <strong>PDCA02-103<\/strong> es un sistema de alto rendimiento <strong>Matriz de fotodiodos para transmisi\u00f3n de datos<\/strong>, con un robusto dise\u00f1o de doble elemento. Con una gran \u00e1rea fotosensible de 10\u00d75 mm por elemento y un encapsulado compacto de 16,5\u00d714,5 mm, este fotodiodo PIN de silicio garantiza una estabilidad de se\u00f1al y una tolerancia de alineaci\u00f3n excepcionales para sistemas de comunicaci\u00f3n \u00f3ptica avanzados.<\/p>","protected":false},"featured_media":920,"template":"","meta":[],"product_brand":[31],"product_cat":[25,37],"product_tag":[528,128,541,160,542,540,543],"class_list":{"0":"post-918","1":"product","2":"type-product","3":"status-publish","4":"has-post-thumbnail","6":"product_brand-bee-photon","7":"product_cat-si-pin-photodiodes","8":"product_cat-pd-array","9":"product_tag-custom-photodiode-array","10":"product_tag-data-transmission","11":"product_tag-dual-photodiode","12":"product_tag-fiber-optics","13":"product_tag-high-speed-optical-communication","14":"product_tag-photodiode-array-for-data-transmission","15":"product_tag-si-pin-array","16":"pa_photosensitive-area-size-2-10x5","18":"first","19":"instock","20":"shipping-taxable","21":"product-type-simple"},"_links":{"self":[{"href":"https:\/\/photo-detector.com\/es\/wp-json\/wp\/v2\/product\/918","targetHints":{"allow":["GET"]}}],"collection":[{"href":"https:\/\/photo-detector.com\/es\/wp-json\/wp\/v2\/product"}],"about":[{"href":"https:\/\/photo-detector.com\/es\/wp-json\/wp\/v2\/types\/product"}],"wp:featuredmedia":[{"embeddable":true,"href":"https:\/\/photo-detector.com\/es\/wp-json\/wp\/v2\/media\/920"}],"wp:attachment":[{"href":"https:\/\/photo-detector.com\/es\/wp-json\/wp\/v2\/media?parent=918"}],"wp:term":[{"taxonomy":"product_brand","embeddable":true,"href":"https:\/\/photo-detector.com\/es\/wp-json\/wp\/v2\/product_brand?post=918"},{"taxonomy":"product_cat","embeddable":true,"href":"https:\/\/photo-detector.com\/es\/wp-json\/wp\/v2\/product_cat?post=918"},{"taxonomy":"product_tag","embeddable":true,"href":"https:\/\/photo-detector.com\/es\/wp-json\/wp\/v2\/product_tag?post=918"}],"curies":[{"name":"wp","href":"https:\/\/api.w.org\/{rel}","templated":true}]}}