{"id":921,"date":"2025-11-17T05:42:15","date_gmt":"2025-11-17T05:42:15","guid":{"rendered":"https:\/\/photo-detector.com\/?post_type=product&#038;p=921"},"modified":"2026-02-09T01:55:33","modified_gmt":"2026-02-09T01:55:33","slug":"matriz-de-fotodiodos-para-instrumentos-analiticos","status":"publish","type":"product","link":"https:\/\/photo-detector.com\/es\/producto\/matriz-de-fotodiodos-para-instrumentos-analiticos\/","title":{"rendered":"Si PIN Photodiode Array Dual PD PDCA02-201"},"content":{"rendered":"<table>\n<tbody>\n<tr>\n<td style=\"background-color: #f4a320; width: 1392px; text-align: center; vertical-align: middle;\" colspan=\"6\" width=\"1392\"><strong><b>Doble DP<\/b><\/strong><\/td>\n<\/tr>\n<tr>\n<td style=\"text-align: center; vertical-align: middle;\" width=\"312\"><strong><b>Tipo <\/b><\/strong><strong><b>N<\/b><\/strong><strong><b>o.<\/b><\/strong><\/td>\n<td style=\"text-align: center; vertical-align: middle;\" width=\"216\">PDCA02-101<\/td>\n<td style=\"text-align: center; vertical-align: middle;\" width=\"216\">PDCA02-102<\/td>\n<td style=\"text-align: center; vertical-align: middle;\" width=\"216\">PDCA02-103<\/td>\n<td style=\"text-align: center; vertical-align: middle;\" width=\"216\">PDCA02-104<\/td>\n<td style=\"text-align: center; vertical-align: middle;\" width=\"216\">PDCA02-201<\/td>\n<\/tr>\n<tr>\n<td style=\"text-align: center; vertical-align: middle;\" width=\"312\"><strong><b>Tama\u00f1o del envase (mm)<\/b><\/strong><\/td>\n<td style=\"text-align: center; vertical-align: middle;\" width=\"216\">9.2\u00d74.0\u00d72.0<\/td>\n<td style=\"text-align: center; vertical-align: middle;\" width=\"216\">4\u00d73\u00d71.1<\/td>\n<td style=\"text-align: center; vertical-align: middle;\" width=\"216\">16.5\u00d714.5\u00d71.5<\/td>\n<td style=\"text-align: center; vertical-align: middle;\" width=\"216\">5.4\u00d74.1\u00d71.1<\/td>\n<td style=\"text-align: center; vertical-align: middle;\" width=\"216\">TO5<\/td>\n<\/tr>\n<tr>\n<td style=\"text-align: center; vertical-align: middle;\" width=\"312\"><strong><b>Tama\u00f1o del \u00e1rea fotosensible<\/b><\/strong><strong><b>\u00a0(mm)<\/b><\/strong><\/td>\n<td style=\"text-align: center; vertical-align: middle;\" width=\"216\">4.5\u00d72.5\u30012.5\u00d72.5<\/td>\n<td style=\"text-align: center; vertical-align: middle;\" width=\"216\">2 - 1.6\u00d70.9<\/td>\n<td style=\"text-align: center; vertical-align: middle;\" width=\"216\">2 - 10\u00d75<\/td>\n<td style=\"text-align: center; vertical-align: middle;\" width=\"216\">2 - 1.5\u00d71<\/td>\n<td style=\"text-align: center; vertical-align: middle;\" width=\"216\">2 - 3\u00d71.5<\/td>\n<\/tr>\n<\/tbody>\n<\/table>\n<p><img fetchpriority=\"high\" decoding=\"async\" class=\"aligncenter size-full wp-image-922\" src=\"https:\/\/photo-detector.com\/wp-content\/uploads\/2025\/11\/PDCA02-201-pic-scaled.webp\" alt=\"PDCA02-201-pic\" width=\"2560\" height=\"2420\" srcset=\"https:\/\/photo-detector.com\/wp-content\/uploads\/2025\/11\/PDCA02-201-pic-scaled.webp 2560w, https:\/\/photo-detector.com\/wp-content\/uploads\/2025\/11\/PDCA02-201-pic-300x284.webp 300w, https:\/\/photo-detector.com\/wp-content\/uploads\/2025\/11\/PDCA02-201-pic-1024x968.webp 1024w, https:\/\/photo-detector.com\/wp-content\/uploads\/2025\/11\/PDCA02-201-pic-768x726.webp 768w, https:\/\/photo-detector.com\/wp-content\/uploads\/2025\/11\/PDCA02-201-pic-1536x1452.webp 1536w, https:\/\/photo-detector.com\/wp-content\/uploads\/2025\/11\/PDCA02-201-pic-2048x1936.webp 2048w, https:\/\/photo-detector.com\/wp-content\/uploads\/2025\/11\/PDCA02-201-pic-600x567.webp 600w\" sizes=\"(max-width: 2560px) 100vw, 2560px\" \/><\/p>\n<p>En <strong>PDCA02-201<\/strong> es un <strong>Matriz de fotodiodos para instrumentos anal\u00edticos<\/strong>, dise\u00f1ado espec\u00edficamente para satisfacer las rigurosas exigencias de los modernos sistemas de medici\u00f3n \u00f3ptica. Dise\u00f1ado por Bee Photon, este sensor de alto rendimiento combina la avanzada tecnolog\u00eda PIN de silicio con un paquete duradero para garantizar una adquisici\u00f3n de datos fiable en aplicaciones cr\u00edticas.<\/p>\n<h2 id=\"advanced-dual-element-design\">Dise\u00f1o avanzado de doble elemento<\/h2>\n<p>El n\u00facleo del PDCA02-201 es su configuraci\u00f3n especializada de doble elemento. A diferencia de los detectores est\u00e1ndar de un solo punto, este <strong>Matriz de fotodiodos para instrumentos anal\u00edticos<\/strong> presenta dos zonas fotosensibles distintas, cada una de las cuales mide <strong>3\u00d71,5 mm<\/strong>. Esta configuraci\u00f3n permite la detecci\u00f3n multicanal simult\u00e1nea, lo que la convierte en una soluci\u00f3n ideal para tareas de medici\u00f3n diferencial y alineaci\u00f3n precisa de haces.<\/p>\n<h2 id=\"key-features-and-specifications\">Principales caracter\u00edsticas y especificaciones<\/h2>\n<ul>\n<li><strong>Modelo:<\/strong> PDCA02-201<\/li>\n<li><strong>Tipo de envase:<\/strong> TO5 (sellado herm\u00e9ticamente para mayor estabilidad)<\/li>\n<li><strong>Configuraci\u00f3n:<\/strong> Doble PD (2 elementos)<\/li>\n<li><strong>\u00c1rea activa:<\/strong> 2 \u00d7 (3 mm \u00d7 1,5 mm)<\/li>\n<li><strong>Material:<\/strong> PIN de silicio de gran pureza<\/li>\n<li><strong>Rendimiento:<\/strong> Baja corriente oscura y alta sensibilidad espectral.<\/li>\n<\/ul>\n<h2 id=\"optimized-for-precision-applications\">Optimizado para aplicaciones de precisi\u00f3n<\/h2>\n<p>La integraci\u00f3n es perfecta con el PDCA02-201. Su encapsulado met\u00e1lico TO5 est\u00e1ndar en la industria proporciona un excelente blindaje electromagn\u00e9tico y estabilidad t\u00e9rmica, garantizando un rendimiento constante incluso en entornos dif\u00edciles. Tanto si est\u00e1 desarrollando equipos de diagn\u00f3stico m\u00e9dico, cromat\u00f3grafos o monitores de procesos industriales, esta PDCA02-201 es la soluci\u00f3n perfecta. <strong>Matriz de fotodiodos para instrumentos anal\u00edticos<\/strong> ofrece la linealidad y velocidad necesarias para el procesamiento de se\u00f1ales de alta fidelidad.<\/p>\n<p>Elija la PDCA02-201 para su pr\u00f3ximo proyecto y experimente la diferencia en precisi\u00f3n \u00f3ptica.<\/p>","protected":false},"excerpt":{"rendered":"<p>En <strong>PDCA02-201<\/strong> es un <strong>Matriz de fotodiodos para instrumentos anal\u00edticos<\/strong>, con un robusto encapsulado TO5 y dos elementos sensores. Dise\u00f1ado para ofrecer una sensibilidad superior y un bajo nivel de ruido, este detector PIN de Si ofrece una precisi\u00f3n excepcional para aplicaciones de espectroscopia, diagn\u00f3stico m\u00e9dico e investigaci\u00f3n cient\u00edfica.<\/p>","protected":false},"featured_media":923,"template":"","meta":[],"product_brand":[31],"product_cat":[25,37],"product_tag":[111,525,533,295,548,546,547,294],"class_list":{"0":"post-921","1":"product","2":"type-product","3":"status-publish","4":"has-post-thumbnail","6":"product_brand-bee-photon","7":"product_cat-si-pin-photodiodes","8":"product_cat-pd-array","9":"product_tag-analytical-instruments","10":"product_tag-dual-pd","11":"product_tag-high-precision","12":"product_tag-medical-diagnostics","13":"product_tag-photodiode-array","14":"product_tag-photodiode-array-for-analytical-instruments","15":"product_tag-scientific-research","16":"product_tag-spectroscopy","17":"pa_photosensitive-area-size-2-3x1-5","19":"first","20":"instock","21":"shipping-taxable","22":"product-type-simple"},"_links":{"self":[{"href":"https:\/\/photo-detector.com\/es\/wp-json\/wp\/v2\/product\/921","targetHints":{"allow":["GET"]}}],"collection":[{"href":"https:\/\/photo-detector.com\/es\/wp-json\/wp\/v2\/product"}],"about":[{"href":"https:\/\/photo-detector.com\/es\/wp-json\/wp\/v2\/types\/product"}],"wp:featuredmedia":[{"embeddable":true,"href":"https:\/\/photo-detector.com\/es\/wp-json\/wp\/v2\/media\/923"}],"wp:attachment":[{"href":"https:\/\/photo-detector.com\/es\/wp-json\/wp\/v2\/media?parent=921"}],"wp:term":[{"taxonomy":"product_brand","embeddable":true,"href":"https:\/\/photo-detector.com\/es\/wp-json\/wp\/v2\/product_brand?post=921"},{"taxonomy":"product_cat","embeddable":true,"href":"https:\/\/photo-detector.com\/es\/wp-json\/wp\/v2\/product_cat?post=921"},{"taxonomy":"product_tag","embeddable":true,"href":"https:\/\/photo-detector.com\/es\/wp-json\/wp\/v2\/product_tag?post=921"}],"curies":[{"name":"wp","href":"https:\/\/api.w.org\/{rel}","templated":true}]}}