{"id":924,"date":"2025-11-17T05:49:53","date_gmt":"2025-11-17T05:49:53","guid":{"rendered":"https:\/\/photo-detector.com\/?post_type=product&#038;p=924"},"modified":"2026-02-09T02:09:13","modified_gmt":"2026-02-09T02:09:13","slug":"matriz-de-fotodiodos-b2b-si-pin","status":"publish","type":"product","link":"https:\/\/photo-detector.com\/es\/producto\/matriz-de-fotodiodos-b2b-si-pin\/","title":{"rendered":"Conjunto de fotodiodos PIN de Si de cuatro cuadrantes PD PDCA04-102"},"content":{"rendered":"<table class=\"aligncenter\">\n<tbody>\n<tr>\n<td style=\"background-color: #f4a320; width: 745px; text-align: center; vertical-align: middle;\" colspan=\"3\" width=\"745\"><strong><b>PD de cuatro cuadrantes<\/b><\/strong><\/td>\n<td style=\"background-color: #f4a320; width: 214px; text-align: center; vertical-align: middle;\" width=\"214\"><strong><b>3\u00d73 p\u00edxeles PD<\/b><\/strong><\/td>\n<\/tr>\n<tr>\n<td style=\"vertical-align: middle; text-align: center;\" width=\"314\"><strong><b>Tipo <\/b><\/strong><strong><b>N<\/b><\/strong><strong><b>o.<\/b><\/strong><\/td>\n<td style=\"vertical-align: middle; text-align: center;\" width=\"214\">PDCA04-101<\/td>\n<td style=\"vertical-align: middle; text-align: center;\" width=\"216\">PDCA04-102<\/td>\n<td style=\"vertical-align: middle; text-align: center;\" width=\"214\">PDCA09-101<\/td>\n<\/tr>\n<tr>\n<td style=\"vertical-align: middle; text-align: center;\" width=\"314\"><strong><b>Paquete <\/b><\/strong><strong><b>talla<\/b><\/strong><strong><b>\u00a0(mm)<\/b><\/strong><\/td>\n<td style=\"vertical-align: middle; text-align: center;\" width=\"214\">10.6\u00d78.8\u00d71.5<\/td>\n<td style=\"vertical-align: middle; text-align: center;\" width=\"216\">16.5\u00d714.5\u00d71.5<\/td>\n<td style=\"vertical-align: middle; text-align: center;\" width=\"214\">7.2\u00d77.2\u00d71.5<\/td>\n<\/tr>\n<tr>\n<td style=\"vertical-align: middle; text-align: center;\" width=\"314\"><strong><b>Tama\u00f1o del \u00e1rea fotosensible<\/b><\/strong><strong><b>\u00a0(mm)<\/b><\/strong><\/td>\n<td style=\"vertical-align: middle; text-align: center;\" width=\"214\">4 - 2.5\u00d72.5<\/td>\n<td style=\"vertical-align: middle; text-align: center;\" width=\"216\">4 - 5\u00d75<\/td>\n<td style=\"vertical-align: middle; text-align: center;\" width=\"214\">9 - 1.1\u00d71.1<\/td>\n<\/tr>\n<\/tbody>\n<\/table>\n<p><img fetchpriority=\"high\" decoding=\"async\" class=\"aligncenter size-full wp-image-925\" src=\"https:\/\/photo-detector.com\/wp-content\/uploads\/2025\/11\/PDCA04-102-pic-scaled.webp\" alt=\"PDCA04-102-pic\" width=\"2560\" height=\"2420\" srcset=\"https:\/\/photo-detector.com\/wp-content\/uploads\/2025\/11\/PDCA04-102-pic-scaled.webp 2560w, https:\/\/photo-detector.com\/wp-content\/uploads\/2025\/11\/PDCA04-102-pic-300x284.webp 300w, https:\/\/photo-detector.com\/wp-content\/uploads\/2025\/11\/PDCA04-102-pic-1024x968.webp 1024w, https:\/\/photo-detector.com\/wp-content\/uploads\/2025\/11\/PDCA04-102-pic-768x726.webp 768w, https:\/\/photo-detector.com\/wp-content\/uploads\/2025\/11\/PDCA04-102-pic-1536x1452.webp 1536w, https:\/\/photo-detector.com\/wp-content\/uploads\/2025\/11\/PDCA04-102-pic-2048x1936.webp 2048w, https:\/\/photo-detector.com\/wp-content\/uploads\/2025\/11\/PDCA04-102-pic-600x567.webp 600w\" sizes=\"(max-width: 2560px) 100vw, 2560px\" \/><\/p>\n<h2 id=\"high-precision-four-quadrant-si-pin-photodiode-array-pdca04-102-\">Matriz de fotodiodos PIN de Si de cuatro cuadrantes de alta precisi\u00f3n (PDCA04-102)<\/h2>\n<p>Eleve sus sistemas de detecci\u00f3n industrial con el <strong>PDCA04-102<\/strong>, un sistema <strong>B2B Conjunto de fotodiodos PIN de Si<\/strong> dise\u00f1ado por Bee Photon. Dise\u00f1ado espec\u00edficamente para aplicaciones OEM de alta demanda, este detector de cuatro cuadrantes ofrece una fiabilidad y precisi\u00f3n superiores, lo que lo convierte en la opci\u00f3n ideal para aplicaciones de detecci\u00f3n de posici\u00f3n \u00f3ptica, alineaci\u00f3n de rayos l\u00e1ser y anulaci\u00f3n.<\/p>\n<h3 id=\"key-features-specifications\">Caracter\u00edsticas y especificaciones<\/h3>\n<p>La PDCA04-102 destaca por su configuraci\u00f3n de gran \u00e1rea activa, que garantiza una elevada relaci\u00f3n se\u00f1al\/ruido y una resoluci\u00f3n espacial precisa.<\/p>\n<ul>\n<li><strong>Modelo:<\/strong> PDCA04-102<\/li>\n<li><strong>Tipo de detector:<\/strong> Matriz de fotodiodos PIN de Si de cuatro cuadrantes<\/li>\n<li><strong>\u00c1rea fotosensible:<\/strong> 4 elementos, cada uno <strong>5 mm \u00d7 5 mm<\/strong> (\u00c1rea activa total optimizada para la detecci\u00f3n de haz ancho)<\/li>\n<li><strong>Dimensiones del paquete:<\/strong> <strong>16,5 mm \u00d7 14,5 mm \u00d7 1,5 mm<\/strong><\/li>\n<li><strong>Dise\u00f1o:<\/strong> Dise\u00f1o de bajo perfil y montaje en superficie adecuado para la integraci\u00f3n de sistemas compactos.<\/li>\n<\/ul>\n<h3 id=\"why-choose-the-pdca04-102-for-your-application-\">\u00bfPor qu\u00e9 elegir el PDCA04-102 para su aplicaci\u00f3n?<\/h3>\n<p><strong>1. Optimizado para la precisi\u00f3n industrial<\/strong><br \/>\nA diferencia de los detectores est\u00e1ndar de un solo elemento, nuestro <strong>B2B Conjunto de fotodiodos PIN de Si<\/strong> proporciona informaci\u00f3n segmentada, lo que permite un seguimiento preciso de las coordenadas X-Y. El gran tama\u00f1o de p\u00edxel de 5 x 5 mm por cuadrante lo hace especialmente eficaz para captar puntos de haz m\u00e1s grandes y minimizar los errores de alineaci\u00f3n en maquinaria automatizada.<\/p>\n<p><strong>2. Cadena de suministro OEM fiable<\/strong><br \/>\nComo fabricante especializado, Bee Photon garantiza una calidad constante lote a lote. Tanto si est\u00e1 desarrollando equipos m\u00e9dicos, sistemas de guiado l\u00e1ser o conmutadores \u00f3pticos, el PDCA04-102 est\u00e1 fabricado para cumplir los rigurosos est\u00e1ndares industriales.<\/p>\n<p><strong>3. Personalizaci\u00f3n y disponibilidad a granel<\/strong><br \/>\nConocemos las necesidades espec\u00edficas de los clientes B2B. M\u00e1s all\u00e1 del est\u00e1ndar PDCA04-102, ofrecemos opciones de personalizaci\u00f3n flexibles para adaptarnos a sus dise\u00f1os de PCB y requisitos \u00f3pticos espec\u00edficos.<\/p>\n<p><strong>Aplicaciones:<\/strong><\/p>\n<ul>\n<li>Centrado y alineaci\u00f3n de haces l\u00e1ser<\/li>\n<li>Detectores sensibles a la posici\u00f3n (PSD)<\/li>\n<li>Codificadores \u00f3pticos<\/li>\n<li>Sensores solares y seguimiento solar<\/li>\n<li>Control de automatizaci\u00f3n industrial<\/li>\n<\/ul>\n<p><strong>Informaci\u00f3n sobre pedidos<\/strong><br \/>\nP\u00f3ngase en contacto con Bee Photon hoy mismo <strong>B2B Conjunto de fotodiodos PIN de Si<\/strong> requisitos. Ofrecemos precios competitivos para pedidos al por mayor y asistencia t\u00e9cnica completa para garantizar una integraci\u00f3n perfecta en sus productos.<\/p>","protected":false},"excerpt":{"rendered":"<p>En busca de un alto rendimiento <strong>B2B Conjunto de fotodiodos PIN de Si<\/strong> para la detecci\u00f3n de precisi\u00f3n? En <strong>PDCA04-102<\/strong> es un detector premium de cuatro cuadrantes dise\u00f1ado para aplicaciones industriales OEM. Con un robusto encapsulado de 16,5\u00d714,5 mm y cuatro grandes elementos fotosensibles de 5\u00d75 mm, esta matriz ofrece una consistencia y sensibilidad excepcionales para la detecci\u00f3n de posici\u00f3n y los sistemas de alineaci\u00f3n l\u00e1ser. As\u00f3ciese con Bee Photon para obtener una fabricaci\u00f3n a granel fiable y soluciones personalizadas.<\/p>","protected":false},"featured_media":926,"template":"","meta":[],"product_brand":[31],"product_cat":[25,37],"product_tag":[550,554,528,552,151,181,553,551],"class_list":{"0":"post-924","1":"product","2":"type-product","3":"status-publish","4":"has-post-thumbnail","6":"product_brand-bee-photon","7":"product_cat-si-pin-photodiodes","8":"product_cat-pd-array","9":"product_tag-b2b-si-pin-photodiode-array","10":"product_tag-bulk-order","11":"product_tag-custom-photodiode-array","12":"product_tag-four-quadrant","13":"product_tag-industrial-sensor","14":"product_tag-oem-components","15":"product_tag-position-detector","16":"product_tag-si-pin-array-supplier","17":"pa_angle-of-half-intensity-4-5x5","19":"first","20":"instock","21":"shipping-taxable","22":"product-type-simple"},"_links":{"self":[{"href":"https:\/\/photo-detector.com\/es\/wp-json\/wp\/v2\/product\/924","targetHints":{"allow":["GET"]}}],"collection":[{"href":"https:\/\/photo-detector.com\/es\/wp-json\/wp\/v2\/product"}],"about":[{"href":"https:\/\/photo-detector.com\/es\/wp-json\/wp\/v2\/types\/product"}],"wp:featuredmedia":[{"embeddable":true,"href":"https:\/\/photo-detector.com\/es\/wp-json\/wp\/v2\/media\/926"}],"wp:attachment":[{"href":"https:\/\/photo-detector.com\/es\/wp-json\/wp\/v2\/media?parent=924"}],"wp:term":[{"taxonomy":"product_brand","embeddable":true,"href":"https:\/\/photo-detector.com\/es\/wp-json\/wp\/v2\/product_brand?post=924"},{"taxonomy":"product_cat","embeddable":true,"href":"https:\/\/photo-detector.com\/es\/wp-json\/wp\/v2\/product_cat?post=924"},{"taxonomy":"product_tag","embeddable":true,"href":"https:\/\/photo-detector.com\/es\/wp-json\/wp\/v2\/product_tag?post=924"}],"curies":[{"name":"wp","href":"https:\/\/api.w.org\/{rel}","templated":true}]}}